{"id":711628,"date":"2025-08-27T16:47:47","date_gmt":"2025-08-27T13:47:47","guid":{"rendered":"https:\/\/roveyayinevi.com.tr\/index.php\/urun\/ben-kallmannim\/"},"modified":"2026-04-12T02:23:31","modified_gmt":"2026-04-11T23:23:31","slug":"ben-kallmannim","status":"publish","type":"product","link":"https:\/\/roveyayinevi.com.tr\/index.php\/urun\/ben-kallmannim\/","title":{"rendered":"Ben Kallmann\u0131m"},"content":{"rendered":"<p>\u2018\u2019Hastal\u0131ktan de\u011fil, kendimden bahsediyorum.\u2019\u2019   Abdurahman, Do\u011fu T\u00fcrkistan\u2019\u0131n Aksu \u015fehrinde k\u00fc\u00e7\u00fcc\u00fck bir k\u00f6yde do\u011far.  Ailenin ilk erkek evlad\u0131 olarak el \u00fcst\u00fcnde b\u00fcy\u00fct\u00fcl\u00fcrken, v\u00fccudunun akranlar\u0131 gibi geli\u015fmedi\u011fi fark edilir. Ailesi taraf\u0131ndan Allah\u2019\u0131n takdiri olarak d\u00fc\u015f\u00fcn\u00fclen bu farkl\u0131l\u0131\u011f\u0131n kayna\u011f\u0131n\u0131n \u201cKallmann sendromu\u201d ad\u0131nda bir hastal\u0131k oldu\u011funu \u00f6\u011frenmesi uzun y\u0131llar\u0131n\u0131 al\u0131r. Bu y\u0131llar i\u00e7erisinde kendisini eksik ve farkl\u0131 hisseden Abdurahman, memleketinden ayr\u0131l\u0131r ve hem hastal\u0131\u011f\u0131 hem kendisiyle m\u00fccadele etti\u011fi uzun yolculu\u011fu ba\u015flar. Bu yolculukta hep hayalini kurdu\u011fu \u00fclkelere gidecek, hatta uzun metrajl\u0131 bir de film \u00e7ekecektir.   T\u00fcrkiye Cumhuriyeti vatanda\u015f\u0131 olduktan sonra Abdurahman Uygur \u00d6zt\u00fcrk ad\u0131n\u0131 alan bu gen\u00e7 adam\u0131n hik\u00e2yesidir okuyaca\u011f\u0131n\u0131z. T\u00fcrk\u00e7e\u2019yi sonradan \u00f6\u011frendi\u011fi, \u00e7ok az kitap okudu\u011fu halde, kalbinin sesiyle anlatt\u0131\u011f\u0131\/yazd\u0131\u011f\u0131 hayat\u0131; ayn\u0131 dertten mustarip olanlara cesaret verir mi, olmayanlara empati yapt\u0131r\u0131r anla\u015f\u0131lmas\u0131n\u0131 sa\u011flar m\u0131 bilinmez ama k\u00fc\u00e7\u00fck eksikliklerin b\u00fcy\u00fck hayallerin \u00f6n\u00fcne ge\u00e7emeyece\u011fini g\u00f6sterdi\u011fi muhakkak\u2026 <\/p>\n","protected":false},"excerpt":{"rendered":"<p>\u2018\u2019Hastal\u0131ktan de\u011fil, kendimden bahsediyorum.\u2019\u2019 Abdurahman, Do\u011fu T\u00fcrkistan\u2019\u0131n Aksu \u015fehrinde k\u00fc\u00e7\u00fcc\u00fck bir k\u00f6yde do\u011far. Ailenin ilk erkek evlad\u0131 olarak el \u00fcst\u00fcnde b\u00fcy\u00fct\u00fcl\u00fcrken, v\u00fccudunun akranlar\u0131 gibi geli\u015fmedi\u011fi fark<span class=\"excerpt-hellip\"> [\u2026]<\/span><\/p>\n","protected":false},"featured_media":0,"template":"","meta":{"_monsterinsights_skip_tracking":false,"_monsterinsights_sitenote_active":false,"_monsterinsights_sitenote_note":"","_monsterinsights_sitenote_category":0},"product_brand":[],"product_cat":[14009,12291],"product_tag":[],"class_list":{"0":"post-711628","1":"product","2":"type-product","3":"status-publish","5":"product_cat-biyografi-otobiyografi-edebiyat","6":"product_cat-edebiyat","7":"pa_cilt-ciltsiz","8":"pa_tur-kitap","9":"pa_yayinevi-altikirkbes-yayinlari","10":"pa_yazar-a-uygur-ozturk","12":"first","13":"instock","14":"sale","15":"shipping-taxable","16":"purchasable","17":"product-type-simple"},"_links":{"self":[{"href":"https:\/\/roveyayinevi.com.tr\/index.php\/wp-json\/wp\/v2\/product\/711628","targetHints":{"allow":["GET"]}}],"collection":[{"href":"https:\/\/roveyayinevi.com.tr\/index.php\/wp-json\/wp\/v2\/product"}],"about":[{"href":"https:\/\/roveyayinevi.com.tr\/index.php\/wp-json\/wp\/v2\/types\/product"}],"wp:attachment":[{"href":"https:\/\/roveyayinevi.com.tr\/index.php\/wp-json\/wp\/v2\/media?parent=711628"}],"wp:term":[{"taxonomy":"product_brand","embeddable":true,"href":"https:\/\/roveyayinevi.com.tr\/index.php\/wp-json\/wp\/v2\/product_brand?post=711628"},{"taxonomy":"product_cat","embeddable":true,"href":"https:\/\/roveyayinevi.com.tr\/index.php\/wp-json\/wp\/v2\/product_cat?post=711628"},{"taxonomy":"product_tag","embeddable":true,"href":"https:\/\/roveyayinevi.com.tr\/index.php\/wp-json\/wp\/v2\/product_tag?post=711628"}],"curies":[{"name":"wp","href":"https:\/\/api.w.org\/{rel}","templated":true}]}}