{"id":711623,"date":"2025-08-27T16:47:45","date_gmt":"2025-08-27T13:47:45","guid":{"rendered":"https:\/\/roveyayinevi.com.tr\/index.php\/urun\/baris-takimi-turk-devrimini-ogreniyor-baris-takimi-5-kitap\/"},"modified":"2026-04-16T02:20:28","modified_gmt":"2026-04-15T23:20:28","slug":"baris-takimi-turk-devrimini-ogreniyor-baris-takimi-5-kitap","status":"publish","type":"product","link":"https:\/\/roveyayinevi.com.tr\/index.php\/urun\/baris-takimi-turk-devrimini-ogreniyor-baris-takimi-5-kitap\/","title":{"rendered":"Bar\u0131\u015f Tak\u0131m\u0131 T\u00fcrk Devrimini \u00d6\u011freniyor! Bar\u0131\u015f Tak\u0131m\u0131 5. Kitap"},"content":{"rendered":"<p>Art\u0131k Bar\u0131\u015f Tak\u0131m\u0131n\u0131n ba\u015fkan\u0131 Ezgi\u2019yi iyi tan\u0131yorsunuz \u00e7ocuklar\u2026 Ezgi, alt\u0131nc\u0131 s\u0131n\u0131fa ge\u00e7ti\u011fi y\u0131l\u0131n yaz dinlencesini dolu dolu ge\u00e7irdi. Gezdi, g\u00f6rd\u00fc, \u00f6\u011frendi ve \u00e7ok e\u011flendi. \u00d6\u011frendiklerini kendine saklamad\u0131. Bar\u0131\u015f Tak\u0131m\u0131na ve sizlere anlatt\u0131.Yaz biterken \u00e7ok mutluydu. T\u00fcrk Devrimini \u00e7ok iyi \u00f6\u011frenmi\u015fti. T\u00fcrk Devrimi, b\u00fct\u00fcn T\u00fcrkiye Cumhuriyeti yurtta\u015flar\u0131n\u0131 ayd\u0131nlatmak i\u00e7in yap\u0131lm\u0131\u015ft\u0131.Ama bunun i\u00e7in T\u00fcrk Devrimini do\u011fru \u00f6\u011frenmek gerekiyordu. Ezgi de b\u00fct\u00fcn yaz do\u011fru \u00f6\u011frenmek i\u00e7in \u00e7al\u0131\u015ft\u0131 \u00e7abalad\u0131. Bu kitapla Ezgi\u2019nin notlar\u0131 bitiyor; ama \u00f6\u011frenme iste\u011fi bitmiyor. Sizin \u00f6\u011frenme iste\u011finiz de  bitmesin \u00e7ocuklar! <\/p>\n","protected":false},"excerpt":{"rendered":"<p>Art\u0131k Bar\u0131\u015f Tak\u0131m\u0131n\u0131n ba\u015fkan\u0131 Ezgi\u2019yi iyi tan\u0131yorsunuz \u00e7ocuklar\u2026 Ezgi, alt\u0131nc\u0131 s\u0131n\u0131fa ge\u00e7ti\u011fi y\u0131l\u0131n yaz dinlencesini dolu dolu ge\u00e7irdi. Gezdi, g\u00f6rd\u00fc, \u00f6\u011frendi ve \u00e7ok e\u011flendi. \u00d6\u011frendiklerini kendine<span class=\"excerpt-hellip\"> [\u2026]<\/span><\/p>\n","protected":false},"featured_media":0,"template":"","meta":{"_monsterinsights_skip_tracking":false,"_monsterinsights_sitenote_active":false,"_monsterinsights_sitenote_note":"","_monsterinsights_sitenote_category":0},"product_brand":[],"product_cat":[12275,12274],"product_tag":[],"class_list":{"0":"post-711623","1":"product","2":"type-product","3":"status-publish","5":"product_cat-6-12-yas-kitaplari","6":"product_cat-cocuk-ve-genclik-kitaplari","7":"pa_cilt-ciltsiz","8":"pa_tur-kitap","9":"pa_yayinevi-kirmizi-kedi-yayinevi","10":"pa_yazar-sevgi-ozel-ibrahim-dizman","12":"first","13":"instock","14":"sale","15":"shipping-taxable","16":"purchasable","17":"product-type-simple"},"_links":{"self":[{"href":"https:\/\/roveyayinevi.com.tr\/index.php\/wp-json\/wp\/v2\/product\/711623","targetHints":{"allow":["GET"]}}],"collection":[{"href":"https:\/\/roveyayinevi.com.tr\/index.php\/wp-json\/wp\/v2\/product"}],"about":[{"href":"https:\/\/roveyayinevi.com.tr\/index.php\/wp-json\/wp\/v2\/types\/product"}],"wp:attachment":[{"href":"https:\/\/roveyayinevi.com.tr\/index.php\/wp-json\/wp\/v2\/media?parent=711623"}],"wp:term":[{"taxonomy":"product_brand","embeddable":true,"href":"https:\/\/roveyayinevi.com.tr\/index.php\/wp-json\/wp\/v2\/product_brand?post=711623"},{"taxonomy":"product_cat","embeddable":true,"href":"https:\/\/roveyayinevi.com.tr\/index.php\/wp-json\/wp\/v2\/product_cat?post=711623"},{"taxonomy":"product_tag","embeddable":true,"href":"https:\/\/roveyayinevi.com.tr\/index.php\/wp-json\/wp\/v2\/product_tag?post=711623"}],"curies":[{"name":"wp","href":"https:\/\/api.w.org\/{rel}","templated":true}]}}