{"id":711619,"date":"2025-08-27T16:47:43","date_gmt":"2025-08-27T13:47:43","guid":{"rendered":"https:\/\/roveyayinevi.com.tr\/index.php\/urun\/egitimde-teknoloji-entegrasyonunun-kurumsal-temelleri\/"},"modified":"2026-04-16T02:20:28","modified_gmt":"2026-04-15T23:20:28","slug":"egitimde-teknoloji-entegrasyonunun-kurumsal-temelleri","status":"publish","type":"product","link":"https:\/\/roveyayinevi.com.tr\/index.php\/urun\/egitimde-teknoloji-entegrasyonunun-kurumsal-temelleri\/","title":{"rendered":"E\u011fitimde Teknoloji Entegrasyonunun Kurumsal Temelleri"},"content":{"rendered":"<p>21. Y\u00fczy\u0131l ile birlikte bir\u00e7ok \u015fey de\u011fi\u015fmekte ve bu de\u011fi\u015fim h\u0131zla devam etmektedir. Teknoloji evriminin ba\u015flang\u0131c\u0131nda olmam\u0131za ra\u011fmen; teknolojide ya\u015fanan de\u011fi\u015fimler bir\u00e7ok alan\u0131 daha \u015fimdiden etkilemi\u015ftir. Teknolojideki h\u0131zl\u0131 de\u011fi\u015fim ve geli\u015fim insano\u011flunun gelece\u011fi i\u00e7in hem umut hem de endi\u015fe verici olarak g\u00f6r\u00fclmektedir. Bu s\u00fcre\u00e7te e\u011fitimcilerin de umut etti\u011fi gibi, teknolojinin e\u011fitim alan\u0131na etkileri kendini iyice hissettirmeye ba\u015flam\u0131\u015ft\u0131r. E\u011fitim sistemi, her \u00e7a\u011fda insanlar\u0131n en \u00e7ok geli\u015ftirmek istedi\u011fi ve yeni paradigmalar\u0131 uygulamaya \u00e7al\u0131\u015ft\u0131\u011f\u0131 bir alan olmu\u015ftur. Y\u00fczy\u0131llard\u0131r \u00f6\u011frenmenin nas\u0131l ger\u00e7ekle\u015fti\u011fi merak edilmekte ve en etkili \u00f6\u011frenme yollar\u0131 ara\u015ft\u0131r\u0131lmaktad\u0131r. K\u00fcreselle\u015fme ile birlikte bilgi ve teknoloji \u00e7a\u011f\u0131nda oldu\u011fumuz d\u00fc\u015f\u00fcn\u00fcld\u00fc\u011f\u00fcnde, art\u0131k bunun i\u00e7in etkili bir yol buldu\u011fumuz s\u00f6ylenebilir. <\/p>\n","protected":false},"excerpt":{"rendered":"<p>21. Y\u00fczy\u0131l ile birlikte bir\u00e7ok \u015fey de\u011fi\u015fmekte ve bu de\u011fi\u015fim h\u0131zla devam etmektedir. Teknoloji evriminin ba\u015flang\u0131c\u0131nda olmam\u0131za ra\u011fmen; teknolojide ya\u015fanan de\u011fi\u015fimler bir\u00e7ok alan\u0131 daha \u015fimdiden etkilemi\u015ftir.<span class=\"excerpt-hellip\"> [\u2026]<\/span><\/p>\n","protected":false},"featured_media":0,"template":"","meta":{"_monsterinsights_skip_tracking":false,"_monsterinsights_sitenote_active":false,"_monsterinsights_sitenote_note":"","_monsterinsights_sitenote_category":0},"product_brand":[],"product_cat":[12312,12304],"product_tag":[],"class_list":{"0":"post-711619","1":"product","2":"type-product","3":"status-publish","5":"product_cat-diger","6":"product_cat-tarih","7":"pa_cilt-ciltsiz","8":"pa_tur-kitap","9":"pa_yayinevi-ani-yayincilik","10":"pa_yazar-selim-gunuc","12":"first","13":"instock","14":"sale","15":"shipping-taxable","16":"purchasable","17":"product-type-simple"},"_links":{"self":[{"href":"https:\/\/roveyayinevi.com.tr\/index.php\/wp-json\/wp\/v2\/product\/711619","targetHints":{"allow":["GET"]}}],"collection":[{"href":"https:\/\/roveyayinevi.com.tr\/index.php\/wp-json\/wp\/v2\/product"}],"about":[{"href":"https:\/\/roveyayinevi.com.tr\/index.php\/wp-json\/wp\/v2\/types\/product"}],"wp:attachment":[{"href":"https:\/\/roveyayinevi.com.tr\/index.php\/wp-json\/wp\/v2\/media?parent=711619"}],"wp:term":[{"taxonomy":"product_brand","embeddable":true,"href":"https:\/\/roveyayinevi.com.tr\/index.php\/wp-json\/wp\/v2\/product_brand?post=711619"},{"taxonomy":"product_cat","embeddable":true,"href":"https:\/\/roveyayinevi.com.tr\/index.php\/wp-json\/wp\/v2\/product_cat?post=711619"},{"taxonomy":"product_tag","embeddable":true,"href":"https:\/\/roveyayinevi.com.tr\/index.php\/wp-json\/wp\/v2\/product_tag?post=711619"}],"curies":[{"name":"wp","href":"https:\/\/api.w.org\/{rel}","templated":true}]}}