{"id":711618,"date":"2025-08-27T16:47:42","date_gmt":"2025-08-27T13:47:42","guid":{"rendered":"https:\/\/roveyayinevi.com.tr\/index.php\/urun\/turkiyede-yonetim-becerileri-ve-liderlik\/"},"modified":"2026-04-16T02:20:28","modified_gmt":"2026-04-15T23:20:28","slug":"turkiyede-yonetim-becerileri-ve-liderlik","status":"publish","type":"product","link":"https:\/\/roveyayinevi.com.tr\/index.php\/urun\/turkiyede-yonetim-becerileri-ve-liderlik\/","title":{"rendered":"T\u00fcrkiye&#8217;de Y\u00f6netim Becerileri ve Liderlik"},"content":{"rendered":"<p>Kitap, liderlik ve y\u00f6netimin bize \u00f6zg\u00fc y\u00f6nlerini ele almaktad\u0131r. Liderlik alan\u0131nda binlerce eser v\u00fccut bulmu\u015fve bunlar\u0131n hemen hemen tamam\u0131na yak\u0131n\u0131 Bat\u0131 d\u00fcnyas\u0131n\u0131n iklimine uygun olarak tasarlanm\u0131\u015ft\u0131r. Buproblemi hisseden bilim insanlar\u0131m\u0131z\u0131n pek az\u0131, \u00fclkemize \u00f6zg\u00fc liderli\u011fi ele alabilmi\u015ftir. Di\u011fer ara\u015ft\u0131rmac\u0131larise, y\u00f6n\u00fcn\u00fc Bat\u0131\u2019ya d\u00f6nerek, \u201c\u00e7eviri y\u00f6ntemi\u201dni tercih etmektedir. Bu kitapta Bat\u0131 k\u00fclt\u00fcr\u00fcn\u00fcn hassasiyetinita\u015f\u0131d\u0131\u011f\u0131na inand\u0131\u011f\u0131m\u0131z kaynaklara pek itibar edilmemi\u015ftir. Bilim ortak dili konu\u015fur. Ortakl\u0131\u011f\u0131m\u0131z\u0131 i\u00e7erenbulgular (s\u0131n\u0131rl\u0131 da olsa), pek tabii olarak i\u00e7erikte yer bulmu\u015ftur. Bu kitab\u0131n, gerek siyasette gerekse de i\u015fd\u00fcnyas\u0131nda, y\u00f6netimin ve liderli\u011fin \u015fifrelerini sunaca\u011f\u0131na inan\u0131yoruz. Kitap, \u00fc\u00e7 b\u00f6l\u00fcmden olu\u015fmaktad\u0131r. \u0130lkb\u00f6l\u00fcmde liderlikle ilgili; \u00f6l\u00e7\u00fclebilen, g\u00f6zlemlenebilen sosyoloji, tarih ve psikoloji ile ifade edebilece\u011fimizara\u015ft\u0131rmalar yer bulmu\u015ftur. \u0130kinci b\u00f6l\u00fcm; y\u00f6netim ve liderli\u011fin duygu boyutunu ele almaktad\u0131r. Sonb\u00f6l\u00fcmde ise; duygu ve akl\u0131n birlikteli\u011finin y\u00f6netimdeki etkileri ortaya konulmaktad\u0131r. <\/p>\n","protected":false},"excerpt":{"rendered":"<p>Kitap, liderlik ve y\u00f6netimin bize \u00f6zg\u00fc y\u00f6nlerini ele almaktad\u0131r. Liderlik alan\u0131nda binlerce eser v\u00fccut bulmu\u015fve bunlar\u0131n hemen hemen tamam\u0131na yak\u0131n\u0131 Bat\u0131 d\u00fcnyas\u0131n\u0131n iklimine uygun olarak tasarlanm\u0131\u015ft\u0131r.<span class=\"excerpt-hellip\"> [\u2026]<\/span><\/p>\n","protected":false},"featured_media":0,"template":"","meta":{"_monsterinsights_skip_tracking":false,"_monsterinsights_sitenote_active":false,"_monsterinsights_sitenote_note":"","_monsterinsights_sitenote_category":0},"product_brand":[],"product_cat":[13043,19008],"product_tag":[],"class_list":{"0":"post-711618","1":"product","2":"type-product","3":"status-publish","5":"product_cat-ekonomi","6":"product_cat-yonetim","7":"pa_cilt-ciltsiz","8":"pa_tur-kitap","9":"pa_yayinevi-ani-yayincilik","10":"pa_yazar-kamil-sonmez","12":"first","13":"instock","14":"sale","15":"shipping-taxable","16":"purchasable","17":"product-type-simple"},"_links":{"self":[{"href":"https:\/\/roveyayinevi.com.tr\/index.php\/wp-json\/wp\/v2\/product\/711618","targetHints":{"allow":["GET"]}}],"collection":[{"href":"https:\/\/roveyayinevi.com.tr\/index.php\/wp-json\/wp\/v2\/product"}],"about":[{"href":"https:\/\/roveyayinevi.com.tr\/index.php\/wp-json\/wp\/v2\/types\/product"}],"wp:attachment":[{"href":"https:\/\/roveyayinevi.com.tr\/index.php\/wp-json\/wp\/v2\/media?parent=711618"}],"wp:term":[{"taxonomy":"product_brand","embeddable":true,"href":"https:\/\/roveyayinevi.com.tr\/index.php\/wp-json\/wp\/v2\/product_brand?post=711618"},{"taxonomy":"product_cat","embeddable":true,"href":"https:\/\/roveyayinevi.com.tr\/index.php\/wp-json\/wp\/v2\/product_cat?post=711618"},{"taxonomy":"product_tag","embeddable":true,"href":"https:\/\/roveyayinevi.com.tr\/index.php\/wp-json\/wp\/v2\/product_tag?post=711618"}],"curies":[{"name":"wp","href":"https:\/\/api.w.org\/{rel}","templated":true}]}}