{"id":711617,"date":"2025-08-27T16:47:42","date_gmt":"2025-08-27T13:47:42","guid":{"rendered":"https:\/\/roveyayinevi.com.tr\/index.php\/urun\/kucuk-hayvanlar\/"},"modified":"2026-04-16T02:20:28","modified_gmt":"2026-04-15T23:20:28","slug":"kucuk-hayvanlar","status":"publish","type":"product","link":"https:\/\/roveyayinevi.com.tr\/index.php\/urun\/kucuk-hayvanlar\/","title":{"rendered":"K\u00fc\u00e7\u00fck Hayvanlar"},"content":{"rendered":"<p>K\u00fc\u00e7\u00fck Hayvanlar her yerde! Peki biz onlar\u0131n ne kadar fark\u0131nday\u0131z? Sizi hemen her g\u00fcn kar\u015f\u0131la\u015ft\u0131\u011f\u0131m\u0131z ama yanlar\u0131ndan \u00f6ylece ge\u00e7ip gitti\u011fimiz, fark\u0131na varmad\u0131\u011f\u0131m\u0131z k\u00fc\u00e7\u00fck hayvanlarla tan\u0131\u015fmaya, onlar\u0131 anlamaya davet ediyoruz.K\u00fc\u00e7\u00fck hayvanlar kitab\u0131, beraber ya\u015fad\u0131\u011f\u0131m\u0131z hayvanlarla aram\u0131zdaki ba\u011f\u0131 kuvvetlendiriyor. Sordu\u011fu sorularla empati duygusunu geli\u015ftirerek, onlar\u0131n ya\u015famlar\u0131n\u0131 anlamak i\u00e7in tasarlanm\u0131\u015f \u00e7e\u015fitli etkinlikleriyle bizlere k\u00fc\u00e7\u00fck hayvanlar\u0131n d\u00fcnyas\u0131n\u0131n farkl\u0131 kap\u0131lar\u0131n\u0131 aral\u0131yor.<\/p>\n","protected":false},"excerpt":{"rendered":"<p>K\u00fc\u00e7\u00fck Hayvanlar her yerde! Peki biz onlar\u0131n ne kadar fark\u0131nday\u0131z? Sizi hemen her g\u00fcn kar\u015f\u0131la\u015ft\u0131\u011f\u0131m\u0131z ama yanlar\u0131ndan \u00f6ylece ge\u00e7ip gitti\u011fimiz, fark\u0131na varmad\u0131\u011f\u0131m\u0131z k\u00fc\u00e7\u00fck hayvanlarla tan\u0131\u015fmaya, onlar\u0131<span class=\"excerpt-hellip\"> [\u2026]<\/span><\/p>\n","protected":false},"featured_media":0,"template":"","meta":{"_monsterinsights_skip_tracking":false,"_monsterinsights_sitenote_active":false,"_monsterinsights_sitenote_note":"","_monsterinsights_sitenote_category":0},"product_brand":[],"product_cat":[12913,12274],"product_tag":[],"class_list":{"0":"post-711617","1":"product","2":"type-product","3":"status-publish","5":"product_cat-3-6-yas-kitaplari","6":"product_cat-cocuk-ve-genclik-kitaplari","7":"pa_cilt-ciltsiz","8":"pa_tur-kitap","9":"pa_yayinevi-yeni-insan-yayinlari","10":"pa_yazar-bahar-havzali-sener","12":"first","13":"instock","14":"sale","15":"shipping-taxable","16":"purchasable","17":"product-type-simple"},"_links":{"self":[{"href":"https:\/\/roveyayinevi.com.tr\/index.php\/wp-json\/wp\/v2\/product\/711617","targetHints":{"allow":["GET"]}}],"collection":[{"href":"https:\/\/roveyayinevi.com.tr\/index.php\/wp-json\/wp\/v2\/product"}],"about":[{"href":"https:\/\/roveyayinevi.com.tr\/index.php\/wp-json\/wp\/v2\/types\/product"}],"wp:attachment":[{"href":"https:\/\/roveyayinevi.com.tr\/index.php\/wp-json\/wp\/v2\/media?parent=711617"}],"wp:term":[{"taxonomy":"product_brand","embeddable":true,"href":"https:\/\/roveyayinevi.com.tr\/index.php\/wp-json\/wp\/v2\/product_brand?post=711617"},{"taxonomy":"product_cat","embeddable":true,"href":"https:\/\/roveyayinevi.com.tr\/index.php\/wp-json\/wp\/v2\/product_cat?post=711617"},{"taxonomy":"product_tag","embeddable":true,"href":"https:\/\/roveyayinevi.com.tr\/index.php\/wp-json\/wp\/v2\/product_tag?post=711617"}],"curies":[{"name":"wp","href":"https:\/\/api.w.org\/{rel}","templated":true}]}}