{"id":711616,"date":"2025-08-27T16:47:41","date_gmt":"2025-08-27T13:47:41","guid":{"rendered":"https:\/\/roveyayinevi.com.tr\/index.php\/urun\/bir-agac-buyuyor\/"},"modified":"2026-04-16T02:20:28","modified_gmt":"2026-04-15T23:20:28","slug":"bir-agac-buyuyor","status":"publish","type":"product","link":"https:\/\/roveyayinevi.com.tr\/index.php\/urun\/bir-agac-buyuyor\/","title":{"rendered":"Bir A\u011fa\u00e7 B\u00fcy\u00fcyor"},"content":{"rendered":"<p>Bir me\u015fe palamudunun filizlenip, b\u00fcy\u00fck ve g\u00fczel bir me\u015fe a\u011fac\u0131na d\u00f6n\u00fc\u015f\u00fcm\u00fcn\u00fc, ad\u0131m ad\u0131m g\u00f6zlemlemek istemez misiniz?   NationalGeographic\u2019in uzman foto\u011fraf\u00e7\u0131lar\u0131n\u0131n imzas\u0131n\u0131 ta\u015f\u0131yan g\u00f6rseller, zengin bir i\u00e7erik olarak bu kitapta bir araya geldi. NationalGeographicKids\u2019in okul \u00f6ncesi \u00e7ocuklar i\u00e7in haz\u0131rlad\u0131\u011f\u0131 e\u011flenceli seri D\u00fcnyam\u0131z\u0131 Ke\u015ffedin\u2019in en yeni kitaplar\u0131ndan Bir A\u011fa\u00e7 B\u00fcy\u00fcyor, \u00e7ocuklar\u0131n \u00e7evrelerindeki d\u00fcnyay\u0131 ke\u015ffetmelerini sa\u011flayacak! <\/p>\n","protected":false},"excerpt":{"rendered":"<p>Bir me\u015fe palamudunun filizlenip, b\u00fcy\u00fck ve g\u00fczel bir me\u015fe a\u011fac\u0131na d\u00f6n\u00fc\u015f\u00fcm\u00fcn\u00fc, ad\u0131m ad\u0131m g\u00f6zlemlemek istemez misiniz? NationalGeographic\u2019in uzman foto\u011fraf\u00e7\u0131lar\u0131n\u0131n imzas\u0131n\u0131 ta\u015f\u0131yan g\u00f6rseller, zengin bir i\u00e7erik olarak<span class=\"excerpt-hellip\"> [\u2026]<\/span><\/p>\n","protected":false},"featured_media":0,"template":"","meta":{"_monsterinsights_skip_tracking":false,"_monsterinsights_sitenote_active":false,"_monsterinsights_sitenote_note":"","_monsterinsights_sitenote_category":0},"product_brand":[],"product_cat":[22249,13527],"product_tag":[],"class_list":{"0":"post-711616","1":"product","2":"type-product","3":"status-publish","5":"product_cat-bilim","6":"product_cat-sureli-yayinlar","7":"pa_cilt-ciltsiz","8":"pa_tur-kitap","9":"pa_yayinevi-beta-kids","10":"pa_yazar-marfe-ferguson-delano","12":"first","13":"instock","14":"sale","15":"shipping-taxable","16":"purchasable","17":"product-type-simple"},"_links":{"self":[{"href":"https:\/\/roveyayinevi.com.tr\/index.php\/wp-json\/wp\/v2\/product\/711616","targetHints":{"allow":["GET"]}}],"collection":[{"href":"https:\/\/roveyayinevi.com.tr\/index.php\/wp-json\/wp\/v2\/product"}],"about":[{"href":"https:\/\/roveyayinevi.com.tr\/index.php\/wp-json\/wp\/v2\/types\/product"}],"wp:attachment":[{"href":"https:\/\/roveyayinevi.com.tr\/index.php\/wp-json\/wp\/v2\/media?parent=711616"}],"wp:term":[{"taxonomy":"product_brand","embeddable":true,"href":"https:\/\/roveyayinevi.com.tr\/index.php\/wp-json\/wp\/v2\/product_brand?post=711616"},{"taxonomy":"product_cat","embeddable":true,"href":"https:\/\/roveyayinevi.com.tr\/index.php\/wp-json\/wp\/v2\/product_cat?post=711616"},{"taxonomy":"product_tag","embeddable":true,"href":"https:\/\/roveyayinevi.com.tr\/index.php\/wp-json\/wp\/v2\/product_tag?post=711616"}],"curies":[{"name":"wp","href":"https:\/\/api.w.org\/{rel}","templated":true}]}}