{"id":711615,"date":"2025-08-27T16:47:41","date_gmt":"2025-08-27T13:47:41","guid":{"rendered":"https:\/\/roveyayinevi.com.tr\/index.php\/urun\/peki-ama-neden-bilim-ve-teknik\/"},"modified":"2026-04-16T02:20:28","modified_gmt":"2026-04-15T23:20:28","slug":"peki-ama-neden-bilim-ve-teknik","status":"publish","type":"product","link":"https:\/\/roveyayinevi.com.tr\/index.php\/urun\/peki-ama-neden-bilim-ve-teknik\/","title":{"rendered":"Peki Ama Neden? Bilim Ve Teknik"},"content":{"rendered":"<p>Bilgisayarlara neden vir\u00fcs bula\u015f\u0131r? Posta pullar\u0131n\u0131n kenarlar\u0131 neden t\u0131rt\u0131kl\u0131d\u0131r? U\u00e7aklar arkalar\u0131nda neden duman izi b\u0131rak\u0131r?   SEN YETER K\u0130 MERAK ET!       PEK\u0130 ama NEDEN?serisi dev bir bilgi kasesi. \u0130ster avu\u00e7 avu\u00e7 h\u00fcplet, ister e\u011flenceli bir oyuna \u00e7evirmek i\u00e7in arkada\u015flar\u0131na da ikram et.   Haydi o zaman, bilimin sihir kokan d\u00fcnyas\u0131na giri\u015f vakti. <\/p>\n","protected":false},"excerpt":{"rendered":"<p>Bilgisayarlara neden vir\u00fcs bula\u015f\u0131r? Posta pullar\u0131n\u0131n kenarlar\u0131 neden t\u0131rt\u0131kl\u0131d\u0131r? U\u00e7aklar arkalar\u0131nda neden duman izi b\u0131rak\u0131r? SEN YETER K\u0130 MERAK ET! PEK\u0130 ama NEDEN?serisi dev bir bilgi<span class=\"excerpt-hellip\"> [\u2026]<\/span><\/p>\n","protected":false},"featured_media":0,"template":"","meta":{"_monsterinsights_skip_tracking":false,"_monsterinsights_sitenote_active":false,"_monsterinsights_sitenote_note":"","_monsterinsights_sitenote_category":0},"product_brand":[],"product_cat":[22249,13527],"product_tag":[],"class_list":{"0":"post-711615","1":"product","2":"type-product","3":"status-publish","5":"product_cat-bilim","6":"product_cat-sureli-yayinlar","7":"pa_cilt-ciltsiz","8":"pa_tur-kitap","9":"pa_yayinevi-domingo-yayinevi","10":"pa_yazar-giuliana-rotondi","12":"first","13":"instock","14":"sale","15":"shipping-taxable","16":"purchasable","17":"product-type-simple"},"_links":{"self":[{"href":"https:\/\/roveyayinevi.com.tr\/index.php\/wp-json\/wp\/v2\/product\/711615","targetHints":{"allow":["GET"]}}],"collection":[{"href":"https:\/\/roveyayinevi.com.tr\/index.php\/wp-json\/wp\/v2\/product"}],"about":[{"href":"https:\/\/roveyayinevi.com.tr\/index.php\/wp-json\/wp\/v2\/types\/product"}],"wp:attachment":[{"href":"https:\/\/roveyayinevi.com.tr\/index.php\/wp-json\/wp\/v2\/media?parent=711615"}],"wp:term":[{"taxonomy":"product_brand","embeddable":true,"href":"https:\/\/roveyayinevi.com.tr\/index.php\/wp-json\/wp\/v2\/product_brand?post=711615"},{"taxonomy":"product_cat","embeddable":true,"href":"https:\/\/roveyayinevi.com.tr\/index.php\/wp-json\/wp\/v2\/product_cat?post=711615"},{"taxonomy":"product_tag","embeddable":true,"href":"https:\/\/roveyayinevi.com.tr\/index.php\/wp-json\/wp\/v2\/product_tag?post=711615"}],"curies":[{"name":"wp","href":"https:\/\/api.w.org\/{rel}","templated":true}]}}