{"id":711614,"date":"2025-08-27T16:47:40","date_gmt":"2025-08-27T13:47:40","guid":{"rendered":"https:\/\/roveyayinevi.com.tr\/index.php\/urun\/peki-ama-neden-hayvanlar\/"},"modified":"2026-04-16T02:20:28","modified_gmt":"2026-04-15T23:20:28","slug":"peki-ama-neden-hayvanlar","status":"publish","type":"product","link":"https:\/\/roveyayinevi.com.tr\/index.php\/urun\/peki-ama-neden-hayvanlar\/","title":{"rendered":"Peki Ama Neden? Hayvanlar"},"content":{"rendered":"<p>Kediler neden kumlar\u0131 sever? Dinozorlar neden yok oldu? Zebralar neden \u00e7izgilidir?  SEN YETER K\u0130 MERAK ET!  PEK\u0130 ama NEDEN? serisi dev bir bilgi kasesi. \u0130ster avu\u00e7 avu\u00e7 h\u00fcplet, ister e\u011flenceli bir oyuna \u00e7evirmek i\u00e7in arkada\u015flar\u0131na da ikram et.   E\u011fer haz\u0131rsan, ak\u0131lalmaz bilgilerle dolu hayvanlar alemi yolculu\u011fumuz ba\u015flas\u0131n.<\/p>\n","protected":false},"excerpt":{"rendered":"<p>Kediler neden kumlar\u0131 sever? Dinozorlar neden yok oldu? Zebralar neden \u00e7izgilidir? SEN YETER K\u0130 MERAK ET! PEK\u0130 ama NEDEN? serisi dev bir bilgi kasesi. \u0130ster avu\u00e7<span class=\"excerpt-hellip\"> [\u2026]<\/span><\/p>\n","protected":false},"featured_media":0,"template":"","meta":{"_monsterinsights_skip_tracking":false,"_monsterinsights_sitenote_active":false,"_monsterinsights_sitenote_note":"","_monsterinsights_sitenote_category":0},"product_brand":[],"product_cat":[22249,13527],"product_tag":[],"class_list":{"0":"post-711614","1":"product","2":"type-product","3":"status-publish","5":"product_cat-bilim","6":"product_cat-sureli-yayinlar","7":"pa_cilt-ciltsiz","8":"pa_tur-kitap","9":"pa_yayinevi-domingo-yayinevi","10":"pa_yazar-giuliana-rotondi","12":"first","13":"instock","14":"sale","15":"shipping-taxable","16":"purchasable","17":"product-type-simple"},"_links":{"self":[{"href":"https:\/\/roveyayinevi.com.tr\/index.php\/wp-json\/wp\/v2\/product\/711614","targetHints":{"allow":["GET"]}}],"collection":[{"href":"https:\/\/roveyayinevi.com.tr\/index.php\/wp-json\/wp\/v2\/product"}],"about":[{"href":"https:\/\/roveyayinevi.com.tr\/index.php\/wp-json\/wp\/v2\/types\/product"}],"wp:attachment":[{"href":"https:\/\/roveyayinevi.com.tr\/index.php\/wp-json\/wp\/v2\/media?parent=711614"}],"wp:term":[{"taxonomy":"product_brand","embeddable":true,"href":"https:\/\/roveyayinevi.com.tr\/index.php\/wp-json\/wp\/v2\/product_brand?post=711614"},{"taxonomy":"product_cat","embeddable":true,"href":"https:\/\/roveyayinevi.com.tr\/index.php\/wp-json\/wp\/v2\/product_cat?post=711614"},{"taxonomy":"product_tag","embeddable":true,"href":"https:\/\/roveyayinevi.com.tr\/index.php\/wp-json\/wp\/v2\/product_tag?post=711614"}],"curies":[{"name":"wp","href":"https:\/\/api.w.org\/{rel}","templated":true}]}}