{"id":711611,"date":"2025-08-27T16:47:39","date_gmt":"2025-08-27T13:47:39","guid":{"rendered":"https:\/\/roveyayinevi.com.tr\/index.php\/urun\/issiz-kar-taneleri\/"},"modified":"2026-04-16T02:20:28","modified_gmt":"2026-04-15T23:20:28","slug":"issiz-kar-taneleri","status":"publish","type":"product","link":"https:\/\/roveyayinevi.com.tr\/index.php\/urun\/issiz-kar-taneleri\/","title":{"rendered":"Iss\u0131z Kar Taneleri"},"content":{"rendered":"<p>Kar taneleri kaybedilmi\u015f bir \u00e7ocukluk i\u00e7in d\u00f6k\u00fclen g\u00f6zya\u015f\u0131n\u0131 \u015fefkatle kucaklar\u2026Sovyetler Birli\u011fi\u2019nin gelece\u011finin belirsizli\u011finde b\u00fcy\u00fcyen \u00fc\u00e7 k\u00fc\u00e7\u00fck k\u0131z\u2026 Sofi ve kuzenleri Natalia ile Lena\u2026 Ayn\u0131 hayalleri ve ayn\u0131 g\u00fcnahlar\u0131 payla\u015facak olan bu \u00fc\u00e7 arkada\u015f, bir s\u00f6z verirler. Nerede olurlarsa olsunlar asla birbirlerini b\u0131rakmayacaklard\u0131r. Ancak k\u0131\u015f f\u0131rt\u0131nay\u0131 da beraberinde getirir.B\u00fcy\u00fcd\u00fck\u00e7e her biri farkl\u0131 yerlere, farkl\u0131 hayatlara savrulur. Hayatlar\u0131na kar\u015f\u0131 duyduklar\u0131 tatminsizlikler ise k\u0131skan\u00e7l\u0131\u011fa, rekabete ve ihanete yol a\u00e7acakt\u0131r. Her ac\u0131yla daha derin yaralar alan bir dostluk, nefreti de beraberinde getirmez mi? \u00d6yle ki bu nefret, i\u00e7lerinden birinin hayat\u0131na son vermek anlam\u0131na geliyorsa\u2026Peki, her k\u0131\u015f masal\u0131 mutlu sonla biter mi?Iss\u0131z Kar Taneleri, tutkular\u0131 u\u011fruna her \u015feylerini riske atmaktan \u00e7ekinmeyen \u00fc\u00e7 kad\u0131n\u0131n hik\u00e2yesini anlatan, kaderin getirdiklerine ve onlarla yetinmeyi bilmeye dair dokunakl\u0131 bir Kimberley Freeman roman\u0131.    \u201cOla\u011fan\u00fcst\u00fc bir hik\u00e2ye.\u201dWoman\u2019s Day \u201c\u00c2deta modern bir Rus masal\u0131\u2026\u201d-South Australian News- <\/p>\n","protected":false},"excerpt":{"rendered":"<p>Kar taneleri kaybedilmi\u015f bir \u00e7ocukluk i\u00e7in d\u00f6k\u00fclen g\u00f6zya\u015f\u0131n\u0131 \u015fefkatle kucaklar\u2026Sovyetler Birli\u011fi\u2019nin gelece\u011finin belirsizli\u011finde b\u00fcy\u00fcyen \u00fc\u00e7 k\u00fc\u00e7\u00fck k\u0131z\u2026 Sofi ve kuzenleri Natalia ile Lena\u2026 Ayn\u0131 hayalleri ve<span class=\"excerpt-hellip\"> [\u2026]<\/span><\/p>\n","protected":false},"featured_media":0,"template":"","meta":{"_monsterinsights_skip_tracking":false,"_monsterinsights_sitenote_active":false,"_monsterinsights_sitenote_note":"","_monsterinsights_sitenote_category":0},"product_brand":[],"product_cat":[12291,12711],"product_tag":[],"class_list":{"0":"post-711611","1":"product","2":"type-product","3":"status-publish","5":"product_cat-edebiyat","6":"product_cat-roman-oyku","7":"pa_cilt-ciltsiz","8":"pa_tur-kitap","9":"pa_yayinevi-arkadya-yayinlari","10":"pa_yazar-kimberley-freeman","12":"first","13":"instock","14":"sale","15":"shipping-taxable","16":"purchasable","17":"product-type-simple"},"_links":{"self":[{"href":"https:\/\/roveyayinevi.com.tr\/index.php\/wp-json\/wp\/v2\/product\/711611","targetHints":{"allow":["GET"]}}],"collection":[{"href":"https:\/\/roveyayinevi.com.tr\/index.php\/wp-json\/wp\/v2\/product"}],"about":[{"href":"https:\/\/roveyayinevi.com.tr\/index.php\/wp-json\/wp\/v2\/types\/product"}],"wp:attachment":[{"href":"https:\/\/roveyayinevi.com.tr\/index.php\/wp-json\/wp\/v2\/media?parent=711611"}],"wp:term":[{"taxonomy":"product_brand","embeddable":true,"href":"https:\/\/roveyayinevi.com.tr\/index.php\/wp-json\/wp\/v2\/product_brand?post=711611"},{"taxonomy":"product_cat","embeddable":true,"href":"https:\/\/roveyayinevi.com.tr\/index.php\/wp-json\/wp\/v2\/product_cat?post=711611"},{"taxonomy":"product_tag","embeddable":true,"href":"https:\/\/roveyayinevi.com.tr\/index.php\/wp-json\/wp\/v2\/product_tag?post=711611"}],"curies":[{"name":"wp","href":"https:\/\/api.w.org\/{rel}","templated":true}]}}