{"id":711610,"date":"2025-08-27T16:47:38","date_gmt":"2025-08-27T13:47:38","guid":{"rendered":"https:\/\/roveyayinevi.com.tr\/index.php\/urun\/turk-amerikan-iliskileri-1919-1997\/"},"modified":"2026-04-16T02:20:28","modified_gmt":"2026-04-15T23:20:28","slug":"turk-amerikan-iliskileri-1919-1997","status":"publish","type":"product","link":"https:\/\/roveyayinevi.com.tr\/index.php\/urun\/turk-amerikan-iliskileri-1919-1997\/","title":{"rendered":"T\u00fcrk &#8211; Amerikan \u0130li\u015fkileri 1919-1997"},"content":{"rendered":"<p>YAKIN TAR\u0130HTET\u00dcRK-AMER\u0130KAN \u0130L\u0130\u015eK\u0130LER\u0130\u2026 Siyas\u00ee tarih alan\u0131nda T\u00fcrk akademi d\u00fcnyas\u0131na emekleriyle damga vurmu\u015f isimlerin ba\u015f\u0131nda gelen Prof. Dr. Fahir Armao\u011flu, bu eserinde T\u00fcrk-Amerikan ili\u015fkilerini \u00f6zg\u00fcn belgeler \u0131\u015f\u0131\u011f\u0131nda ele al\u0131yor.Tarihten bu yana ikili ili\u015fkilerin dinamiklerini belirlemi\u015f olan S\u00e8vres, Lozan, Ermeni sorunu, K\u0131br\u0131s meselesi gibi temel konular\u0131n yan\u0131 s\u0131ra, Atat\u00fcrk-Roosevelt aras\u0131ndaki yaz\u0131\u015fmalar, diplomatik anekdotlar, Harbord Misyonu, 27 May\u0131s olay\u0131, Ortado\u011fu ili\u015fkileri gibi daha az bilinen ve tarihin raflar\u0131na kalkm\u0131\u015f olgular\u0131n da yer ald\u0131\u011f\u0131 bu eserin en \u00e7arp\u0131c\u0131 yan\u0131, Prof. Dr. Fahir Armao\u011flu\u2019nun T\u00fcrkiye-ABD ili\u015fkileri hakk\u0131nda ileriye d\u00f6n\u00fck \u00f6ng\u00f6r\u00fcler sunabilmi\u015f olmas\u0131d\u0131r.T\u00fcrk-Amerikan \u0130li\u015fkileri 1919-1997, dikkatle okundu\u011funda bug\u00fcn h\u00e2l\u00e2 b\u00fcy\u00fck \u00f6l\u00e7\u00fcde ge\u00e7erli olan tespitlerin varl\u0131\u011f\u0131 ve gelece\u011fe dair yorumlama g\u00fcc\u00fc kazand\u0131ran meseleleriyle son derece \u00f6nemli bir ba\u015fvuru kayna\u011f\u0131. <\/p>\n","protected":false},"excerpt":{"rendered":"<p>YAKIN TAR\u0130HTET\u00dcRK-AMER\u0130KAN \u0130L\u0130\u015eK\u0130LER\u0130\u2026 Siyas\u00ee tarih alan\u0131nda T\u00fcrk akademi d\u00fcnyas\u0131na emekleriyle damga vurmu\u015f isimlerin ba\u015f\u0131nda gelen Prof. Dr. Fahir Armao\u011flu, bu eserinde T\u00fcrk-Amerikan ili\u015fkilerini \u00f6zg\u00fcn belgeler \u0131\u015f\u0131\u011f\u0131nda<span class=\"excerpt-hellip\"> [\u2026]<\/span><\/p>\n","protected":false},"featured_media":0,"template":"","meta":{"_monsterinsights_skip_tracking":false,"_monsterinsights_sitenote_active":false,"_monsterinsights_sitenote_note":"","_monsterinsights_sitenote_category":0},"product_brand":[],"product_cat":[12304,13493],"product_tag":[],"class_list":{"0":"post-711610","1":"product","2":"type-product","3":"status-publish","5":"product_cat-tarih","6":"product_cat-turkiye-ve-cumhuriyet-tarihi","7":"pa_cilt-ciltsiz","8":"pa_tur-kitap","9":"pa_yayinevi-kronik-kitap","10":"pa_yazar-fahir-armaoglu","12":"first","13":"instock","14":"sale","15":"shipping-taxable","16":"purchasable","17":"product-type-simple"},"_links":{"self":[{"href":"https:\/\/roveyayinevi.com.tr\/index.php\/wp-json\/wp\/v2\/product\/711610","targetHints":{"allow":["GET"]}}],"collection":[{"href":"https:\/\/roveyayinevi.com.tr\/index.php\/wp-json\/wp\/v2\/product"}],"about":[{"href":"https:\/\/roveyayinevi.com.tr\/index.php\/wp-json\/wp\/v2\/types\/product"}],"wp:attachment":[{"href":"https:\/\/roveyayinevi.com.tr\/index.php\/wp-json\/wp\/v2\/media?parent=711610"}],"wp:term":[{"taxonomy":"product_brand","embeddable":true,"href":"https:\/\/roveyayinevi.com.tr\/index.php\/wp-json\/wp\/v2\/product_brand?post=711610"},{"taxonomy":"product_cat","embeddable":true,"href":"https:\/\/roveyayinevi.com.tr\/index.php\/wp-json\/wp\/v2\/product_cat?post=711610"},{"taxonomy":"product_tag","embeddable":true,"href":"https:\/\/roveyayinevi.com.tr\/index.php\/wp-json\/wp\/v2\/product_tag?post=711610"}],"curies":[{"name":"wp","href":"https:\/\/api.w.org\/{rel}","templated":true}]}}