{"id":711609,"date":"2025-08-27T16:47:38","date_gmt":"2025-08-27T13:47:38","guid":{"rendered":"https:\/\/roveyayinevi.com.tr\/index.php\/urun\/kadinin-donusumu-karanligin-tahakkumu\/"},"modified":"2026-04-16T02:20:27","modified_gmt":"2026-04-15T23:20:27","slug":"kadinin-donusumu-karanligin-tahakkumu","status":"publish","type":"product","link":"https:\/\/roveyayinevi.com.tr\/index.php\/urun\/kadinin-donusumu-karanligin-tahakkumu\/","title":{"rendered":"Kad\u0131n\u0131n D\u00f6n\u00fc\u015f\u00fcm\u00fc \u2013 Karanl\u0131\u011f\u0131n Tahakk\u00fcm\u00fc"},"content":{"rendered":"<p>CHP \u0130stanbul Milletvekili Gamze Akku\u015f \u0130lgezdi\u2019den T\u00fcrkiye\u2019deki kad\u0131n haklar\u0131 m\u00fccadelesine dair derinlikli bir \u00e7al\u0131\u015fma. Tarihsel olarak konuya yakla\u015fan \u0130lgezdi, bug\u00fcn kad\u0131n haklar\u0131 m\u00fccadelesindeki durumumuzu g\u00f6zler \u00f6n\u00fcne sererek gelece\u011fe dair \u0131\u015f\u0131k tutuyor. \u201cKad\u0131nlar tarih boyunca, cinsiyet ay\u0131r\u0131mc\u0131l\u0131\u011f\u0131 ve e\u015fitsizliklerle kar\u015f\u0131 kar\u015f\u0131ya kald\u0131 ve kalmaya devam ediyor. Ancak bu ezilmi\u015fli\u011fin d\u00fczeyi, o toplumun \u00fcretti\u011fi siyasal ve k\u00fclt\u00fcrel ortamla do\u011frudan ili\u015fkili. Siyasalla\u015fm\u0131\u015f inan\u00e7 sistemleri kad\u0131n ve erke\u011fe ili\u015fkin t\u00fcm de\u011ferleri kurguluyor ve toplumdaki kad\u0131n erkek e\u015fitsizli\u011fini kad\u0131n aleyhine bi\u00e7imlendiriyor. Bug\u00fcn T\u00fcrkiye\u2019de ya\u015fad\u0131\u011f\u0131m\u0131z da bu yeniden bi\u00e7imlendirme \u00e7al\u0131\u015fmalar\u0131n\u0131n bir sonucu. O y\u00fczden de, kad\u0131nlara hangi davran\u0131\u015f ve faaliyetleri yapabilecekleri, haklara ve g\u00fcce kimin ne derece sahip oldu\u011fu veya sahip olmas\u0131 gerekti\u011fi s\u00fcrekli empoze ediliyor. Bu sat\u0131rlar\u0131 kaleme ald\u0131\u011f\u0131m g\u00fcnlerde kad\u0131nlar, hala haklar\u0131 i\u00e7in b\u00fcy\u00fck bir m\u00fccadele y\u00fcr\u00fct\u00fcyorlar. T\u0131pk\u0131 binlerce y\u0131ll\u0131k kadim Anadolu gibi dimdik ayaktalar bug\u00fcn. Y\u0131llard\u0131r s\u00fcregelen ku\u015fat\u0131lm\u0131\u015fl\u0131klar\u0131n\u0131n, mutlak bir esaretle bitmemesi i\u00e7in bir \u00f6l\u00fcm-kal\u0131m m\u00fccadelesini, azim ve cesaretle s\u00fcrd\u00fcr\u00fcyorlar\u2026 \u00c7\u00fcnk\u00fc karanl\u0131\u011f\u0131n tahakk\u00fcm\u00fcnde son perde oynan\u0131yor. Ne yaz\u0131k ki \u015fiddetin \u00f6znesi olan, biz kad\u0131nlar, nihai olarak \u201cbiat\u201d etmemiz i\u00e7in, medeni haklar\u0131m\u0131zdan, kazan\u0131mlar\u0131m\u0131zdan vazge\u00e7memiz isteniyor. Ve kad\u0131nlar\u0131 ku\u015fatmak i\u00e7in se\u00e7ilen y\u00f6ntem y\u00fczy\u0131llard\u0131r hi\u00e7 de\u011fi\u015fmiyor! G\u00fc\u00e7l\u00fc bir dini vurguyla, bozulmamas\u0131, dokunulmamas\u0131 gerekti\u011fine inan\u0131lan de\u011ferler; yani kutsallar \u00fczerinden yola getirmeye \u00e7al\u0131\u015f\u0131yorlar.&#8221;   Gamze Akku\u015f \u0130lgezdi <\/p>\n","protected":false},"excerpt":{"rendered":"<p>CHP \u0130stanbul Milletvekili Gamze Akku\u015f \u0130lgezdi\u2019den T\u00fcrkiye\u2019deki kad\u0131n haklar\u0131 m\u00fccadelesine dair derinlikli bir \u00e7al\u0131\u015fma. Tarihsel olarak konuya yakla\u015fan \u0130lgezdi, bug\u00fcn kad\u0131n haklar\u0131 m\u00fccadelesindeki durumumuzu g\u00f6zler \u00f6n\u00fcne<span class=\"excerpt-hellip\"> [\u2026]<\/span><\/p>\n","protected":false},"featured_media":0,"template":"","meta":{"_monsterinsights_skip_tracking":false,"_monsterinsights_sitenote_active":false,"_monsterinsights_sitenote_note":"","_monsterinsights_sitenote_category":0},"product_brand":[],"product_cat":[13252,12324],"product_tag":[],"class_list":{"0":"post-711609","1":"product","2":"type-product","3":"status-publish","5":"product_cat-kadin-calismalari","6":"product_cat-sosyoloji","7":"pa_cilt-ciltsiz","8":"pa_tur-kitap","9":"pa_yayinevi-kalkedon-yayincilik","10":"pa_yazar-gamze-akkus-ilgezdi","12":"first","13":"instock","14":"sale","15":"shipping-taxable","16":"purchasable","17":"product-type-simple"},"_links":{"self":[{"href":"https:\/\/roveyayinevi.com.tr\/index.php\/wp-json\/wp\/v2\/product\/711609","targetHints":{"allow":["GET"]}}],"collection":[{"href":"https:\/\/roveyayinevi.com.tr\/index.php\/wp-json\/wp\/v2\/product"}],"about":[{"href":"https:\/\/roveyayinevi.com.tr\/index.php\/wp-json\/wp\/v2\/types\/product"}],"wp:attachment":[{"href":"https:\/\/roveyayinevi.com.tr\/index.php\/wp-json\/wp\/v2\/media?parent=711609"}],"wp:term":[{"taxonomy":"product_brand","embeddable":true,"href":"https:\/\/roveyayinevi.com.tr\/index.php\/wp-json\/wp\/v2\/product_brand?post=711609"},{"taxonomy":"product_cat","embeddable":true,"href":"https:\/\/roveyayinevi.com.tr\/index.php\/wp-json\/wp\/v2\/product_cat?post=711609"},{"taxonomy":"product_tag","embeddable":true,"href":"https:\/\/roveyayinevi.com.tr\/index.php\/wp-json\/wp\/v2\/product_tag?post=711609"}],"curies":[{"name":"wp","href":"https:\/\/api.w.org\/{rel}","templated":true}]}}