{"id":711604,"date":"2025-08-27T16:47:35","date_gmt":"2025-08-27T13:47:35","guid":{"rendered":"https:\/\/roveyayinevi.com.tr\/index.php\/urun\/tiyatro-oyunlari\/"},"modified":"2026-04-16T02:20:27","modified_gmt":"2026-04-15T23:20:27","slug":"tiyatro-oyunlari","status":"publish","type":"product","link":"https:\/\/roveyayinevi.com.tr\/index.php\/urun\/tiyatro-oyunlari\/","title":{"rendered":"Tiyatro Oyunlar\u0131"},"content":{"rendered":"<p>141. Basamak\u2019ta politik, devrimci bir halk oyunu yapmak, ac\u0131l\u0131 g\u00fcld\u00fcr\u00fc i\u00e7inde T\u00fcrkiye\u2019yi ele\u015ftirmek istedik. \u0130steyen okur, isteyen oynar. &#8211; Vedat T\u00fcrkali &#8211; \u201cYirmi yirmi be\u015f y\u0131l kadar \u00f6nce, \u201962, \u201863\u2019lerde olmal\u0131, gazetelerde bir haber \u00e7\u0131kt\u0131. Gece, kent i\u00e7in arama tarama yapan polis ekipleri, \u0130n\u00f6n\u00fc Stadyumu y\u00f6resindeki a\u011fa\u00e7lar aras\u0131nda, on sekiz yirmilerinde bir \u00e7ifti yakalam\u0131\u015flar, boyunlar\u0131nda as\u0131l\u0131 birer b\u0131\u00e7ak varm\u0131\u015f. Ankara\u2019dan, ailelerinden ka\u00e7\u0131p geldiklerini, birbirlerini deli gibi sevdiklerini, ya\u015fam boyu ayr\u0131lmayacaklar\u0131n\u0131, i\u00e7lerinden biri aldatmaya kalkarsa, \u00f6tekinin, boynunda as\u0131l\u0131 b\u0131\u00e7a\u011f\u0131n\u0131, aldatan\u0131n y\u00fcre\u011fine saplayaca\u011f\u0131na yemin ettiklerini s\u00f6ylemi\u015fler. Dallar Ye\u015fil Olmal\u0131 adl\u0131 oyunun esin kayna\u011f\u0131 bu.\u201d- Vedat T\u00fcrkali -Vedat T\u00fcrkali, ortaoyun niteli\u011fi a\u011f\u0131r basan Bu \u00d6l\u00fc Kalkacak adl\u0131 oyununda Hacivat ve Karag\u00f6z tiplemeleriyle politik, insani ve d\u00fczene dair sorunlar\u0131 hicveder. Son otuz y\u0131lda g\u00fcncelli\u011finden hi\u00e7bir \u015fey yitirmemi\u015f, k\u0131ymetli bir oyun&#8230;\u015eeytan\u0131n Ka\u015f\u0131k Oyunlar\u0131 \u00f6zellikle \u0130stanbul\u2019da y\u0131llard\u0131r geldi gelecek diye beklenen deprem olgusunu sergiler. Bu sars\u0131c\u0131 oyun yap\u0131m\u0131zdan do\u011fan soygun, vurgun, yaban\u0131l s\u00f6m\u00fcr\u00fcn\u00fcn neden oldu\u011fu y\u0131k\u0131m\u0131 g\u00f6sterme \u00e7abas\u0131ndad\u0131r. <\/p>\n","protected":false},"excerpt":{"rendered":"<p>141. Basamak\u2019ta politik, devrimci bir halk oyunu yapmak, ac\u0131l\u0131 g\u00fcld\u00fcr\u00fc i\u00e7inde T\u00fcrkiye\u2019yi ele\u015ftirmek istedik. \u0130steyen okur, isteyen oynar. &#8211; Vedat T\u00fcrkali &#8211; \u201cYirmi yirmi be\u015f y\u0131l<span class=\"excerpt-hellip\"> [\u2026]<\/span><\/p>\n","protected":false},"featured_media":0,"template":"","meta":{"_monsterinsights_skip_tracking":false,"_monsterinsights_sitenote_active":false,"_monsterinsights_sitenote_note":"","_monsterinsights_sitenote_category":0},"product_brand":[],"product_cat":[12291,14272],"product_tag":[],"class_list":{"0":"post-711604","1":"product","2":"type-product","3":"status-publish","5":"product_cat-edebiyat","6":"product_cat-tiyatro","7":"pa_cilt-ciltsiz","8":"pa_tur-kitap","9":"pa_yayinevi-ayrinti-yayinlari","10":"pa_yazar-vedat-turkali","12":"first","13":"instock","14":"sale","15":"shipping-taxable","16":"purchasable","17":"product-type-simple"},"_links":{"self":[{"href":"https:\/\/roveyayinevi.com.tr\/index.php\/wp-json\/wp\/v2\/product\/711604","targetHints":{"allow":["GET"]}}],"collection":[{"href":"https:\/\/roveyayinevi.com.tr\/index.php\/wp-json\/wp\/v2\/product"}],"about":[{"href":"https:\/\/roveyayinevi.com.tr\/index.php\/wp-json\/wp\/v2\/types\/product"}],"wp:attachment":[{"href":"https:\/\/roveyayinevi.com.tr\/index.php\/wp-json\/wp\/v2\/media?parent=711604"}],"wp:term":[{"taxonomy":"product_brand","embeddable":true,"href":"https:\/\/roveyayinevi.com.tr\/index.php\/wp-json\/wp\/v2\/product_brand?post=711604"},{"taxonomy":"product_cat","embeddable":true,"href":"https:\/\/roveyayinevi.com.tr\/index.php\/wp-json\/wp\/v2\/product_cat?post=711604"},{"taxonomy":"product_tag","embeddable":true,"href":"https:\/\/roveyayinevi.com.tr\/index.php\/wp-json\/wp\/v2\/product_tag?post=711604"}],"curies":[{"name":"wp","href":"https:\/\/api.w.org\/{rel}","templated":true}]}}