{"id":711602,"date":"2025-08-27T16:47:34","date_gmt":"2025-08-27T13:47:34","guid":{"rendered":"https:\/\/roveyayinevi.com.tr\/index.php\/urun\/kitap-gunlugum\/"},"modified":"2026-04-16T02:20:27","modified_gmt":"2026-04-15T23:20:27","slug":"kitap-gunlugum","status":"publish","type":"product","link":"https:\/\/roveyayinevi.com.tr\/index.php\/urun\/kitap-gunlugum\/","title":{"rendered":"Kitap G\u00fcnl\u00fc\u011f\u00fcm"},"content":{"rendered":"<p>&#8211; Ge\u00e7enlerde okudu\u011fum kitab\u0131 mutlaka sen de okumal\u0131s\u0131n. &#8211; \u00c7ok \u00f6zg\u00fcn bir hik\u00e2yesi var. Resimleri de \u00e7ok etkileyici. &#8211; Yazar\u0131 \u0130ngiliz san\u0131r\u0131m. Yeni Zelandal\u0131 da olabilir. Sahi, \u00e7izeri kimdi acaba? &#8211; Daha yeni okumu\u015ftum oysa\u2026  Kitaplar en iyi arkada\u015f\u0131n, can yolda\u015f\u0131n, hatta yol g\u00f6stericin ise sana harika bir haberimiz var!Bundan b\u00f6yle okudu\u011fun hi\u00e7bir kitab\u0131n ayr\u0131nt\u0131lar\u0131n\u0131 unutmayacaks\u0131n. Nas\u0131l m\u0131? Tabii ki kitap kurtlar\u0131 i\u00e7in \u00f6zel olarak haz\u0131rlad\u0131\u011f\u0131m\u0131z Kitap G\u00fcnl\u00fc\u011f\u00fcm ve sana yol g\u00f6sterecek kirpimiz sayesinde. Bir de arada s\u0131rada kar\u015f\u0131na \u00e7\u0131k\u0131p sana kitaplar\u0131n renkli d\u00fcnyas\u0131yla ilgili ilgin\u00e7 bilgiler anlatacak Canavar Karde\u015fler var tabii&#8230;Kitap G\u00fcnl\u00fc\u011f\u00fcm, okudu\u011fun kitaplara dair ayr\u0131nt\u0131lar\u0131, g\u00f6r\u00fc\u015fleri, \u00f6nerileri not edip y\u0131llar boyunca saklayabilmen, sonra tekrar bak\u0131p hat\u0131rlayabilmen i\u00e7in tasarlanan pratik ve e\u011flenceli bir g\u00fcnl\u00fck.Okudu\u011fun her kitab\u0131 bu g\u00fcnl\u00fckle payla\u015fabilirsin. \u00d6nemli olan kitap hakk\u0131ndaki g\u00f6r\u00fc\u015flerin, d\u00fc\u015f\u00fcncelerin ve elbette hayal g\u00fcc\u00fcn. G\u00fcnl\u00fc\u011fe kitapla ilgili yorumlar\u0131n\u0131 yazabilirsin. Ayr\u0131ca en sevdi\u011fin c\u00fcmleyi ya da kitab\u0131n yazar\u0131yla tan\u0131\u015f\u0131rsan s\u00f6yleyece\u011fin \u015feyleri not edebilirsin. Hatta kitab\u0131n kapa\u011f\u0131n\u0131 yeniden tasarlayabilir ve kitaba puan verebilirsin. Unutma her okurun haklar\u0131 var. Bir kitab\u0131 be\u011fenmemek ya da tekrar tekrar okumak senin elinde!Bu g\u00fcnl\u00fc\u011f\u00fc ba\u015fucundan eksik etmeyece\u011fine eminiz. Hatta kitapsever dostlar\u0131na verebilece\u011fin anlaml\u0131 bir hediye olarak bile d\u00fc\u015f\u00fcnebilirsin.Yoksa bu g\u00fcnl\u00fck sadece senin mi olsun istiyorsun?O zaman al kalemi eline, d\u00fc\u015f notlar\u0131 yeni kitap g\u00fcnl\u00fc\u011f\u00fcne\u2026 <\/p>\n","protected":false},"excerpt":{"rendered":"<p>&#8211; Ge\u00e7enlerde okudu\u011fum kitab\u0131 mutlaka sen de okumal\u0131s\u0131n. &#8211; \u00c7ok \u00f6zg\u00fcn bir hik\u00e2yesi var. Resimleri de \u00e7ok etkileyici. &#8211; Yazar\u0131 \u0130ngiliz san\u0131r\u0131m. Yeni Zelandal\u0131 da olabilir.<span class=\"excerpt-hellip\"> [\u2026]<\/span><\/p>\n","protected":false},"featured_media":0,"template":"","meta":{"_monsterinsights_skip_tracking":false,"_monsterinsights_sitenote_active":false,"_monsterinsights_sitenote_note":"","_monsterinsights_sitenote_category":0},"product_brand":[],"product_cat":[12275,12274],"product_tag":[],"class_list":{"0":"post-711602","1":"product","2":"type-product","3":"status-publish","5":"product_cat-6-12-yas-kitaplari","6":"product_cat-cocuk-ve-genclik-kitaplari","7":"pa_cilt-ciltsiz","8":"pa_tur-kitap","9":"pa_yayinevi-tudem-yayinlari","10":"pa_yazar-aysegul-utku-gunaydin-mehmet-baris-albayrak","12":"first","13":"instock","14":"sale","15":"shipping-taxable","16":"purchasable","17":"product-type-simple"},"_links":{"self":[{"href":"https:\/\/roveyayinevi.com.tr\/index.php\/wp-json\/wp\/v2\/product\/711602","targetHints":{"allow":["GET"]}}],"collection":[{"href":"https:\/\/roveyayinevi.com.tr\/index.php\/wp-json\/wp\/v2\/product"}],"about":[{"href":"https:\/\/roveyayinevi.com.tr\/index.php\/wp-json\/wp\/v2\/types\/product"}],"wp:attachment":[{"href":"https:\/\/roveyayinevi.com.tr\/index.php\/wp-json\/wp\/v2\/media?parent=711602"}],"wp:term":[{"taxonomy":"product_brand","embeddable":true,"href":"https:\/\/roveyayinevi.com.tr\/index.php\/wp-json\/wp\/v2\/product_brand?post=711602"},{"taxonomy":"product_cat","embeddable":true,"href":"https:\/\/roveyayinevi.com.tr\/index.php\/wp-json\/wp\/v2\/product_cat?post=711602"},{"taxonomy":"product_tag","embeddable":true,"href":"https:\/\/roveyayinevi.com.tr\/index.php\/wp-json\/wp\/v2\/product_tag?post=711602"}],"curies":[{"name":"wp","href":"https:\/\/api.w.org\/{rel}","templated":true}]}}