{"id":711588,"date":"2025-08-27T16:47:26","date_gmt":"2025-08-27T13:47:26","guid":{"rendered":"https:\/\/roveyayinevi.com.tr\/index.php\/urun\/kayip-sehrin-anahtari\/"},"modified":"2026-04-16T02:20:27","modified_gmt":"2026-04-15T23:20:27","slug":"kayip-sehrin-anahtari","status":"publish","type":"product","link":"https:\/\/roveyayinevi.com.tr\/index.php\/urun\/kayip-sehrin-anahtari\/","title":{"rendered":"Kay\u0131p \u015eehrin Anahtar\u0131"},"content":{"rendered":"<p>Turgut, Arif, Nihal ve Cemal k\u00fc\u00e7\u00fck bir il\u00e7ede ya\u015fayan d\u00f6rt kafadard\u0131r. Birbirlerini \u00e7ok seven bu d\u00f6rtl\u00fcn\u00fcn aras\u0131na beklenmeyen bir ayr\u0131l\u0131k girer. Gidecek olan arkada\u015flar\u0131 Turgut i\u00e7in muhte\u015fem bir veda partisi d\u00fczenleyen \u00e7ocuklar, ona \u00e7e\u015fitli hediyeler verirler. Dostlar\u0131n\u0131n s\u00fcrpriz hediyeleri ile neye u\u011frad\u0131\u011f\u0131n\u0131 \u015fa\u015f\u0131ran Turgut, onlar\u0131 asla unutmayacakt\u0131r.Turgut b\u00fcy\u00fck \u015fehre ve yeni okuluna al\u0131\u015fmaya \u00e7al\u0131\u015f\u0131rken arkada\u015f\u0131 Arif\u2019in hediyesi olan defteri okumaya ba\u015flar. Kay\u0131p bir \u015fehir ve g\u00f6r\u00fcnmeyen bir \u00e7ocuktan bahseden Arif\u2019in yazd\u0131klar\u0131ndan fazlas\u0131yla etkilenen Turgut kendini kay\u0131p \u015fehir efsanesine \u00f6yle \u00e7ok kapt\u0131r\u0131r ki sonunda onu bulabilmek i\u00e7in yollara d\u00fc\u015fer.Esrarengiz olaylar\u0131n pe\u015fini b\u0131rakmad\u0131\u011f\u0131 bu yolculukta hayal bile etmedi\u011fi bir d\u00fcnyan\u0131n kap\u0131lar\u0131n\u0131 aralayacakt\u0131r&#8230;<\/p>\n","protected":false},"excerpt":{"rendered":"<p>Turgut, Arif, Nihal ve Cemal k\u00fc\u00e7\u00fck bir il\u00e7ede ya\u015fayan d\u00f6rt kafadard\u0131r. Birbirlerini \u00e7ok seven bu d\u00f6rtl\u00fcn\u00fcn aras\u0131na beklenmeyen bir ayr\u0131l\u0131k girer. Gidecek olan arkada\u015flar\u0131 Turgut i\u00e7in<span class=\"excerpt-hellip\"> [\u2026]<\/span><\/p>\n","protected":false},"featured_media":0,"template":"","meta":{"_monsterinsights_skip_tracking":false,"_monsterinsights_sitenote_active":false,"_monsterinsights_sitenote_note":"","_monsterinsights_sitenote_category":0},"product_brand":[],"product_cat":[12275,12274],"product_tag":[],"class_list":{"0":"post-711588","1":"product","2":"type-product","3":"status-publish","5":"product_cat-6-12-yas-kitaplari","6":"product_cat-cocuk-ve-genclik-kitaplari","7":"pa_cilt-ciltsiz","8":"pa_tur-kitap","9":"pa_yayinevi-altin-kitaplar-ozel-urun","10":"pa_yazar-nehir-yarar","12":"first","13":"instock","14":"sale","15":"shipping-taxable","16":"purchasable","17":"product-type-simple"},"_links":{"self":[{"href":"https:\/\/roveyayinevi.com.tr\/index.php\/wp-json\/wp\/v2\/product\/711588","targetHints":{"allow":["GET"]}}],"collection":[{"href":"https:\/\/roveyayinevi.com.tr\/index.php\/wp-json\/wp\/v2\/product"}],"about":[{"href":"https:\/\/roveyayinevi.com.tr\/index.php\/wp-json\/wp\/v2\/types\/product"}],"wp:attachment":[{"href":"https:\/\/roveyayinevi.com.tr\/index.php\/wp-json\/wp\/v2\/media?parent=711588"}],"wp:term":[{"taxonomy":"product_brand","embeddable":true,"href":"https:\/\/roveyayinevi.com.tr\/index.php\/wp-json\/wp\/v2\/product_brand?post=711588"},{"taxonomy":"product_cat","embeddable":true,"href":"https:\/\/roveyayinevi.com.tr\/index.php\/wp-json\/wp\/v2\/product_cat?post=711588"},{"taxonomy":"product_tag","embeddable":true,"href":"https:\/\/roveyayinevi.com.tr\/index.php\/wp-json\/wp\/v2\/product_tag?post=711588"}],"curies":[{"name":"wp","href":"https:\/\/api.w.org\/{rel}","templated":true}]}}