{"id":711587,"date":"2025-08-27T16:47:26","date_gmt":"2025-08-27T13:47:26","guid":{"rendered":"https:\/\/roveyayinevi.com.tr\/index.php\/urun\/onun-adi-ay-tozu-exuperynin-kisa-yasam-oykusu\/"},"modified":"2026-04-16T02:20:27","modified_gmt":"2026-04-15T23:20:27","slug":"onun-adi-ay-tozu-exuperynin-kisa-yasam-oykusu","status":"publish","type":"product","link":"https:\/\/roveyayinevi.com.tr\/index.php\/urun\/onun-adi-ay-tozu-exuperynin-kisa-yasam-oykusu\/","title":{"rendered":"Onun Ad\u0131 Ay Tozu &#8211; Exupery&#8217;nin K\u0131sa Ya\u015fam \u00d6yk\u00fcs\u00fc"},"content":{"rendered":"<p>Bir zamanlar \u0131\u015f\u0131l \u0131\u015f\u0131l kocaman g\u00f6zleri ve y\u0131ld\u0131z rengi sa\u00e7lar\u0131 olan Antoine ad\u0131nda bir \u00e7ocuk ya\u015fard\u0131. Antoine, her ak\u015fam y\u00fcz\u00fcn\u00fc g\u00f6ky\u00fcz\u00fcne \u00e7evirir, g\u00f6zlerini bir an olsun Ay\u2019dan ay\u0131rmadan hayaller kurard\u0131. Bu nedenle herkes onu \u201cAy Tozu\u201d diye \u00e7a\u011f\u0131r\u0131rd\u0131.Onun Ad\u0131 Ay Tozu, K\u00fc\u00e7\u00fck Prens\u2019in yazar\u0131 Antoine de Saint- Exup\u00e9ry\u2019nin ya\u015fam \u00f6yk\u00fcs\u00fcn\u00fc anlat\u0131yor. Bu \u00f6yk\u00fcde, Ay Tozu t\u00fcm \u00e7ocuklara sesleniyor: Ya\u015fam\u0131nda kar\u015f\u0131na \u00e7\u0131kacak da\u011flar, f\u0131rt\u0131nalar, kazalar ve di\u011fer b\u00fct\u00fcn engeller, g\u00fcn olur, anlataca\u011f\u0131n harika bir \u00f6yk\u00fcye d\u00f6n\u00fc\u015f\u00fcr.Ya\u015famda as\u0131l \u00f6nemli olan\u0131n hayal kurmak ve hayalleri ger\u00e7ekle\u015ftirmek i\u00e7in \u00e7abalamak oldu\u011funu asla unutmayan \u00e7ocuklar i\u00e7in s\u0131cac\u0131k bir \u00f6yk\u00fc. <\/p>\n","protected":false},"excerpt":{"rendered":"<p>Bir zamanlar \u0131\u015f\u0131l \u0131\u015f\u0131l kocaman g\u00f6zleri ve y\u0131ld\u0131z rengi sa\u00e7lar\u0131 olan Antoine ad\u0131nda bir \u00e7ocuk ya\u015fard\u0131. Antoine, her ak\u015fam y\u00fcz\u00fcn\u00fc g\u00f6ky\u00fcz\u00fcne \u00e7evirir, g\u00f6zlerini bir an olsun<span class=\"excerpt-hellip\"> [\u2026]<\/span><\/p>\n","protected":false},"featured_media":0,"template":"","meta":{"_monsterinsights_skip_tracking":false,"_monsterinsights_sitenote_active":false,"_monsterinsights_sitenote_note":"","_monsterinsights_sitenote_category":0},"product_brand":[],"product_cat":[12913,12274],"product_tag":[],"class_list":{"0":"post-711587","1":"product","2":"type-product","3":"status-publish","5":"product_cat-3-6-yas-kitaplari","6":"product_cat-cocuk-ve-genclik-kitaplari","7":"pa_cilt-ciltsiz","8":"pa_tur-kitap","9":"pa_yayinevi-1001-cicek-kitaplar","10":"pa_yazar-katia-canciani","12":"first","13":"instock","14":"sale","15":"shipping-taxable","16":"purchasable","17":"product-type-simple"},"_links":{"self":[{"href":"https:\/\/roveyayinevi.com.tr\/index.php\/wp-json\/wp\/v2\/product\/711587","targetHints":{"allow":["GET"]}}],"collection":[{"href":"https:\/\/roveyayinevi.com.tr\/index.php\/wp-json\/wp\/v2\/product"}],"about":[{"href":"https:\/\/roveyayinevi.com.tr\/index.php\/wp-json\/wp\/v2\/types\/product"}],"wp:attachment":[{"href":"https:\/\/roveyayinevi.com.tr\/index.php\/wp-json\/wp\/v2\/media?parent=711587"}],"wp:term":[{"taxonomy":"product_brand","embeddable":true,"href":"https:\/\/roveyayinevi.com.tr\/index.php\/wp-json\/wp\/v2\/product_brand?post=711587"},{"taxonomy":"product_cat","embeddable":true,"href":"https:\/\/roveyayinevi.com.tr\/index.php\/wp-json\/wp\/v2\/product_cat?post=711587"},{"taxonomy":"product_tag","embeddable":true,"href":"https:\/\/roveyayinevi.com.tr\/index.php\/wp-json\/wp\/v2\/product_tag?post=711587"}],"curies":[{"name":"wp","href":"https:\/\/api.w.org\/{rel}","templated":true}]}}