{"id":711585,"date":"2025-08-27T16:47:24","date_gmt":"2025-08-27T13:47:24","guid":{"rendered":"https:\/\/roveyayinevi.com.tr\/index.php\/urun\/kadinligim-yazarligim-yurdum\/"},"modified":"2026-04-16T02:20:27","modified_gmt":"2026-04-15T23:20:27","slug":"kadinligim-yazarligim-yurdum","status":"publish","type":"product","link":"https:\/\/roveyayinevi.com.tr\/index.php\/urun\/kadinligim-yazarligim-yurdum\/","title":{"rendered":"Kad\u0131nl\u0131\u011f\u0131m, Yazarl\u0131\u011f\u0131m, Yurdum"},"content":{"rendered":"<p>Yirmi y\u0131lda \u00f6yk\u00fclerin, romanlar\u0131n d\u0131\u015f\u0131nda ne \u00e7ok yaz\u0131 kaleme alm\u0131\u015f\u0131m! Kavga yaz\u0131lar\u0131, bar\u0131\u015f yaz\u0131lar\u0131, i\u00e7e bak\u0131\u015f yaz\u0131lar\u0131&#8230; Edebiyat, seyahat d\u00fc\u015f\u00fcnceleri&#8230; Yitirdiklerimizin ard\u0131nda kalan bo\u015flu\u011fun ve ac\u0131n\u0131n yaz\u0131lar\u0131&#8230; Kad\u0131n olmakla yazar olman\u0131n kesi\u015fti\u011fi noktada duran, kad\u0131nl\u0131\u011f\u0131n\u0131 yazma yetene\u011fiyle birlikte ke\u015ffetmi\u015f bir insan\u0131n, hep ac\u0131lar \u00e7ekmi\u015f ve \u00e7ektirmi\u015f bir yurdun kayg\u0131l\u0131 yurtta\u015f\u0131n\u0131n, kad\u0131nlar\u0131n \u00f6zg\u00fcrl\u00fc\u011f\u00fc ve laik toplum d\u00fczeni i\u00e7in m\u00fccadele etmi\u015f bir insan\u0131n yaz\u0131lar\u0131 bunlar. Erendiz Atas\u00fc ilk kez yazarl\u0131\u011f\u0131n\u0131n yirminci y\u0131l\u0131nda yay\u0131mlatt\u0131\u011f\u0131 bu kitab\u0131nda, \u00f6nce kendisine kad\u0131n, yazar ve yurtta\u015f olarak ele\u015ftirel bak\u0131yor; sonra yurduna ve i\u00e7inde yer ald\u0131\u011f\u0131 feminist harekete. Bug\u00fcnlerin geli\u015fini otuz y\u0131l \u00f6nceden g\u00f6rebilenlerin \u00e7\u0131rp\u0131n\u0131\u015flar\u0131na, kavray\u0131\u015fs\u0131zl\u0131\u011fa \u00e7arpan uyar\u0131lar\u0131na tan\u0131kl\u0131k ediyor. Bu kitap, ayn\u0131 zamanda hem bir yazar\u0131n kendi edebiyat\u0131n\u0131 ele\u015ftirebilmesi bak\u0131m\u0131ndan hem de son on y\u0131llar\u0131n sanc\u0131l\u0131 s\u00fcrecini kad\u0131nlar i\u00e7in belgelemesi a\u00e7\u0131s\u0131ndan g\u00fcncelli\u011fini yitirmemi\u015f bir yap\u0131t. <\/p>\n","protected":false},"excerpt":{"rendered":"<p>Yirmi y\u0131lda \u00f6yk\u00fclerin, romanlar\u0131n d\u0131\u015f\u0131nda ne \u00e7ok yaz\u0131 kaleme alm\u0131\u015f\u0131m! Kavga yaz\u0131lar\u0131, bar\u0131\u015f yaz\u0131lar\u0131, i\u00e7e bak\u0131\u015f yaz\u0131lar\u0131&#8230; Edebiyat, seyahat d\u00fc\u015f\u00fcnceleri&#8230; Yitirdiklerimizin ard\u0131nda kalan bo\u015flu\u011fun ve ac\u0131n\u0131n<span class=\"excerpt-hellip\"> [\u2026]<\/span><\/p>\n","protected":false},"featured_media":0,"template":"","meta":{"_monsterinsights_skip_tracking":false,"_monsterinsights_sitenote_active":false,"_monsterinsights_sitenote_note":"","_monsterinsights_sitenote_category":0},"product_brand":[],"product_cat":[12777,12291],"product_tag":[],"class_list":{"0":"post-711585","1":"product","2":"type-product","3":"status-publish","5":"product_cat-deneme","6":"product_cat-edebiyat","7":"pa_cilt-ciltsiz","8":"pa_tur-kitap","9":"pa_yayinevi-can-yayinlari","10":"pa_yazar-erendiz-atasu","12":"first","13":"instock","14":"sale","15":"shipping-taxable","16":"purchasable","17":"product-type-simple"},"_links":{"self":[{"href":"https:\/\/roveyayinevi.com.tr\/index.php\/wp-json\/wp\/v2\/product\/711585","targetHints":{"allow":["GET"]}}],"collection":[{"href":"https:\/\/roveyayinevi.com.tr\/index.php\/wp-json\/wp\/v2\/product"}],"about":[{"href":"https:\/\/roveyayinevi.com.tr\/index.php\/wp-json\/wp\/v2\/types\/product"}],"wp:attachment":[{"href":"https:\/\/roveyayinevi.com.tr\/index.php\/wp-json\/wp\/v2\/media?parent=711585"}],"wp:term":[{"taxonomy":"product_brand","embeddable":true,"href":"https:\/\/roveyayinevi.com.tr\/index.php\/wp-json\/wp\/v2\/product_brand?post=711585"},{"taxonomy":"product_cat","embeddable":true,"href":"https:\/\/roveyayinevi.com.tr\/index.php\/wp-json\/wp\/v2\/product_cat?post=711585"},{"taxonomy":"product_tag","embeddable":true,"href":"https:\/\/roveyayinevi.com.tr\/index.php\/wp-json\/wp\/v2\/product_tag?post=711585"}],"curies":[{"name":"wp","href":"https:\/\/api.w.org\/{rel}","templated":true}]}}