{"id":711580,"date":"2025-08-27T16:47:21","date_gmt":"2025-08-27T13:47:21","guid":{"rendered":"https:\/\/roveyayinevi.com.tr\/index.php\/urun\/organik-gercegi\/"},"modified":"2026-04-16T02:20:27","modified_gmt":"2026-04-15T23:20:27","slug":"organik-gercegi","status":"publish","type":"product","link":"https:\/\/roveyayinevi.com.tr\/index.php\/urun\/organik-gercegi\/","title":{"rendered":"Organik Ger\u00e7e\u011fi"},"content":{"rendered":"<p>\u201cG\u0131dan\u0131z ilac\u0131n\u0131z, ilac\u0131n\u0131z g\u0131dan\u0131z olsun\u2026&#8221; Hipokrat&#8217;\u0131n \u00e7a\u011flar \u00f6ncesi dile getirdi\u011fi bu s\u00f6z bukitab\u0131 \u00f6zetleyecek en do\u011fru ifade olsa gerek.\u00c7\u00fcnk\u00fc a\u00e7l\u0131\u011fa \u00e7are olarak lanse edilen \u201cye\u015fil devrim\u201dle end\u00fcstrile\u015ferek pakete giren g\u0131dalardo\u011fall\u0131\u011f\u0131n\u0131 yitirdi. Art\u0131k neredeyse her \u00f6\u011f\u00fcnde tar\u0131m ila\u00e7lar\u0131, kimyasal g\u00fcbreler, katk\u0131maddeleri, hormonlar, antibiyotikler ve GDO ile bula\u015f\u0131k \u00fcr\u00fcnler t\u00fcketiyoruz. Sofram\u0131zagelen hemen hemen her \u00fcr\u00fcnde t\u00fcrl\u00fc hilelerle kar\u015f\u0131la\u015f\u0131yoruz. Zeytini zehirli tekstil boyas\u0131ylaanar olduk, bal\u0131 m\u0131s\u0131r \u015furubuyla. \u00c7ilek yerken \u201chormon\u201ddan korkar hale geldik, bebekmamas\u0131 al\u0131rken GDO&#8217;dan. Her g\u00fcn birilerinin daha kansere yakaland\u0131\u011f\u0131n\u0131 duydu\u011fumuz bug\u00fcnlerde herkes ne yiyip ne i\u00e7ti\u011fi konusunda diken \u00fcst\u00fcnde. Peki tehlikenin ne kadarfark\u0131nday\u0131z?Hekimler bile art\u0131k, do\u011fall\u0131\u011f\u0131n\u0131 kaybeden \u00fcr\u00fcnler i\u00e7in k\u00f6t\u00fc kalpli cad\u0131n\u0131n Pamuk Prenses&#8217;everdi\u011fi \u201czehirli elma\u201d benzetmesini yap\u0131yorken, &#8216;Cad\u0131&#8217;n\u0131n tuza\u011f\u0131na d\u00fc\u015fmemek i\u00e7in organikd\u00fcnyan\u0131n kap\u0131lar\u0131n\u0131 aralayal\u0131m dedik\u2026Organi\u011fe dair t\u00fcm sorular\u0131n yan\u0131tlar\u0131 elinizin alt\u0131nda&#8230; <\/p>\n","protected":false},"excerpt":{"rendered":"<p>\u201cG\u0131dan\u0131z ilac\u0131n\u0131z, ilac\u0131n\u0131z g\u0131dan\u0131z olsun\u2026&#8221; Hipokrat&#8217;\u0131n \u00e7a\u011flar \u00f6ncesi dile getirdi\u011fi bu s\u00f6z bukitab\u0131 \u00f6zetleyecek en do\u011fru ifade olsa gerek.\u00c7\u00fcnk\u00fc a\u00e7l\u0131\u011fa \u00e7are olarak lanse edilen \u201cye\u015fil devrim\u201dle<span class=\"excerpt-hellip\"> [\u2026]<\/span><\/p>\n","protected":false},"featured_media":0,"template":"","meta":{"_monsterinsights_skip_tracking":false,"_monsterinsights_sitenote_active":false,"_monsterinsights_sitenote_note":"","_monsterinsights_sitenote_category":0},"product_brand":[],"product_cat":[23323,12364],"product_tag":[],"class_list":{"0":"post-711580","1":"product","2":"type-product","3":"status-publish","5":"product_cat-ekoloji","6":"product_cat-genel-konular","7":"pa_cilt-ciltsiz","8":"pa_tur-kitap","9":"pa_yayinevi-yeni-insan-yayinlari","10":"pa_yazar-gurkan-akgunes","12":"first","13":"instock","14":"sale","15":"shipping-taxable","16":"purchasable","17":"product-type-simple"},"_links":{"self":[{"href":"https:\/\/roveyayinevi.com.tr\/index.php\/wp-json\/wp\/v2\/product\/711580","targetHints":{"allow":["GET"]}}],"collection":[{"href":"https:\/\/roveyayinevi.com.tr\/index.php\/wp-json\/wp\/v2\/product"}],"about":[{"href":"https:\/\/roveyayinevi.com.tr\/index.php\/wp-json\/wp\/v2\/types\/product"}],"wp:attachment":[{"href":"https:\/\/roveyayinevi.com.tr\/index.php\/wp-json\/wp\/v2\/media?parent=711580"}],"wp:term":[{"taxonomy":"product_brand","embeddable":true,"href":"https:\/\/roveyayinevi.com.tr\/index.php\/wp-json\/wp\/v2\/product_brand?post=711580"},{"taxonomy":"product_cat","embeddable":true,"href":"https:\/\/roveyayinevi.com.tr\/index.php\/wp-json\/wp\/v2\/product_cat?post=711580"},{"taxonomy":"product_tag","embeddable":true,"href":"https:\/\/roveyayinevi.com.tr\/index.php\/wp-json\/wp\/v2\/product_tag?post=711580"}],"curies":[{"name":"wp","href":"https:\/\/api.w.org\/{rel}","templated":true}]}}