{"id":711578,"date":"2025-08-27T16:47:20","date_gmt":"2025-08-27T13:47:20","guid":{"rendered":"https:\/\/roveyayinevi.com.tr\/index.php\/urun\/mutlu-yasam-kilavuzu\/"},"modified":"2026-04-13T02:25:06","modified_gmt":"2026-04-12T23:25:06","slug":"mutlu-yasam-kilavuzu","status":"publish","type":"product","link":"https:\/\/roveyayinevi.com.tr\/index.php\/urun\/mutlu-yasam-kilavuzu\/","title":{"rendered":"Mutlu Ya\u015fam K\u0131lavuzu"},"content":{"rendered":"<p>Bu kitab\u0131n amac\u0131 sizi s\u00fcrekli ve kal\u0131c\u0131 bir de\u011fi\u015fim yolculu\u011funa \u00e7\u0131karmak ve bu yolculukta size k\u0131lavuz olmakt\u0131r. \u201cKendiminas\u0131l daha iyi hissederim? \u0130li\u015fkimi nas\u0131l daha mutlu hale getirebilirim? Cinsel ya\u015fam\u0131m\u0131 nas\u0131l daha keyifliyapabilirim?\u201d diye d\u00fc\u015f\u00fcn\u00fcyorsan\u0131z, bu kitab\u0131 okumaya ba\u015flayarak ilk ad\u0131m\u0131 att\u0131n\u0131z bile\u2026 Unutmay\u0131n bug\u00fcnkalan ya\u015fam\u0131n\u0131z\u0131n ilk g\u00fcn\u00fc ve de\u011fi\u015fimin tam zaman\u0131\u2026 \u00d6yleyse de\u011fi\u015fim ba\u015flas\u0131n!Merih KE\u00c7E \u2013 Cem KE\u00c7EMutluluk bir ya\u015fam bi\u00e7imi olarak yapt\u0131klar\u0131n\u0131z ya da yapmad\u0131klar\u0131n\u0131zla ili\u015fkilidir ve birdenbire ortaya\u00e7\u0131kmaz, ya\u015fam\u0131n\u0131zdaki pek \u00e7ok fakt\u00f6re ba\u011fl\u0131 bir s\u00fcre\u00e7tir. \u00c7\u00fcnk\u00fc d\u00fc\u015f\u00fcnd\u00fc\u011f\u00fcn\u00fcz, hissetti\u011finiz, inand\u0131\u011f\u0131n\u0131z, yapt\u0131\u011f\u0131n\u0131z her\u015fey mutlulu\u011funuzu etkiler. Bu y\u00fczden mutluluk, fiziksel, duygusal, ruhsal, cinsel, sosyal, mesleki ve \u00e7evreselko\u015fullar\u0131n\u0131z\u0131n denge ve uyum i\u00e7inde oldu\u011fu tatmin edici bir ya\u015fam bi\u00e7imidir. Bu kitap, mutlulu\u011funuzu kendi ellerinizdetutman\u0131zda k\u0131lavuzunuz olacak\u2026Psikoterapi ve Psikoterapistler Derne\u011fi (PS\u0130KODER)\u201cKendimi mutsuz, umutsuz ve \u00e7aresiz hissediyorum\u2026 Sanki bir k\u0131s\u0131rd\u00f6ng\u00fcdeyim&#8230; Bana \u00f6yle bir \u015fey s\u00f6yle ki bir umut\u0131\u015f\u0131\u011f\u0131 yans\u0131n i\u00e7imde!\u201d diyorsan\u0131z, duymak istediklerinizi bu kitab\u0131n her sat\u0131r\u0131nda bulacak ve i\u00e7inizde yanacak umut\u0131\u015f\u0131\u011f\u0131n\u0131n parlakl\u0131\u011f\u0131 ve s\u0131cakl\u0131\u011f\u0131yla ya\u015fam\u0131n\u0131zda huzuru, dengeyi ve mutlulu\u011fu s\u00fcrekli k\u0131labileceksiniz\u2026 Mutlulu\u011fun tek birs\u0131rr\u0131, yoktur, herkesin s\u0131rr\u0131 kendi ya\u015fam\u0131nda gizlidir. Bu kitap, sizin \u00e7ok derinlere gizledi\u011finiz ve nerede oldu\u011funubilmedi\u011finiz mutluluk s\u0131rr\u0131n\u0131za ula\u015fman\u0131za yard\u0131m edecek\u2026Pusula Yay\u0131nevi <\/p>\n","protected":false},"excerpt":{"rendered":"<p>Bu kitab\u0131n amac\u0131 sizi s\u00fcrekli ve kal\u0131c\u0131 bir de\u011fi\u015fim yolculu\u011funa \u00e7\u0131karmak ve bu yolculukta size k\u0131lavuz olmakt\u0131r. \u201cKendiminas\u0131l daha iyi hissederim? \u0130li\u015fkimi nas\u0131l daha mutlu hale<span class=\"excerpt-hellip\"> [\u2026]<\/span><\/p>\n","protected":false},"featured_media":0,"template":"","meta":{"_monsterinsights_skip_tracking":false,"_monsterinsights_sitenote_active":false,"_monsterinsights_sitenote_note":"","_monsterinsights_sitenote_category":0},"product_brand":[],"product_cat":[12364,12376],"product_tag":[],"class_list":{"0":"post-711578","1":"product","2":"type-product","3":"status-publish","5":"product_cat-genel-konular","6":"product_cat-kisisel-gelisim","7":"pa_cilt-ciltsiz","8":"pa_tur-kitap","9":"pa_yayinevi-pusula-yayinevi-ankara","10":"pa_yazar-cem-kece-merih-kece","12":"first","13":"instock","14":"sale","15":"shipping-taxable","16":"purchasable","17":"product-type-simple"},"_links":{"self":[{"href":"https:\/\/roveyayinevi.com.tr\/index.php\/wp-json\/wp\/v2\/product\/711578","targetHints":{"allow":["GET"]}}],"collection":[{"href":"https:\/\/roveyayinevi.com.tr\/index.php\/wp-json\/wp\/v2\/product"}],"about":[{"href":"https:\/\/roveyayinevi.com.tr\/index.php\/wp-json\/wp\/v2\/types\/product"}],"wp:attachment":[{"href":"https:\/\/roveyayinevi.com.tr\/index.php\/wp-json\/wp\/v2\/media?parent=711578"}],"wp:term":[{"taxonomy":"product_brand","embeddable":true,"href":"https:\/\/roveyayinevi.com.tr\/index.php\/wp-json\/wp\/v2\/product_brand?post=711578"},{"taxonomy":"product_cat","embeddable":true,"href":"https:\/\/roveyayinevi.com.tr\/index.php\/wp-json\/wp\/v2\/product_cat?post=711578"},{"taxonomy":"product_tag","embeddable":true,"href":"https:\/\/roveyayinevi.com.tr\/index.php\/wp-json\/wp\/v2\/product_tag?post=711578"}],"curies":[{"name":"wp","href":"https:\/\/api.w.org\/{rel}","templated":true}]}}