{"id":711576,"date":"2025-08-27T16:47:19","date_gmt":"2025-08-27T13:47:19","guid":{"rendered":"https:\/\/roveyayinevi.com.tr\/index.php\/urun\/kalbim-sana-emanet\/"},"modified":"2026-04-16T02:20:27","modified_gmt":"2026-04-15T23:20:27","slug":"kalbim-sana-emanet","status":"publish","type":"product","link":"https:\/\/roveyayinevi.com.tr\/index.php\/urun\/kalbim-sana-emanet\/","title":{"rendered":"Kalbim Sana Emanet"},"content":{"rendered":"<p>\u201cG\u00f6zya\u015flar\u0131mdan sel olacak, toprak \u0131slanacak, ye\u015ferecek, bahar gelecek, \u0131st\u0131raptan mutluluk do\u011facakm\u0131\u015f. Ne bileydim\u2026\u201d   \u00dclk\u00fc Burhan, Kalbim Sana Emanet\u2019te cumhuriyetin kurulu\u015funa omuz veren bir kad\u0131n\u0131n, Maide\u2019nin hik\u00e2yesini anlat\u0131yor. Maide, Cumhuriyet \u0131\u015f\u0131\u011f\u0131yla ayd\u0131nlanm\u0131\u015f idealist bir \u00f6\u011fretmen. 1950\u2019li y\u0131llar\u0131n \u00e7alkant\u0131s\u0131nda, ailesinin ge\u00e7imini \u00fcstlenmek zorunda kalm\u0131\u015f ve bu y\u00fczden a\u015fk\u0131 hep ertelenmi\u015f gen\u00e7 bir kad\u0131n. Zaman, onunla beraber hepimizi kula\u011f\u0131na \u201ca\u015fk\u0131n kimsenin s\u00f6z\u00fcne kulak asmad\u0131\u011f\u0131n\u0131 ve \u00f6rd\u00fc\u011f\u00fcm\u00fcz duvarlar\u0131 \u00f6nemsemedi\u011fini\u201d f\u0131s\u0131ldayacak. \u00dclk\u00fc Burhan, mektup sat\u0131rlar\u0131na s\u0131\u011f\u0131nm\u0131\u015f bir a\u015fk\u0131 ve d\u00f6nemin T\u00fcrkiye\u2019sinin h\u00fcz\u00fcnl\u00fc portresini yal\u0131n bir dil, etkileyici bir anlat\u0131mla sunuyor. <\/p>\n","protected":false},"excerpt":{"rendered":"<p>\u201cG\u00f6zya\u015flar\u0131mdan sel olacak, toprak \u0131slanacak, ye\u015ferecek, bahar gelecek, \u0131st\u0131raptan mutluluk do\u011facakm\u0131\u015f. Ne bileydim\u2026\u201d \u00dclk\u00fc Burhan, Kalbim Sana Emanet\u2019te cumhuriyetin kurulu\u015funa omuz veren bir kad\u0131n\u0131n, Maide\u2019nin hik\u00e2yesini<span class=\"excerpt-hellip\"> [\u2026]<\/span><\/p>\n","protected":false},"featured_media":0,"template":"","meta":{"_monsterinsights_skip_tracking":false,"_monsterinsights_sitenote_active":false,"_monsterinsights_sitenote_note":"","_monsterinsights_sitenote_category":0},"product_brand":[],"product_cat":[12291,12711],"product_tag":[],"class_list":{"0":"post-711576","1":"product","2":"type-product","3":"status-publish","5":"product_cat-edebiyat","6":"product_cat-roman-oyku","7":"pa_cilt-ciltsiz","8":"pa_tur-kitap","9":"pa_yayinevi-cinar-yayinlari","10":"pa_yazar-ulku-burhan","12":"first","13":"instock","14":"sale","15":"shipping-taxable","16":"purchasable","17":"product-type-simple"},"_links":{"self":[{"href":"https:\/\/roveyayinevi.com.tr\/index.php\/wp-json\/wp\/v2\/product\/711576","targetHints":{"allow":["GET"]}}],"collection":[{"href":"https:\/\/roveyayinevi.com.tr\/index.php\/wp-json\/wp\/v2\/product"}],"about":[{"href":"https:\/\/roveyayinevi.com.tr\/index.php\/wp-json\/wp\/v2\/types\/product"}],"wp:attachment":[{"href":"https:\/\/roveyayinevi.com.tr\/index.php\/wp-json\/wp\/v2\/media?parent=711576"}],"wp:term":[{"taxonomy":"product_brand","embeddable":true,"href":"https:\/\/roveyayinevi.com.tr\/index.php\/wp-json\/wp\/v2\/product_brand?post=711576"},{"taxonomy":"product_cat","embeddable":true,"href":"https:\/\/roveyayinevi.com.tr\/index.php\/wp-json\/wp\/v2\/product_cat?post=711576"},{"taxonomy":"product_tag","embeddable":true,"href":"https:\/\/roveyayinevi.com.tr\/index.php\/wp-json\/wp\/v2\/product_tag?post=711576"}],"curies":[{"name":"wp","href":"https:\/\/api.w.org\/{rel}","templated":true}]}}