{"id":711575,"date":"2025-08-27T16:47:18","date_gmt":"2025-08-27T13:47:18","guid":{"rendered":"https:\/\/roveyayinevi.com.tr\/index.php\/urun\/beyaz-kum-1\/"},"modified":"2026-04-16T02:20:27","modified_gmt":"2026-04-15T23:20:27","slug":"beyaz-kum-1","status":"publish","type":"product","link":"https:\/\/roveyayinevi.com.tr\/index.php\/urun\/beyaz-kum-1\/","title":{"rendered":"Beyaz Kum 1"},"content":{"rendered":"<p>Beyaz Kum New York Times \u00c7ok Satanlar Liste\u2019sinin gediklisi Brandon Sanderson\u2019dan b\u00fcy\u00fc ve maceran\u0131n doyas\u0131ya ya\u015fand\u0131\u011f\u0131 yepyeni bir destan.   Taldain gezegenindeki efsanevi Kum \u00dcstatlar\u0131, kuma ola\u011fan\u00fcst\u00fc \u015fekillerde h\u00fckmetmek i\u00e7in kadim g\u00fc\u00e7leri kullan\u0131yorlar. Ancak me\u015fum bir pusunun ard\u0131ndan Kum \u00dcstatlar\u0131 katledildi ve t\u00fcm Kum \u00dcstatlar\u0131 aras\u0131nda g\u00fc\u00e7leri en zay\u0131f olan Kenton da geride kalan yeg\u00e2ne Kum \u00dcstad\u0131 oldu\u011funu d\u00fc\u015f\u00fcn\u00fcyor. D\u00fc\u015fman d\u00f6rt bir yandan yakla\u015f\u0131r ve \u00e7ember her g\u00fcn daral\u0131rken, Kenton gizemli bir Karanl\u0131k Tarafl\u0131 olan Khriss ile beklenmedik bir ittifak kuruyor.   Beyaz Kum, Brandon Sanderson\u2019un her g\u00fcn b\u00fcy\u00fcmeye devam eden Cosmere evreninin daha \u00f6nce hi\u00e7 yay\u0131nlanmam\u0131\u015f \u00f6nemli bir k\u0131sm\u0131n\u0131 g\u00fcn \u0131\u015f\u0131\u011f\u0131na \u00e7\u0131kar\u0131yor. <\/p>\n","protected":false},"excerpt":{"rendered":"<p>Beyaz Kum New York Times \u00c7ok Satanlar Liste\u2019sinin gediklisi Brandon Sanderson\u2019dan b\u00fcy\u00fc ve maceran\u0131n doyas\u0131ya ya\u015fand\u0131\u011f\u0131 yepyeni bir destan. Taldain gezegenindeki efsanevi Kum \u00dcstatlar\u0131, kuma ola\u011fan\u00fcst\u00fc<span class=\"excerpt-hellip\"> [\u2026]<\/span><\/p>\n","protected":false},"featured_media":0,"template":"","meta":{"_monsterinsights_skip_tracking":false,"_monsterinsights_sitenote_active":false,"_monsterinsights_sitenote_note":"","_monsterinsights_sitenote_category":0},"product_brand":[],"product_cat":[12689,12274],"product_tag":[],"class_list":{"0":"post-711575","1":"product","2":"type-product","3":"status-publish","5":"product_cat-cizgi-roman-cocuk-ve-genclik-kitaplari","6":"product_cat-cocuk-ve-genclik-kitaplari","7":"pa_cilt-ciltsiz","8":"pa_tur-kitap","9":"pa_yayinevi-akil-celen-kitaplar","10":"pa_yazar-brandon-sanderson","12":"first","13":"instock","14":"sale","15":"shipping-taxable","16":"purchasable","17":"product-type-simple"},"_links":{"self":[{"href":"https:\/\/roveyayinevi.com.tr\/index.php\/wp-json\/wp\/v2\/product\/711575","targetHints":{"allow":["GET"]}}],"collection":[{"href":"https:\/\/roveyayinevi.com.tr\/index.php\/wp-json\/wp\/v2\/product"}],"about":[{"href":"https:\/\/roveyayinevi.com.tr\/index.php\/wp-json\/wp\/v2\/types\/product"}],"wp:attachment":[{"href":"https:\/\/roveyayinevi.com.tr\/index.php\/wp-json\/wp\/v2\/media?parent=711575"}],"wp:term":[{"taxonomy":"product_brand","embeddable":true,"href":"https:\/\/roveyayinevi.com.tr\/index.php\/wp-json\/wp\/v2\/product_brand?post=711575"},{"taxonomy":"product_cat","embeddable":true,"href":"https:\/\/roveyayinevi.com.tr\/index.php\/wp-json\/wp\/v2\/product_cat?post=711575"},{"taxonomy":"product_tag","embeddable":true,"href":"https:\/\/roveyayinevi.com.tr\/index.php\/wp-json\/wp\/v2\/product_tag?post=711575"}],"curies":[{"name":"wp","href":"https:\/\/api.w.org\/{rel}","templated":true}]}}