{"id":711574,"date":"2025-08-27T16:47:18","date_gmt":"2025-08-27T13:47:18","guid":{"rendered":"https:\/\/roveyayinevi.com.tr\/index.php\/urun\/diyarbakir-kopruleri\/"},"modified":"2026-04-16T02:20:27","modified_gmt":"2026-04-15T23:20:27","slug":"diyarbakir-kopruleri","status":"publish","type":"product","link":"https:\/\/roveyayinevi.com.tr\/index.php\/urun\/diyarbakir-kopruleri\/","title":{"rendered":"Diyarbak\u0131r K\u00f6pr\u00fcleri"},"content":{"rendered":"<p>K\u00f6pr\u00fcler; sefere \u00e7\u0131k\u0131l\u0131rken ordunun ge\u00e7ti\u011fi, posta ve haberle\u015fme te\u015fkilat\u0131n\u0131n kulland\u0131\u011f\u0131, ticaret kervanlar\u0131n\u0131n ve hac kafilelerinin yararland\u0131\u011f\u0131 ge\u00e7itler olarak \u00f6nem ta\u015f\u0131makla birlikte bazen de k\u00f6pr\u00fc g\u00f6revlilerinin ve ulaklar\u0131n bar\u0131nma amac\u0131yla kulland\u0131klar\u0131 meskenlerdi. <\/p>\n","protected":false},"excerpt":{"rendered":"<p>K\u00f6pr\u00fcler; sefere \u00e7\u0131k\u0131l\u0131rken ordunun ge\u00e7ti\u011fi, posta ve haberle\u015fme te\u015fkilat\u0131n\u0131n kulland\u0131\u011f\u0131, ticaret kervanlar\u0131n\u0131n ve hac kafilelerinin yararland\u0131\u011f\u0131 ge\u00e7itler olarak \u00f6nem ta\u015f\u0131makla birlikte bazen de k\u00f6pr\u00fc g\u00f6revlilerinin ve<span class=\"excerpt-hellip\"> [\u2026]<\/span><\/p>\n","protected":false},"featured_media":0,"template":"","meta":{"_monsterinsights_skip_tracking":false,"_monsterinsights_sitenote_active":false,"_monsterinsights_sitenote_note":"","_monsterinsights_sitenote_category":0},"product_brand":[],"product_cat":[40414,12408],"product_tag":[],"class_list":{"0":"post-711574","1":"product","2":"type-product","3":"status-publish","5":"product_cat-referans-kitaplar-sanat","6":"product_cat-sanat","7":"pa_cilt-ciltsiz","8":"pa_tur-kitap","9":"pa_yayinevi-bilgin-kultur-sanat","10":"pa_yazar-evindar-yesilbas","12":"first","13":"instock","14":"sale","15":"shipping-taxable","16":"purchasable","17":"product-type-simple"},"_links":{"self":[{"href":"https:\/\/roveyayinevi.com.tr\/index.php\/wp-json\/wp\/v2\/product\/711574","targetHints":{"allow":["GET"]}}],"collection":[{"href":"https:\/\/roveyayinevi.com.tr\/index.php\/wp-json\/wp\/v2\/product"}],"about":[{"href":"https:\/\/roveyayinevi.com.tr\/index.php\/wp-json\/wp\/v2\/types\/product"}],"wp:attachment":[{"href":"https:\/\/roveyayinevi.com.tr\/index.php\/wp-json\/wp\/v2\/media?parent=711574"}],"wp:term":[{"taxonomy":"product_brand","embeddable":true,"href":"https:\/\/roveyayinevi.com.tr\/index.php\/wp-json\/wp\/v2\/product_brand?post=711574"},{"taxonomy":"product_cat","embeddable":true,"href":"https:\/\/roveyayinevi.com.tr\/index.php\/wp-json\/wp\/v2\/product_cat?post=711574"},{"taxonomy":"product_tag","embeddable":true,"href":"https:\/\/roveyayinevi.com.tr\/index.php\/wp-json\/wp\/v2\/product_tag?post=711574"}],"curies":[{"name":"wp","href":"https:\/\/api.w.org\/{rel}","templated":true}]}}