{"id":711572,"date":"2025-08-27T16:47:17","date_gmt":"2025-08-27T13:47:17","guid":{"rendered":"https:\/\/roveyayinevi.com.tr\/index.php\/urun\/ilk-boyama-kitabim-korsanlar\/"},"modified":"2026-04-16T02:20:27","modified_gmt":"2026-04-15T23:20:27","slug":"ilk-boyama-kitabim-korsanlar","status":"publish","type":"product","link":"https:\/\/roveyayinevi.com.tr\/index.php\/urun\/ilk-boyama-kitabim-korsanlar\/","title":{"rendered":"\u0130lk Boyama Kitab\u0131m &#8211; Korsanlar"},"content":{"rendered":"<p>\u0130lk Boyama Kitab\u0131m &#8211; Korsanlar   Bu e\u011flenceli kitapta bir\u00e7ok korsan var! Hadi korsan gemisini ve korsanlar\u0131 reng\u00e2renk boya, sayfalar\u0131 \u00e7\u0131kartmalarla s\u00fcsle! <\/p>\n","protected":false},"excerpt":{"rendered":"<p>\u0130lk Boyama Kitab\u0131m &#8211; Korsanlar Bu e\u011flenceli kitapta bir\u00e7ok korsan var! Hadi korsan gemisini ve korsanlar\u0131 reng\u00e2renk boya, sayfalar\u0131 \u00e7\u0131kartmalarla s\u00fcsle!<\/p>\n","protected":false},"featured_media":0,"template":"","meta":{"_monsterinsights_skip_tracking":false,"_monsterinsights_sitenote_active":false,"_monsterinsights_sitenote_note":"","_monsterinsights_sitenote_category":0},"product_brand":[],"product_cat":[12644,12274],"product_tag":[],"class_list":{"0":"post-711572","1":"product","2":"type-product","3":"status-publish","5":"product_cat-boyama-kitaplari","6":"product_cat-cocuk-ve-genclik-kitaplari","7":"pa_cilt-ciltsiz","8":"pa_tur-kitap","9":"pa_yayinevi-1001-cicek-kitaplar","10":"pa_yazar-kollektif","12":"first","13":"instock","14":"sale","15":"shipping-taxable","16":"purchasable","17":"product-type-simple"},"_links":{"self":[{"href":"https:\/\/roveyayinevi.com.tr\/index.php\/wp-json\/wp\/v2\/product\/711572","targetHints":{"allow":["GET"]}}],"collection":[{"href":"https:\/\/roveyayinevi.com.tr\/index.php\/wp-json\/wp\/v2\/product"}],"about":[{"href":"https:\/\/roveyayinevi.com.tr\/index.php\/wp-json\/wp\/v2\/types\/product"}],"wp:attachment":[{"href":"https:\/\/roveyayinevi.com.tr\/index.php\/wp-json\/wp\/v2\/media?parent=711572"}],"wp:term":[{"taxonomy":"product_brand","embeddable":true,"href":"https:\/\/roveyayinevi.com.tr\/index.php\/wp-json\/wp\/v2\/product_brand?post=711572"},{"taxonomy":"product_cat","embeddable":true,"href":"https:\/\/roveyayinevi.com.tr\/index.php\/wp-json\/wp\/v2\/product_cat?post=711572"},{"taxonomy":"product_tag","embeddable":true,"href":"https:\/\/roveyayinevi.com.tr\/index.php\/wp-json\/wp\/v2\/product_tag?post=711572"}],"curies":[{"name":"wp","href":"https:\/\/api.w.org\/{rel}","templated":true}]}}