{"id":711569,"date":"2025-08-27T16:47:15","date_gmt":"2025-08-27T13:47:15","guid":{"rendered":"https:\/\/roveyayinevi.com.tr\/index.php\/urun\/elestirmenleri-vurun-sinemanin-lanetlileri\/"},"modified":"2026-04-16T02:20:27","modified_gmt":"2026-04-15T23:20:27","slug":"elestirmenleri-vurun-sinemanin-lanetlileri","status":"publish","type":"product","link":"https:\/\/roveyayinevi.com.tr\/index.php\/urun\/elestirmenleri-vurun-sinemanin-lanetlileri\/","title":{"rendered":"Ele\u015ftirmenleri Vurun! Sineman\u0131n Lanetlileri"},"content":{"rendered":"<p>Sinema ele\u015ftirmeni Tunca Arslan, d\u00fcnya ve T\u00fcrk sinemas\u0131ndan \u00f6rneklerle  \u201cbitmeyen kavga\u201dn\u0131n \u00f6yk\u00fcs\u00fcn\u00fc anlat\u0131yor&#8230;   \u00b7 Ele\u015ftirmenlerden nefret eden y\u00f6netmenler, yap\u0131mc\u0131lar, oyuncular, k\u00f6\u015fe yazarlar\u0131\u2026 \u00b7 \u201c\u00c7ete\u201d, \u201cmafya\u201d, \u201cyabanc\u0131 sineman\u0131n ajan\u0131\u201d su\u00e7lamalar\u0131\u2026 \u00b7 Ele\u015ftirmenlere y\u00f6nelik aforizmalar, hakaretler, sald\u0131r\u0131lar, tehditler, davalar\u2026 \u00b7 \u201cBirka\u00e7 ele\u015ftirmenin kellesi gidecek\u201d diyen \u00f6fkeli y\u00f6netmenler\u2026 \u00b7 \u201cBen de seni mahvedece\u011fim\u201d diyerek intikam pe\u015finde ko\u015fanlar\u2026 \u00b7 \u201cKifayetsiz muhterisler, onlar\u0131 daha da a\u015fa\u011f\u0131lamak istiyorum\u201d diyen oyuncular\u2026 \u00b7 Tekme, tokat ve k\u00fcf\u00fcrlerin havada u\u00e7u\u015ftu\u011fu festival t\u00f6renleri\u2026 \u00b7 \u201cTek sat\u0131r yazd\u0131rmam bunlara\u201d diyen gazete y\u00f6neticileri\u2026 \u00b7 Film ve romanlardaki tuhaf ele\u015ftirmen tiplemeleri\u2026 \u00b7 \u201cHaremdeki had\u0131ma\u011falar\u0131, koku\u015fmu\u015f ahk\u00e2m kesiciler, sinek gibi ezileceksiniz\u201d hayk\u0131r\u0131\u015flar\u0131\u2026 \u00b7 Ve ele\u015ftirmenlerden yan\u0131tlar, tart\u0131\u015fmalar, kar\u015f\u0131 hamleler\u2026   Sinema tarihinin \u015fimdiye dek ayak bas\u0131lmam\u0131\u015f b\u00f6lgelerine s\u0131ra d\u0131\u015f\u0131 ve renkli bir yolculuk&#8230; <\/p>\n","protected":false},"excerpt":{"rendered":"<p>Sinema ele\u015ftirmeni Tunca Arslan, d\u00fcnya ve T\u00fcrk sinemas\u0131ndan \u00f6rneklerle \u201cbitmeyen kavga\u201dn\u0131n \u00f6yk\u00fcs\u00fcn\u00fc anlat\u0131yor&#8230; \u00b7 Ele\u015ftirmenlerden nefret eden y\u00f6netmenler, yap\u0131mc\u0131lar, oyuncular, k\u00f6\u015fe yazarlar\u0131\u2026 \u00b7 \u201c\u00c7ete\u201d, \u201cmafya\u201d, \u201cyabanc\u0131<span class=\"excerpt-hellip\"> [\u2026]<\/span><\/p>\n","protected":false},"featured_media":0,"template":"","meta":{"_monsterinsights_skip_tracking":false,"_monsterinsights_sitenote_active":false,"_monsterinsights_sitenote_note":"","_monsterinsights_sitenote_category":0},"product_brand":[],"product_cat":[12409,12408],"product_tag":[],"class_list":{"0":"post-711569","1":"product","2":"type-product","3":"status-publish","5":"product_cat-fotograf-sinema-tiyatro","6":"product_cat-sanat","7":"pa_cilt-ciltsiz","8":"pa_tur-kitap","9":"pa_yayinevi-kirmizi-kedi-yayinevi","10":"pa_yazar-tunca-arslan","12":"first","13":"instock","14":"sale","15":"shipping-taxable","16":"purchasable","17":"product-type-simple"},"_links":{"self":[{"href":"https:\/\/roveyayinevi.com.tr\/index.php\/wp-json\/wp\/v2\/product\/711569","targetHints":{"allow":["GET"]}}],"collection":[{"href":"https:\/\/roveyayinevi.com.tr\/index.php\/wp-json\/wp\/v2\/product"}],"about":[{"href":"https:\/\/roveyayinevi.com.tr\/index.php\/wp-json\/wp\/v2\/types\/product"}],"wp:attachment":[{"href":"https:\/\/roveyayinevi.com.tr\/index.php\/wp-json\/wp\/v2\/media?parent=711569"}],"wp:term":[{"taxonomy":"product_brand","embeddable":true,"href":"https:\/\/roveyayinevi.com.tr\/index.php\/wp-json\/wp\/v2\/product_brand?post=711569"},{"taxonomy":"product_cat","embeddable":true,"href":"https:\/\/roveyayinevi.com.tr\/index.php\/wp-json\/wp\/v2\/product_cat?post=711569"},{"taxonomy":"product_tag","embeddable":true,"href":"https:\/\/roveyayinevi.com.tr\/index.php\/wp-json\/wp\/v2\/product_tag?post=711569"}],"curies":[{"name":"wp","href":"https:\/\/api.w.org\/{rel}","templated":true}]}}