{"id":711567,"date":"2025-08-27T16:47:14","date_gmt":"2025-08-27T13:47:14","guid":{"rendered":"https:\/\/roveyayinevi.com.tr\/index.php\/urun\/sarki-boyle-soylenir\/"},"modified":"2026-04-16T02:20:27","modified_gmt":"2026-04-15T23:20:27","slug":"sarki-boyle-soylenir","status":"publish","type":"product","link":"https:\/\/roveyayinevi.com.tr\/index.php\/urun\/sarki-boyle-soylenir\/","title":{"rendered":"\u015eark\u0131 B\u00f6yle S\u00f6ylenir"},"content":{"rendered":"<p>T\u00fcrk M\u00fczi\u011fi gemimizin sevgide\u011fer yolcular\u0131; gemimiizde, cennet \u00fclkemde ya\u015fayan her y\u00f6reye ait yolcular\u0131m\u0131z var. Yani, \u00e7ok renkli bir m\u00fczik k\u00fclt\u00fcr\u00fcm\u00fcz var. Hepsi de birbirinden g\u00fczel de\u011ferli ev g\u00fczel. \ufffcTan\u0131t\u0131m Metni<\/p>\n","protected":false},"excerpt":{"rendered":"<p>T\u00fcrk M\u00fczi\u011fi gemimizin sevgide\u011fer yolcular\u0131; gemimiizde, cennet \u00fclkemde ya\u015fayan her y\u00f6reye ait yolcular\u0131m\u0131z var. Yani, \u00e7ok renkli bir m\u00fczik k\u00fclt\u00fcr\u00fcm\u00fcz var. Hepsi de birbirinden g\u00fczel de\u011ferli<span class=\"excerpt-hellip\"> [\u2026]<\/span><\/p>\n","protected":false},"featured_media":0,"template":"","meta":{"_monsterinsights_skip_tracking":false,"_monsterinsights_sitenote_active":false,"_monsterinsights_sitenote_note":"","_monsterinsights_sitenote_category":0},"product_brand":[],"product_cat":[12274,12649],"product_tag":[],"class_list":{"0":"post-711567","1":"product","2":"type-product","3":"status-publish","5":"product_cat-cocuk-ve-genclik-kitaplari","6":"product_cat-hobi-muzik","7":"pa_cilt-ciltsiz","8":"pa_tur-kitap","9":"pa_yayinevi-yalcin-mihci","10":"pa_yazar-yalcin-mihci","12":"first","13":"instock","14":"sale","15":"shipping-taxable","16":"purchasable","17":"product-type-simple"},"_links":{"self":[{"href":"https:\/\/roveyayinevi.com.tr\/index.php\/wp-json\/wp\/v2\/product\/711567","targetHints":{"allow":["GET"]}}],"collection":[{"href":"https:\/\/roveyayinevi.com.tr\/index.php\/wp-json\/wp\/v2\/product"}],"about":[{"href":"https:\/\/roveyayinevi.com.tr\/index.php\/wp-json\/wp\/v2\/types\/product"}],"wp:attachment":[{"href":"https:\/\/roveyayinevi.com.tr\/index.php\/wp-json\/wp\/v2\/media?parent=711567"}],"wp:term":[{"taxonomy":"product_brand","embeddable":true,"href":"https:\/\/roveyayinevi.com.tr\/index.php\/wp-json\/wp\/v2\/product_brand?post=711567"},{"taxonomy":"product_cat","embeddable":true,"href":"https:\/\/roveyayinevi.com.tr\/index.php\/wp-json\/wp\/v2\/product_cat?post=711567"},{"taxonomy":"product_tag","embeddable":true,"href":"https:\/\/roveyayinevi.com.tr\/index.php\/wp-json\/wp\/v2\/product_tag?post=711567"}],"curies":[{"name":"wp","href":"https:\/\/api.w.org\/{rel}","templated":true}]}}