{"id":711566,"date":"2025-08-27T16:47:13","date_gmt":"2025-08-27T13:47:13","guid":{"rendered":"https:\/\/roveyayinevi.com.tr\/index.php\/urun\/guresci-troller-mac-2\/"},"modified":"2026-04-16T02:20:27","modified_gmt":"2026-04-15T23:20:27","slug":"guresci-troller-mac-2","status":"publish","type":"product","link":"https:\/\/roveyayinevi.com.tr\/index.php\/urun\/guresci-troller-mac-2\/","title":{"rendered":"G\u00fcre\u015f\u00e7i Troller (Ma\u00e7 2)"},"content":{"rendered":"<p>Waldo\u2019nun G\u00fcre\u015f\u00e7i Trolleri\u2019yle ma\u00e7lar\u0131 kazanmak \u00e7ok kolay. \u00c7\u00fcnk\u00fc hepsi birbirinden g\u00fc\u00e7l\u00fc ve zeki.Yar\u0131-trol Jack, hen\u00fcz nas\u0131l kontrol edece\u011fini bilmese de bir trole d\u00f6n\u00fc\u015fme g\u00fcc\u00fcne sahip. D\u00f6n\u00fc\u015ft\u00fc\u011f\u00fc zamanlarda yenilmez birsava\u015f\u00e7\u0131 oluyor. Trole d\u00f6n\u00fc\u015fm\u00fc\u015f haline G\u00fcmb\u00fcrt\u00fc ad\u0131n\u0131 koydu arkada\u015flar\u0131.Goblinlerin sald\u0131r\u0131s\u0131na u\u011frayan ve esir al\u0131nan arkada\u015flar\u0131n\u0131 kurtarmak i\u00e7in harekete ge\u00e7en G\u00fcre\u015f\u00e7i Troller\u2019in ba\u015f\u0131nda bu defaG\u00fcmb\u00fcrt\u00fc\u2019ye ihtiya\u00e7 var. Ancak Jack bir t\u00fcrl\u00fc d\u00f6n\u00fc\u015fmeyi ba\u015faram\u0131yor. <\/p>\n","protected":false},"excerpt":{"rendered":"<p>Waldo\u2019nun G\u00fcre\u015f\u00e7i Trolleri\u2019yle ma\u00e7lar\u0131 kazanmak \u00e7ok kolay. \u00c7\u00fcnk\u00fc hepsi birbirinden g\u00fc\u00e7l\u00fc ve zeki.Yar\u0131-trol Jack, hen\u00fcz nas\u0131l kontrol edece\u011fini bilmese de bir trole d\u00f6n\u00fc\u015fme g\u00fcc\u00fcne sahip. D\u00f6n\u00fc\u015ft\u00fc\u011f\u00fc<span class=\"excerpt-hellip\"> [\u2026]<\/span><\/p>\n","protected":false},"featured_media":0,"template":"","meta":{"_monsterinsights_skip_tracking":false,"_monsterinsights_sitenote_active":false,"_monsterinsights_sitenote_note":"","_monsterinsights_sitenote_category":0},"product_brand":[],"product_cat":[12275,12274],"product_tag":[],"class_list":{"0":"post-711566","1":"product","2":"type-product","3":"status-publish","5":"product_cat-6-12-yas-kitaplari","6":"product_cat-cocuk-ve-genclik-kitaplari","7":"pa_cilt-ciltsiz","8":"pa_tur-kitap","9":"pa_yayinevi-nemesis-kitap","10":"pa_yazar-jim-eldridge","12":"first","13":"instock","14":"sale","15":"shipping-taxable","16":"purchasable","17":"product-type-simple"},"_links":{"self":[{"href":"https:\/\/roveyayinevi.com.tr\/index.php\/wp-json\/wp\/v2\/product\/711566","targetHints":{"allow":["GET"]}}],"collection":[{"href":"https:\/\/roveyayinevi.com.tr\/index.php\/wp-json\/wp\/v2\/product"}],"about":[{"href":"https:\/\/roveyayinevi.com.tr\/index.php\/wp-json\/wp\/v2\/types\/product"}],"wp:attachment":[{"href":"https:\/\/roveyayinevi.com.tr\/index.php\/wp-json\/wp\/v2\/media?parent=711566"}],"wp:term":[{"taxonomy":"product_brand","embeddable":true,"href":"https:\/\/roveyayinevi.com.tr\/index.php\/wp-json\/wp\/v2\/product_brand?post=711566"},{"taxonomy":"product_cat","embeddable":true,"href":"https:\/\/roveyayinevi.com.tr\/index.php\/wp-json\/wp\/v2\/product_cat?post=711566"},{"taxonomy":"product_tag","embeddable":true,"href":"https:\/\/roveyayinevi.com.tr\/index.php\/wp-json\/wp\/v2\/product_tag?post=711566"}],"curies":[{"name":"wp","href":"https:\/\/api.w.org\/{rel}","templated":true}]}}