{"id":711565,"date":"2025-08-27T16:47:13","date_gmt":"2025-08-27T13:47:13","guid":{"rendered":"https:\/\/roveyayinevi.com.tr\/index.php\/urun\/trampetler-calarken\/"},"modified":"2026-04-16T02:20:27","modified_gmt":"2026-04-15T23:20:27","slug":"trampetler-calarken","status":"publish","type":"product","link":"https:\/\/roveyayinevi.com.tr\/index.php\/urun\/trampetler-calarken\/","title":{"rendered":"Trampetler \u00c7alarken"},"content":{"rendered":"<p>\u0130K\u0130NC\u0130 D\u00dcNYA SAVA\u015eI\u2019NIN  EN AYKIRI D\u00d6RTL\u00dcS\u00dc   Rommel, Patton, Montgomery, Jukov     Sava\u015f, b\u00fcy\u00fck bir oyundur; ya\u015fam ve \u00f6l\u00fcm i\u00e7in,  ilk \u00e7a\u011flardan bug\u00fcnlere gelen bir d\u00fcnya oyunu. \u0130nsan do\u011fas\u0131 yerinde durdu\u011fu s\u00fcrece de bu oyun  devam edecektir.   B\u00fct\u00fcn kar\u015f\u0131tlar sava\u015fta vard\u0131r: Gece ve g\u00fcnd\u00fcz,  yaz ve k\u0131\u015f, s\u0131cak ve so\u011fuk, ya\u015f ve kuru, haf if ve a\u011f\u0131r, ya\u015fam ve \u00f6l\u00fcm.   Bu kitap, \u0130kinci D\u00fcnya Sava\u015f\u0131\u2019nda birbirlerine kar\u015f\u0131 sava\u015fan ve uygulad\u0131klar\u0131 strateji ve taktiklerle d\u00fcnyaca \u00fcnlenmi\u015f en ayk\u0131r\u0131 d\u00f6rt generalin biyograf isidir.   Ordu disiplinli bir g\u00fc\u00e7t\u00fcr ama general \u00f6zg\u00fcr ve ba\u011f\u0131ms\u0131z bir ki\u015fili\u011fe ve buna uygun keskin bir  zek\u00e2ya sahip olmadan ne muharebe ne de sava\u015f kazan\u0131l\u0131r.   Sanat, ustalar\u0131yla sanatt\u0131r\u2026 <\/p>\n","protected":false},"excerpt":{"rendered":"<p>\u0130K\u0130NC\u0130 D\u00dcNYA SAVA\u015eI\u2019NIN EN AYKIRI D\u00d6RTL\u00dcS\u00dc Rommel, Patton, Montgomery, Jukov Sava\u015f, b\u00fcy\u00fck bir oyundur; ya\u015fam ve \u00f6l\u00fcm i\u00e7in, ilk \u00e7a\u011flardan bug\u00fcnlere gelen bir d\u00fcnya oyunu. \u0130nsan<span class=\"excerpt-hellip\"> [\u2026]<\/span><\/p>\n","protected":false},"featured_media":0,"template":"","meta":{"_monsterinsights_skip_tracking":false,"_monsterinsights_sitenote_active":false,"_monsterinsights_sitenote_note":"","_monsterinsights_sitenote_category":0},"product_brand":[],"product_cat":[13946,12304],"product_tag":[],"class_list":{"0":"post-711565","1":"product","2":"type-product","3":"status-publish","5":"product_cat-biyografi-otobiyografi","6":"product_cat-tarih","7":"pa_cilt-ciltsiz","8":"pa_tur-kitap","9":"pa_yayinevi-inkilap-kitabevi","10":"pa_yazar-osman-pamukoglu","12":"first","13":"instock","14":"sale","15":"shipping-taxable","16":"purchasable","17":"product-type-simple"},"_links":{"self":[{"href":"https:\/\/roveyayinevi.com.tr\/index.php\/wp-json\/wp\/v2\/product\/711565","targetHints":{"allow":["GET"]}}],"collection":[{"href":"https:\/\/roveyayinevi.com.tr\/index.php\/wp-json\/wp\/v2\/product"}],"about":[{"href":"https:\/\/roveyayinevi.com.tr\/index.php\/wp-json\/wp\/v2\/types\/product"}],"wp:attachment":[{"href":"https:\/\/roveyayinevi.com.tr\/index.php\/wp-json\/wp\/v2\/media?parent=711565"}],"wp:term":[{"taxonomy":"product_brand","embeddable":true,"href":"https:\/\/roveyayinevi.com.tr\/index.php\/wp-json\/wp\/v2\/product_brand?post=711565"},{"taxonomy":"product_cat","embeddable":true,"href":"https:\/\/roveyayinevi.com.tr\/index.php\/wp-json\/wp\/v2\/product_cat?post=711565"},{"taxonomy":"product_tag","embeddable":true,"href":"https:\/\/roveyayinevi.com.tr\/index.php\/wp-json\/wp\/v2\/product_tag?post=711565"}],"curies":[{"name":"wp","href":"https:\/\/api.w.org\/{rel}","templated":true}]}}