{"id":711563,"date":"2025-08-27T16:47:12","date_gmt":"2025-08-27T13:47:12","guid":{"rendered":"https:\/\/roveyayinevi.com.tr\/index.php\/urun\/biz-bu-ulkeyi-sokakta-bulmadik\/"},"modified":"2026-04-16T02:20:27","modified_gmt":"2026-04-15T23:20:27","slug":"biz-bu-ulkeyi-sokakta-bulmadik","status":"publish","type":"product","link":"https:\/\/roveyayinevi.com.tr\/index.php\/urun\/biz-bu-ulkeyi-sokakta-bulmadik\/","title":{"rendered":"Biz Bu \u00dclkeyi Sokakta Bulmad\u0131k"},"content":{"rendered":"<p>\u201c\u2026Devleti k\u00fc\u00e7\u00fcltelim! Neden? Devletimiz \u00e7oook b\u00fcy\u00fck! Nas\u0131l yani? Bir ucu Avrupa\u2019da, Bir ucu Asya\u2019da. Baksan\u0131za kendi kendini bile y\u00f6netemiyor! Ekonomisini \u0130MF ve D\u00fcnya Bankas\u0131, Siyasetini AB ve ABD y\u00f6nlendiriyor. Sonrac\u0131ma, Devletin elinde, devletin kurulu\u015fu da kalmad\u0131. Eee\u2026 Bunun i\u00e7in k\u00fc\u00e7\u00fcltelim devleti, rahat edelim! \u2026 Devlet k\u00fc\u00e7\u00fcl\u00fcrse, siz de k\u00fc\u00e7\u00fclmez misiniz? Siz k\u00fc\u00e7\u00fclerek, k\u00fc\u00e7\u00fcc\u00fck olmak ister misiniz? Ekme\u011finiz azals\u0131n, lokman\u0131z bo\u011faz\u0131n\u0131zda kals\u0131n ister misiniz? D\u00fc\u015f\u00fcn\u00fcn! D\u00fc\u015f\u00fcnelim! Kim s\u00f6yl\u00fcyor? Kimler s\u00f6yletiyor bunlar\u0131? Yoksa Hi\u00e7 k\u00fc\u00e7\u00fclmeyen, Ba\u015fka \u00fclkelerden beslenerek b\u00fcy\u00fcyen, B\u00fcy\u00fck, b\u00fcy\u00fck devletler s\u00f6yl\u00fcyor ve s\u00f6yletiyor olmas\u0131n\u2026\u201d                                                                                                               Ahmet ERO\u011eLU <\/p>\n","protected":false},"excerpt":{"rendered":"<p>\u201c\u2026Devleti k\u00fc\u00e7\u00fcltelim! Neden? Devletimiz \u00e7oook b\u00fcy\u00fck! Nas\u0131l yani? Bir ucu Avrupa\u2019da, Bir ucu Asya\u2019da. Baksan\u0131za kendi kendini bile y\u00f6netemiyor! Ekonomisini \u0130MF ve D\u00fcnya Bankas\u0131, Siyasetini AB<span class=\"excerpt-hellip\"> [\u2026]<\/span><\/p>\n","protected":false},"featured_media":0,"template":"","meta":{"_monsterinsights_skip_tracking":false,"_monsterinsights_sitenote_active":false,"_monsterinsights_sitenote_note":"","_monsterinsights_sitenote_category":0},"product_brand":[],"product_cat":[12337,14543],"product_tag":[],"class_list":{"0":"post-711563","1":"product","2":"type-product","3":"status-publish","5":"product_cat-politika-siyaset","6":"product_cat-turkiye-siyaseti-ve-politikasi","7":"pa_cilt-ciltsiz","8":"pa_tur-kitap","9":"pa_yayinevi-ayata-kitap","10":"pa_yazar-ahmet-eroglu","12":"first","13":"instock","14":"sale","15":"shipping-taxable","16":"purchasable","17":"product-type-simple"},"_links":{"self":[{"href":"https:\/\/roveyayinevi.com.tr\/index.php\/wp-json\/wp\/v2\/product\/711563","targetHints":{"allow":["GET"]}}],"collection":[{"href":"https:\/\/roveyayinevi.com.tr\/index.php\/wp-json\/wp\/v2\/product"}],"about":[{"href":"https:\/\/roveyayinevi.com.tr\/index.php\/wp-json\/wp\/v2\/types\/product"}],"wp:attachment":[{"href":"https:\/\/roveyayinevi.com.tr\/index.php\/wp-json\/wp\/v2\/media?parent=711563"}],"wp:term":[{"taxonomy":"product_brand","embeddable":true,"href":"https:\/\/roveyayinevi.com.tr\/index.php\/wp-json\/wp\/v2\/product_brand?post=711563"},{"taxonomy":"product_cat","embeddable":true,"href":"https:\/\/roveyayinevi.com.tr\/index.php\/wp-json\/wp\/v2\/product_cat?post=711563"},{"taxonomy":"product_tag","embeddable":true,"href":"https:\/\/roveyayinevi.com.tr\/index.php\/wp-json\/wp\/v2\/product_tag?post=711563"}],"curies":[{"name":"wp","href":"https:\/\/api.w.org\/{rel}","templated":true}]}}