{"id":711562,"date":"2025-08-27T16:47:11","date_gmt":"2025-08-27T13:47:11","guid":{"rendered":"https:\/\/roveyayinevi.com.tr\/index.php\/urun\/korkusuz-pianin-orman-kitabi-sessiz-kitap-1\/"},"modified":"2026-04-16T02:20:27","modified_gmt":"2026-04-15T23:20:27","slug":"korkusuz-pianin-orman-kitabi-sessiz-kitap-1","status":"publish","type":"product","link":"https:\/\/roveyayinevi.com.tr\/index.php\/urun\/korkusuz-pianin-orman-kitabi-sessiz-kitap-1\/","title":{"rendered":"Korkusuz Pia&#8217;n\u0131n Orman Kitab\u0131 &#8211; Sessiz Kitap 1"},"content":{"rendered":"<p>Nalan Alaca\u2019dan unutulmayacak bir orman atmosferi&#8230;.     Resmin ve renklerin diliyle d\u00fcnyan\u0131n sadece insanlar i\u00e7in olmad\u0131\u011f\u0131n\u0131 anlatan korkusuz bir macera.   Korkusuz Pia\u2019n\u0131n Orman Kitab\u0131, hayal g\u00fc\u00e7lerine g\u00fc\u00e7 katmak isteyen \u00e7ocuklar i\u00e7in g\u00f6rsel okuma sunuyor. Kitab\u0131n sonundaki etkinlik sayfalar\u0131na bay\u0131lacaks\u0131n\u0131z. <\/p>\n","protected":false},"excerpt":{"rendered":"<p>Nalan Alaca\u2019dan unutulmayacak bir orman atmosferi&#8230;. Resmin ve renklerin diliyle d\u00fcnyan\u0131n sadece insanlar i\u00e7in olmad\u0131\u011f\u0131n\u0131 anlatan korkusuz bir macera. Korkusuz Pia\u2019n\u0131n Orman Kitab\u0131, hayal g\u00fc\u00e7lerine g\u00fc\u00e7<span class=\"excerpt-hellip\"> [\u2026]<\/span><\/p>\n","protected":false},"featured_media":0,"template":"","meta":{"_monsterinsights_skip_tracking":false,"_monsterinsights_sitenote_active":false,"_monsterinsights_sitenote_note":"","_monsterinsights_sitenote_category":0},"product_brand":[],"product_cat":[12913,12274],"product_tag":[],"class_list":{"0":"post-711562","1":"product","2":"type-product","3":"status-publish","5":"product_cat-3-6-yas-kitaplari","6":"product_cat-cocuk-ve-genclik-kitaplari","7":"pa_cilt-ciltsiz","8":"pa_tur-kitap","9":"pa_yayinevi-cinar-yayinlari","10":"pa_yazar-nalan-alaca","12":"first","13":"instock","14":"sale","15":"shipping-taxable","16":"purchasable","17":"product-type-simple"},"_links":{"self":[{"href":"https:\/\/roveyayinevi.com.tr\/index.php\/wp-json\/wp\/v2\/product\/711562","targetHints":{"allow":["GET"]}}],"collection":[{"href":"https:\/\/roveyayinevi.com.tr\/index.php\/wp-json\/wp\/v2\/product"}],"about":[{"href":"https:\/\/roveyayinevi.com.tr\/index.php\/wp-json\/wp\/v2\/types\/product"}],"wp:attachment":[{"href":"https:\/\/roveyayinevi.com.tr\/index.php\/wp-json\/wp\/v2\/media?parent=711562"}],"wp:term":[{"taxonomy":"product_brand","embeddable":true,"href":"https:\/\/roveyayinevi.com.tr\/index.php\/wp-json\/wp\/v2\/product_brand?post=711562"},{"taxonomy":"product_cat","embeddable":true,"href":"https:\/\/roveyayinevi.com.tr\/index.php\/wp-json\/wp\/v2\/product_cat?post=711562"},{"taxonomy":"product_tag","embeddable":true,"href":"https:\/\/roveyayinevi.com.tr\/index.php\/wp-json\/wp\/v2\/product_tag?post=711562"}],"curies":[{"name":"wp","href":"https:\/\/api.w.org\/{rel}","templated":true}]}}