{"id":711561,"date":"2025-08-27T16:47:10","date_gmt":"2025-08-27T13:47:10","guid":{"rendered":"https:\/\/roveyayinevi.com.tr\/index.php\/urun\/bu-kitapta-ogretmen-var\/"},"modified":"2026-04-08T02:26:11","modified_gmt":"2026-04-07T23:26:11","slug":"bu-kitapta-ogretmen-var","status":"publish","type":"product","link":"https:\/\/roveyayinevi.com.tr\/index.php\/urun\/bu-kitapta-ogretmen-var\/","title":{"rendered":"Bu Kitapta \u00d6\u011fretmen Var"},"content":{"rendered":"<p>Susanna Mattiangeli ve Chiara Carrer, \u00f6\u011fretmenleri anlat\u0131yor: Bu kitapta \u00d6\u011fretmen Var.     Okulumuzda \u00e7e\u015fit \u00e7e\u015fit \u00f6\u011fretmen var. Uzun, k\u0131sa, iri yar\u0131, mini mini, kad\u0131n, erkek\u2026 Koyu, k\u0131v\u0131rc\u0131k, d\u00fcz sa\u00e7l\u0131 ya da dalgal\u0131\u2026 Hatta kareli, \u00e7izgili, puanl\u0131, \u00e7i\u00e7ekli bile olabilir \u00f6\u011fretmenler. Tabii d\u0131\u015far\u0131dan g\u00f6rebildi\u011fimiz kadar\u0131yla. Peki ya g\u00f6remediklerimiz?   Bu kitapta t\u00fcm \u00f6\u011fretmenlere yer var. Sayfalar\u0131 g\u00fczelce oku ve \u00e7izimlere iyi bak. Sen de kendi \u00f6\u011fretmenine rastlayacaks\u0131n! <\/p>\n","protected":false},"excerpt":{"rendered":"<p>Susanna Mattiangeli ve Chiara Carrer, \u00f6\u011fretmenleri anlat\u0131yor: Bu kitapta \u00d6\u011fretmen Var. Okulumuzda \u00e7e\u015fit \u00e7e\u015fit \u00f6\u011fretmen var. Uzun, k\u0131sa, iri yar\u0131, mini mini, kad\u0131n, erkek\u2026 Koyu, k\u0131v\u0131rc\u0131k,<span class=\"excerpt-hellip\"> [\u2026]<\/span><\/p>\n","protected":false},"featured_media":0,"template":"","meta":{"_monsterinsights_skip_tracking":false,"_monsterinsights_sitenote_active":false,"_monsterinsights_sitenote_note":"","_monsterinsights_sitenote_category":0},"product_brand":[],"product_cat":[12274,12284],"product_tag":[],"class_list":{"0":"post-711561","1":"product","2":"type-product","3":"status-publish","5":"product_cat-cocuk-ve-genclik-kitaplari","6":"product_cat-hikayeler","7":"pa_cilt-ciltsiz","8":"pa_tur-kitap","9":"pa_yayinevi-cinar-yayinlari","10":"pa_yazar-susanna-mattiangeli","12":"first","13":"instock","14":"sale","15":"shipping-taxable","16":"purchasable","17":"product-type-simple"},"_links":{"self":[{"href":"https:\/\/roveyayinevi.com.tr\/index.php\/wp-json\/wp\/v2\/product\/711561","targetHints":{"allow":["GET"]}}],"collection":[{"href":"https:\/\/roveyayinevi.com.tr\/index.php\/wp-json\/wp\/v2\/product"}],"about":[{"href":"https:\/\/roveyayinevi.com.tr\/index.php\/wp-json\/wp\/v2\/types\/product"}],"wp:attachment":[{"href":"https:\/\/roveyayinevi.com.tr\/index.php\/wp-json\/wp\/v2\/media?parent=711561"}],"wp:term":[{"taxonomy":"product_brand","embeddable":true,"href":"https:\/\/roveyayinevi.com.tr\/index.php\/wp-json\/wp\/v2\/product_brand?post=711561"},{"taxonomy":"product_cat","embeddable":true,"href":"https:\/\/roveyayinevi.com.tr\/index.php\/wp-json\/wp\/v2\/product_cat?post=711561"},{"taxonomy":"product_tag","embeddable":true,"href":"https:\/\/roveyayinevi.com.tr\/index.php\/wp-json\/wp\/v2\/product_tag?post=711561"}],"curies":[{"name":"wp","href":"https:\/\/api.w.org\/{rel}","templated":true}]}}