{"id":711559,"date":"2025-08-27T16:47:09","date_gmt":"2025-08-27T13:47:09","guid":{"rendered":"https:\/\/roveyayinevi.com.tr\/index.php\/urun\/kuantum-kimyasi\/"},"modified":"2026-04-16T02:19:57","modified_gmt":"2026-04-15T23:19:57","slug":"kuantum-kimyasi","status":"publish","type":"product","link":"https:\/\/roveyayinevi.com.tr\/index.php\/urun\/kuantum-kimyasi\/","title":{"rendered":"Kuantum Kimyas\u0131"},"content":{"rendered":"<p>B\u00f6l\u00fcm 1 \/Kuantum Teorisinin Do\u011fu\u015fu B\u00f6l\u00fcm 2 \/ Klasik Dalga Denklemi B\u00f6l\u00fcm 3\/Schr\u00f6dinger Denklemi ve Baz\u0131 Basit Uygulamalar\u0131 B\u00f6l\u00fcm 4\/Kuantum Mekani\u011finin \u00d6nermeleri ve Genel \u0130lkeleri B\u00f6l\u00fcm5\/ Harmonik Titre\u015fici ve Titre\u015fim Spektroskopisi B\u00f6l\u00fcm 6\/ Kat\u0131 D\u00f6n\u00fcc\u00fc ve D\u00f6nme Spektroskopisi B\u00f6l\u00fcm7\/ Hidrojen Atomu B\u00f6l\u00fcm 8\/Yakla\u015f\u0131m Y\u00f6ntemleri B\u00f6l\u00fcm 9\/\u00c7ok Elektronlu Atomlar B\u00f6l\u00fcm 10\/ Kimyasal Ba\u011f: Bir ve \u0130ki Elektronlu Molek\u00fcller B\u00f6l\u00fcm 11\/Kimyasal Ba\u011f\u0131n Kalitatif  Teorisi B\u00f6l\u00fcm 12\/ Hartree-Fock-Roothaan Metodu <\/p>\n","protected":false},"excerpt":{"rendered":"<p>B\u00f6l\u00fcm 1 \/Kuantum Teorisinin Do\u011fu\u015fu B\u00f6l\u00fcm 2 \/ Klasik Dalga Denklemi B\u00f6l\u00fcm 3\/Schr\u00f6dinger Denklemi ve Baz\u0131 Basit Uygulamalar\u0131 B\u00f6l\u00fcm 4\/Kuantum Mekani\u011finin \u00d6nermeleri ve Genel \u0130lkeleri B\u00f6l\u00fcm5\/<span class=\"excerpt-hellip\"> [\u2026]<\/span><\/p>\n","protected":false},"featured_media":0,"template":"","meta":{"_monsterinsights_skip_tracking":false,"_monsterinsights_sitenote_active":false,"_monsterinsights_sitenote_note":"","_monsterinsights_sitenote_category":0},"product_brand":[],"product_cat":[13005,13006],"product_tag":[],"class_list":{"0":"post-711559","1":"product","2":"type-product","3":"status-publish","5":"product_cat-bilim-muhendislik","6":"product_cat-populer-bilim","7":"pa_cilt-ciltsiz","8":"pa_tur-kitap","9":"pa_yayinevi-gazi-kitabevi","10":"pa_yazar-donald-a-mcquarric","12":"first","13":"instock","14":"sale","15":"shipping-taxable","16":"purchasable","17":"product-type-simple"},"_links":{"self":[{"href":"https:\/\/roveyayinevi.com.tr\/index.php\/wp-json\/wp\/v2\/product\/711559","targetHints":{"allow":["GET"]}}],"collection":[{"href":"https:\/\/roveyayinevi.com.tr\/index.php\/wp-json\/wp\/v2\/product"}],"about":[{"href":"https:\/\/roveyayinevi.com.tr\/index.php\/wp-json\/wp\/v2\/types\/product"}],"wp:attachment":[{"href":"https:\/\/roveyayinevi.com.tr\/index.php\/wp-json\/wp\/v2\/media?parent=711559"}],"wp:term":[{"taxonomy":"product_brand","embeddable":true,"href":"https:\/\/roveyayinevi.com.tr\/index.php\/wp-json\/wp\/v2\/product_brand?post=711559"},{"taxonomy":"product_cat","embeddable":true,"href":"https:\/\/roveyayinevi.com.tr\/index.php\/wp-json\/wp\/v2\/product_cat?post=711559"},{"taxonomy":"product_tag","embeddable":true,"href":"https:\/\/roveyayinevi.com.tr\/index.php\/wp-json\/wp\/v2\/product_tag?post=711559"}],"curies":[{"name":"wp","href":"https:\/\/api.w.org\/{rel}","templated":true}]}}