{"id":711558,"date":"2025-08-27T16:47:09","date_gmt":"2025-08-27T13:47:09","guid":{"rendered":"https:\/\/roveyayinevi.com.tr\/index.php\/urun\/albert-einstein-dunyaya-yon-verenler-serisi\/"},"modified":"2026-04-16T02:19:57","modified_gmt":"2026-04-15T23:19:57","slug":"albert-einstein-dunyaya-yon-verenler-serisi","status":"publish","type":"product","link":"https:\/\/roveyayinevi.com.tr\/index.php\/urun\/albert-einstein-dunyaya-yon-verenler-serisi\/","title":{"rendered":"Albert Einstein &#8211; D\u00fcnyaya Y\u00f6n Verenler Serisi"},"content":{"rendered":"<p>E=mc2 e\u015fittir Einstein\u2019\u0131n dehas\u0131\u2026 Fizik alan\u0131nda \u00e7\u0131\u011f\u0131r a\u00e7an bu bilim insan\u0131n\u0131n fotoelektrik etki, Brown Hareketi, k\u00fctle-enerji e\u015fitli\u011fi ve \u00f6zel g\u00f6relilik kuram\u0131yla ilgili \u00e7al\u0131\u015fmalar\u0131na g\u00f6z atmak ister misiniz? G\u00f6k\u00e7e Akg\u00fcl\u2019\u00fcn yaz\u0131p \u00e7izdi\u011fi bu \u00e7izgi roman sizi \u0131\u015f\u0131k h\u0131z\u0131yla bir yolculu\u011fa davet ediyor. Ama geri d\u00f6nd\u00fc\u011f\u00fcn\u00fczde ka\u00e7 ya\u015f\u0131nda olaca\u011f\u0131n\u0131z\u0131n garantisini veremiyor. \ufffcTan\u0131t\u0131m Metni<\/p>\n","protected":false},"excerpt":{"rendered":"<p>E=mc2 e\u015fittir Einstein\u2019\u0131n dehas\u0131\u2026 Fizik alan\u0131nda \u00e7\u0131\u011f\u0131r a\u00e7an bu bilim insan\u0131n\u0131n fotoelektrik etki, Brown Hareketi, k\u00fctle-enerji e\u015fitli\u011fi ve \u00f6zel g\u00f6relilik kuram\u0131yla ilgili \u00e7al\u0131\u015fmalar\u0131na g\u00f6z atmak ister<span class=\"excerpt-hellip\"> [\u2026]<\/span><\/p>\n","protected":false},"featured_media":0,"template":"","meta":{"_monsterinsights_skip_tracking":false,"_monsterinsights_sitenote_active":false,"_monsterinsights_sitenote_note":"","_monsterinsights_sitenote_category":0},"product_brand":[],"product_cat":[12416,12291],"product_tag":[],"class_list":{"0":"post-711558","1":"product","2":"type-product","3":"status-publish","5":"product_cat-cizgi-roman","6":"product_cat-edebiyat","7":"pa_cilt-ciltsiz","8":"pa_tur-kitap","9":"pa_yayinevi-kara-karga-yayinlari","10":"pa_yazar-kollektif","12":"first","13":"instock","14":"sale","15":"shipping-taxable","16":"purchasable","17":"product-type-simple"},"_links":{"self":[{"href":"https:\/\/roveyayinevi.com.tr\/index.php\/wp-json\/wp\/v2\/product\/711558","targetHints":{"allow":["GET"]}}],"collection":[{"href":"https:\/\/roveyayinevi.com.tr\/index.php\/wp-json\/wp\/v2\/product"}],"about":[{"href":"https:\/\/roveyayinevi.com.tr\/index.php\/wp-json\/wp\/v2\/types\/product"}],"wp:attachment":[{"href":"https:\/\/roveyayinevi.com.tr\/index.php\/wp-json\/wp\/v2\/media?parent=711558"}],"wp:term":[{"taxonomy":"product_brand","embeddable":true,"href":"https:\/\/roveyayinevi.com.tr\/index.php\/wp-json\/wp\/v2\/product_brand?post=711558"},{"taxonomy":"product_cat","embeddable":true,"href":"https:\/\/roveyayinevi.com.tr\/index.php\/wp-json\/wp\/v2\/product_cat?post=711558"},{"taxonomy":"product_tag","embeddable":true,"href":"https:\/\/roveyayinevi.com.tr\/index.php\/wp-json\/wp\/v2\/product_tag?post=711558"}],"curies":[{"name":"wp","href":"https:\/\/api.w.org\/{rel}","templated":true}]}}