{"id":711557,"date":"2025-08-27T16:47:08","date_gmt":"2025-08-27T13:47:08","guid":{"rendered":"https:\/\/roveyayinevi.com.tr\/index.php\/urun\/hitler-kitabi\/"},"modified":"2026-04-16T02:19:57","modified_gmt":"2026-04-15T23:19:57","slug":"hitler-kitabi","status":"publish","type":"product","link":"https:\/\/roveyayinevi.com.tr\/index.php\/urun\/hitler-kitabi\/","title":{"rendered":"Hitler Kitab\u0131"},"content":{"rendered":"<p>2 May\u0131s 1945\u2019te Berlin\u2019deki s\u0131\u011f\u0131na\u011f\u0131na giren Sovyet askerleri Hitler ve Eva Bruan\u2019un cesetlerinin hemen yan\u0131nda iki yaverini ele ge\u00e7irdiler: Ki\u015fisel yaveri Heinz Linge ve SS irtibat\u0131 Otto Guensche. \u0130kisi de sorguland\u0131lar, hem de en ayr\u0131nt\u0131l\u0131 \u015fekilde. Ve bu tan\u0131kl\u0131klardan gizli bir Hitler Dosyas\u0131 olu\u015fturuldu. Tek bir adam i\u00e7in: Joseph Stalin. \u201cHitler\u2019in hayat\u0131na benzersiz bir bak\u0131\u015f.\u201d \u2013Publishing News\u201cGeleneksel tek-boyutlu canavar portrelerinden alabildi\u011fine uzak, kompleks bir portre.\u201d \u2013Sunday Times\u201c\u00c7\u0131\u011f\u0131r a\u00e7an tarihsel bir belge. Hitler\u2019in g\u00fcndelik hayat\u0131na dikkat \u00e7ekici bir bak\u0131\u015f. \u00dc\u00e7\u00fcnc\u00fc Reich\u2019\u0131n tarihine dair kaynaklar\u0131n en \u00f6zg\u00fcnlerinden birisi.\u201d \u2013Daily Telegraph\u201cHitler\u2019in ki\u015fisel d\u00fcnyas\u0131na ak\u0131llara ziyan bir bak\u0131\u015f. Y\u0131l\u0131n yay\u0131nc\u0131l\u0131k olay\u0131.\u201d \u2013Bookseller\u201cB\u00fcy\u00fcleyici.\u201d \u2013Simon Sebag-Montefiore\u201cB\u00fcy\u00fcleyici ve cezbedici\u2026 Hep bir gizem olarak kalm\u0131\u015f bir \u00f6zel hayattan ilgin\u00e7 enstanteneler.\u201d \u2013Guardian\u201cHayran olunacak denli s\u00fcr\u00fckleyici.\u201d \u2013Evan Mawdsley, Literary Review\u201cBir diktat\u00f6r\u00fcn \u015fa\u015f\u0131rt\u0131c\u0131 derecede i\u00e7ten bir portresi.\u201d \u2013The Times\u201cAvrupa\u2019y\u0131 kontrol etmeye \u00e7al\u0131\u015fan iki diktat\u00f6re b\u00fcy\u00fcleyici bir bak\u0131\u015f.\u201d \u2013South China Morning Post\u201cBeklenmedik ve \u00f6zg\u00fcn.\u201d \u2013Richard Overy <\/p>\n","protected":false},"excerpt":{"rendered":"<p>2 May\u0131s 1945\u2019te Berlin\u2019deki s\u0131\u011f\u0131na\u011f\u0131na giren Sovyet askerleri Hitler ve Eva Bruan\u2019un cesetlerinin hemen yan\u0131nda iki yaverini ele ge\u00e7irdiler: Ki\u015fisel yaveri Heinz Linge ve SS irtibat\u0131<span class=\"excerpt-hellip\"> [\u2026]<\/span><\/p>\n","protected":false},"featured_media":0,"template":"","meta":{"_monsterinsights_skip_tracking":false,"_monsterinsights_sitenote_active":false,"_monsterinsights_sitenote_note":"","_monsterinsights_sitenote_category":0},"product_brand":[],"product_cat":[14009,12291],"product_tag":[],"class_list":{"0":"post-711557","1":"product","2":"type-product","3":"status-publish","5":"product_cat-biyografi-otobiyografi-edebiyat","6":"product_cat-edebiyat","7":"pa_cilt-ciltsiz","8":"pa_tur-kitap","9":"pa_yayinevi-alfa-yayinlari","10":"pa_yazar-henrik-eberle-matthias-uhl","12":"first","13":"instock","14":"sale","15":"shipping-taxable","16":"purchasable","17":"product-type-simple"},"_links":{"self":[{"href":"https:\/\/roveyayinevi.com.tr\/index.php\/wp-json\/wp\/v2\/product\/711557","targetHints":{"allow":["GET"]}}],"collection":[{"href":"https:\/\/roveyayinevi.com.tr\/index.php\/wp-json\/wp\/v2\/product"}],"about":[{"href":"https:\/\/roveyayinevi.com.tr\/index.php\/wp-json\/wp\/v2\/types\/product"}],"wp:attachment":[{"href":"https:\/\/roveyayinevi.com.tr\/index.php\/wp-json\/wp\/v2\/media?parent=711557"}],"wp:term":[{"taxonomy":"product_brand","embeddable":true,"href":"https:\/\/roveyayinevi.com.tr\/index.php\/wp-json\/wp\/v2\/product_brand?post=711557"},{"taxonomy":"product_cat","embeddable":true,"href":"https:\/\/roveyayinevi.com.tr\/index.php\/wp-json\/wp\/v2\/product_cat?post=711557"},{"taxonomy":"product_tag","embeddable":true,"href":"https:\/\/roveyayinevi.com.tr\/index.php\/wp-json\/wp\/v2\/product_tag?post=711557"}],"curies":[{"name":"wp","href":"https:\/\/api.w.org\/{rel}","templated":true}]}}