{"id":711554,"date":"2025-08-27T16:47:06","date_gmt":"2025-08-27T13:47:06","guid":{"rendered":"https:\/\/roveyayinevi.com.tr\/index.php\/urun\/cingoz-karanliktan-korkuyor\/"},"modified":"2026-04-16T02:19:57","modified_gmt":"2026-04-15T23:19:57","slug":"cingoz-karanliktan-korkuyor","status":"publish","type":"product","link":"https:\/\/roveyayinevi.com.tr\/index.php\/urun\/cingoz-karanliktan-korkuyor\/","title":{"rendered":"Cing\u00f6z Karanl\u0131ktan Korkuyor"},"content":{"rendered":"<p>\u00c7ocukken \u00f6\u011frenilen korku ve al\u0131\u015fkanl\u0131klar\u0131 hafife almay\u0131n! Zeytin okula gitmek istemiyor. \u00c7\u00fcnk\u00fc Zeytin\u2019e g\u00f6re okul hi\u00e7bir i\u015fe yaram\u0131yor. Cing\u00f6z ise karanl\u0131ktan korkuyor. \ufffcTan\u0131t\u0131m Metni<\/p>\n","protected":false},"excerpt":{"rendered":"<p>\u00c7ocukken \u00f6\u011frenilen korku ve al\u0131\u015fkanl\u0131klar\u0131 hafife almay\u0131n! Zeytin okula gitmek istemiyor. \u00c7\u00fcnk\u00fc Zeytin\u2019e g\u00f6re okul hi\u00e7bir i\u015fe yaram\u0131yor. Cing\u00f6z ise karanl\u0131ktan korkuyor. \ufffcTan\u0131t\u0131m Metni<\/p>\n","protected":false},"featured_media":0,"template":"","meta":{"_monsterinsights_skip_tracking":false,"_monsterinsights_sitenote_active":false,"_monsterinsights_sitenote_note":"","_monsterinsights_sitenote_category":0},"product_brand":[],"product_cat":[12913,12274],"product_tag":[],"class_list":{"0":"post-711554","1":"product","2":"type-product","3":"status-publish","5":"product_cat-3-6-yas-kitaplari","6":"product_cat-cocuk-ve-genclik-kitaplari","7":"pa_cilt-ciltsiz","8":"pa_tur-kitap","9":"pa_yayinevi-ucanbalik-yayincilik","10":"pa_yazar-christian-lamblin","12":"first","13":"instock","14":"sale","15":"shipping-taxable","16":"purchasable","17":"product-type-simple"},"_links":{"self":[{"href":"https:\/\/roveyayinevi.com.tr\/index.php\/wp-json\/wp\/v2\/product\/711554","targetHints":{"allow":["GET"]}}],"collection":[{"href":"https:\/\/roveyayinevi.com.tr\/index.php\/wp-json\/wp\/v2\/product"}],"about":[{"href":"https:\/\/roveyayinevi.com.tr\/index.php\/wp-json\/wp\/v2\/types\/product"}],"wp:attachment":[{"href":"https:\/\/roveyayinevi.com.tr\/index.php\/wp-json\/wp\/v2\/media?parent=711554"}],"wp:term":[{"taxonomy":"product_brand","embeddable":true,"href":"https:\/\/roveyayinevi.com.tr\/index.php\/wp-json\/wp\/v2\/product_brand?post=711554"},{"taxonomy":"product_cat","embeddable":true,"href":"https:\/\/roveyayinevi.com.tr\/index.php\/wp-json\/wp\/v2\/product_cat?post=711554"},{"taxonomy":"product_tag","embeddable":true,"href":"https:\/\/roveyayinevi.com.tr\/index.php\/wp-json\/wp\/v2\/product_tag?post=711554"}],"curies":[{"name":"wp","href":"https:\/\/api.w.org\/{rel}","templated":true}]}}