{"id":711552,"date":"2025-08-27T16:47:05","date_gmt":"2025-08-27T13:47:05","guid":{"rendered":"https:\/\/roveyayinevi.com.tr\/index.php\/urun\/kimlik-2\/"},"modified":"2026-04-16T02:19:57","modified_gmt":"2026-04-15T23:19:57","slug":"kimlik-2","status":"publish","type":"product","link":"https:\/\/roveyayinevi.com.tr\/index.php\/urun\/kimlik-2\/","title":{"rendered":"Kimlik"},"content":{"rendered":"<p>Kimli\u011fi belirleyen nedir? Bize verili olarak m\u0131 gelir, yoksa hayat boyu in\u015fa etti\u011fimiz bir \u015fey midir? Bauman bu kitab\u0131nda yine \u00e7ok y\u00f6nl\u00fc bir d\u00fc\u015f\u00fcn\u00fcr olma \u00f6zelli\u011fini g\u00f6stermekle kalmay\u0131p, ya\u015fanm\u0131\u015fl\u0131klar\u0131n\u0131 da d\u00fc\u015f\u00fcncesiyle harmanlayarak zihin a\u00e7\u0131yor. Kimli\u011fi, \u00f6tekili\u011fi, muhayyel tan\u0131mlamalar\u0131n ve \u00f6n yarg\u0131lar\u0131n bizi d\u00fc\u015f\u00fcrd\u00fc\u011f\u00fc hali kendine has \u00fcslubuyla irdeliyor. \u0130cat edilmi\u015f uyruklar\u0131n, s\u0131n\u0131rlar\u0131n ve uluslar\u0131n yerlilik ile girdi\u011fi sava\u015f\u0131, kendi hayat\u0131ndan \u00f6rneklerle zenginle\u015ftirerek a\u00e7\u0131kl\u0131\u011fa kavu\u015fturuyor. Kendisine verilecek \u00f6d\u00fcl ile ilgili olarak d\u00fczenlenen t\u00f6rende, hangi ulusal mar\u015f\u0131n ger\u00e7ekten onu temsil edebilece\u011fine karar vermekte zorlan\u0131rken ya\u015fad\u0131\u011f\u0131 a\u00e7maz, bir entelekt\u00fcelin yersiz-yurtsuzlu\u011funu anlatmakla kalmay\u0131p, bir s\u00fcrg\u00fcn entelekt\u00fcelin i\u00e7inden ge\u00e7ti\u011fi ac\u0131tan gercekli\u011fi de hepimizin y\u00fcz\u00fcne vuruyor. Bu ger\u00e7ekli\u011fin en \u00e7arp\u0131c\u0131 yanlar\u0131ndan biri belki de \u015fu c\u00fcmlede ete kemi\u011fe b\u00fcr\u00fcn\u00fcyor : \u201cBen as\u0131l \u00f6tekili\u011fimi bir Yahudi olarak \u0130srail\u2019de ya\u015fad\u0131m. Zira ben, \u0130srail Yahudileri i\u00e7in bir Polonya Yahudisiydim.\u201d Pek \u00e7o\u011fumuz gibi, hayat\u0131 boyunca bir \u00e7e\u015fit \u201c\u00e7oklu \u00f6tekilik\u201d halini tecr\u00fcbe etmi\u015f olan Bauman\u2019\u0131n kimlik \u00fczerine s\u00f6yledikleri, t\u0131pk\u0131 di\u011fer \u00e7al\u0131\u015fmalar\u0131nda oldu\u011fu gibi yolumuzu ayd\u0131nlatmaya devam ediyor. \ufffcTan\u0131t\u0131m Metni<\/p>\n","protected":false},"excerpt":{"rendered":"<p>Kimli\u011fi belirleyen nedir? Bize verili olarak m\u0131 gelir, yoksa hayat boyu in\u015fa etti\u011fimiz bir \u015fey midir? Bauman bu kitab\u0131nda yine \u00e7ok y\u00f6nl\u00fc bir d\u00fc\u015f\u00fcn\u00fcr olma \u00f6zelli\u011fini<span class=\"excerpt-hellip\"> [\u2026]<\/span><\/p>\n","protected":false},"featured_media":0,"template":"","meta":{"_monsterinsights_skip_tracking":false,"_monsterinsights_sitenote_active":false,"_monsterinsights_sitenote_note":"","_monsterinsights_sitenote_category":0},"product_brand":[],"product_cat":[12351,12324],"product_tag":[],"class_list":{"0":"post-711552","1":"product","2":"type-product","3":"status-publish","5":"product_cat-siyaset-sosyolojisi","6":"product_cat-sosyoloji","7":"pa_cilt-ciltsiz","8":"pa_tur-kitap","9":"pa_yayinevi-heretik-yayincilik","10":"pa_yazar-zygmunt-bauman","12":"first","13":"instock","14":"sale","15":"shipping-taxable","16":"purchasable","17":"product-type-simple"},"_links":{"self":[{"href":"https:\/\/roveyayinevi.com.tr\/index.php\/wp-json\/wp\/v2\/product\/711552","targetHints":{"allow":["GET"]}}],"collection":[{"href":"https:\/\/roveyayinevi.com.tr\/index.php\/wp-json\/wp\/v2\/product"}],"about":[{"href":"https:\/\/roveyayinevi.com.tr\/index.php\/wp-json\/wp\/v2\/types\/product"}],"wp:attachment":[{"href":"https:\/\/roveyayinevi.com.tr\/index.php\/wp-json\/wp\/v2\/media?parent=711552"}],"wp:term":[{"taxonomy":"product_brand","embeddable":true,"href":"https:\/\/roveyayinevi.com.tr\/index.php\/wp-json\/wp\/v2\/product_brand?post=711552"},{"taxonomy":"product_cat","embeddable":true,"href":"https:\/\/roveyayinevi.com.tr\/index.php\/wp-json\/wp\/v2\/product_cat?post=711552"},{"taxonomy":"product_tag","embeddable":true,"href":"https:\/\/roveyayinevi.com.tr\/index.php\/wp-json\/wp\/v2\/product_tag?post=711552"}],"curies":[{"name":"wp","href":"https:\/\/api.w.org\/{rel}","templated":true}]}}