{"id":711547,"date":"2025-08-27T16:47:02","date_gmt":"2025-08-27T13:47:02","guid":{"rendered":"https:\/\/roveyayinevi.com.tr\/index.php\/urun\/hazirim-sakinles-ofkeli-hayal-kirikligina-ugramis-ve-uzgun\/"},"modified":"2025-11-06T04:30:29","modified_gmt":"2025-11-06T01:30:29","slug":"hazirim-sakinles-ofkeli-hayal-kirikligina-ugramis-ve-uzgun","status":"publish","type":"product","link":"https:\/\/roveyayinevi.com.tr\/index.php\/urun\/hazirim-sakinles-ofkeli-hayal-kirikligina-ugramis-ve-uzgun\/","title":{"rendered":"Haz\u0131r\u0131m &#8211; Sakinle\u015f \u2013 \u00d6fkeli, Hayal K\u0131r\u0131kl\u0131\u011f\u0131na U\u011fram\u0131\u015f ve \u00dczg\u00fcn"},"content":{"rendered":"<p>Sakinle\u015f \u2013 \u00d6fkeli, Hayal K\u0131r\u0131kl\u0131\u011f\u0131na U\u011fram\u0131\u015f ve \u00dczg\u00fcn   \u00d6fkelendi\u011finde, hayal k\u0131r\u0131kl\u0131\u011f\u0131na u\u011frad\u0131\u011f\u0131nda ya da \u00fcz\u00fcld\u00fc\u011f\u00fcnde ne yapars\u0131n? A\u011flar m\u0131s\u0131n? Ba\u011f\u0131r\u0131r m\u0131s\u0131n? \u00c7\u0131\u011fl\u0131k at\u0131p ayaklar\u0131n\u0131 yere mi vurursun? Yoksa derin bir nefes al\u0131p sakinle\u015fmeye mi \u00e7al\u0131\u015f\u0131rs\u0131n? \u00d6fkelenmek, hayal k\u0131r\u0131kl\u0131\u011f\u0131na u\u011framak ve hatta \u00fcz\u00fclmek olumsuz duygulard\u0131r. Unutma ki bazen hepimiz olumsuz duygular hissederiz. \u00d6nemli olan b\u00f6yle hissetti\u011fimizde ne yapt\u0131\u011f\u0131m\u0131zd\u0131r:  Olumsuz bir duygu hissediyorsan durup v\u00fccudunu sakinle\u015ftirmen gerekir. B\u00f6ylece sorunu \u00e7\u00f6zebilirsin. T\u0131pk\u0131 bir dedektif gibi.   \u00c7ocuklar\u0131n sosyal ve duygusal geli\u015fimlerinin \u00f6nemine ve bunun \u00f6\u011frenme becerisi \u00fczerindeki etkisine vurgu yapan Haz\u0131r\u0131m dizisindeki kitaplar, onlar\u0131n duygular\u0131n\u0131 kontrol etme ve olumlu ili\u015fkiler kurma becerisi kazanmalar\u0131n\u0131, yeni \u015feyler \u00f6\u011frenme konusunda hevesli ve kararl\u0131 olmalar\u0131n\u0131 te\u015fvik etmek i\u00e7in size rehberlik edecek. <\/p>\n","protected":false},"excerpt":{"rendered":"<p>Sakinle\u015f \u2013 \u00d6fkeli, Hayal K\u0131r\u0131kl\u0131\u011f\u0131na U\u011fram\u0131\u015f ve \u00dczg\u00fcn \u00d6fkelendi\u011finde, hayal k\u0131r\u0131kl\u0131\u011f\u0131na u\u011frad\u0131\u011f\u0131nda ya da \u00fcz\u00fcld\u00fc\u011f\u00fcnde ne yapars\u0131n? A\u011flar m\u0131s\u0131n? Ba\u011f\u0131r\u0131r m\u0131s\u0131n? \u00c7\u0131\u011fl\u0131k at\u0131p ayaklar\u0131n\u0131 yere mi<span class=\"excerpt-hellip\"> [\u2026]<\/span><\/p>\n","protected":false},"featured_media":0,"template":"","meta":{"_monsterinsights_skip_tracking":false,"_monsterinsights_sitenote_active":false,"_monsterinsights_sitenote_note":"","_monsterinsights_sitenote_category":0},"product_brand":[],"product_cat":[12913,12274],"product_tag":[],"class_list":{"0":"post-711547","1":"product","2":"type-product","3":"status-publish","5":"product_cat-3-6-yas-kitaplari","6":"product_cat-cocuk-ve-genclik-kitaplari","7":"pa_cilt-ciltsiz","8":"pa_tur-kitap","9":"pa_yayinevi-1001-cicek-kitaplar","10":"pa_yazar-jennider-moore-mallinos","12":"first","13":"instock","14":"sale","15":"shipping-taxable","16":"purchasable","17":"product-type-simple"},"_links":{"self":[{"href":"https:\/\/roveyayinevi.com.tr\/index.php\/wp-json\/wp\/v2\/product\/711547","targetHints":{"allow":["GET"]}}],"collection":[{"href":"https:\/\/roveyayinevi.com.tr\/index.php\/wp-json\/wp\/v2\/product"}],"about":[{"href":"https:\/\/roveyayinevi.com.tr\/index.php\/wp-json\/wp\/v2\/types\/product"}],"wp:attachment":[{"href":"https:\/\/roveyayinevi.com.tr\/index.php\/wp-json\/wp\/v2\/media?parent=711547"}],"wp:term":[{"taxonomy":"product_brand","embeddable":true,"href":"https:\/\/roveyayinevi.com.tr\/index.php\/wp-json\/wp\/v2\/product_brand?post=711547"},{"taxonomy":"product_cat","embeddable":true,"href":"https:\/\/roveyayinevi.com.tr\/index.php\/wp-json\/wp\/v2\/product_cat?post=711547"},{"taxonomy":"product_tag","embeddable":true,"href":"https:\/\/roveyayinevi.com.tr\/index.php\/wp-json\/wp\/v2\/product_tag?post=711547"}],"curies":[{"name":"wp","href":"https:\/\/api.w.org\/{rel}","templated":true}]}}