{"id":711546,"date":"2025-08-27T16:47:02","date_gmt":"2025-08-27T13:47:02","guid":{"rendered":"https:\/\/roveyayinevi.com.tr\/index.php\/urun\/bir-cilginlik-yuruyusu-march-madness\/"},"modified":"2026-04-16T02:19:57","modified_gmt":"2026-04-15T23:19:57","slug":"bir-cilginlik-yuruyusu-march-madness","status":"publish","type":"product","link":"https:\/\/roveyayinevi.com.tr\/index.php\/urun\/bir-cilginlik-yuruyusu-march-madness\/","title":{"rendered":"Bir \u00c7\u0131lg\u0131nl\u0131k Y\u00fcr\u00fcy\u00fc\u015f\u00fc &#8211; March Madness"},"content":{"rendered":"<p>\u201cFeinstein\u2019\u0131n en iyi basketbol kitab\u0131.\u201dCincinnati Enquirer\u201cBasketbolseverler arad\u0131klar\u0131her \u015feyi bu kitapta bulabilirler.\u201dNew York TimesBu kitab\u0131n yaz\u0131ld\u0131\u011f\u0131 tarih olan 1998\u2019den, g\u00fcn\u00fcm\u00fcze, yani 2018\u2019ekadar, ACC\u2019deki rekabet d\u00fczeyi hi\u00e7 de\u011fi\u015fmedi. NCAA\u2019in herliginde oldu\u011fu gibi, Atlantik K\u0131y\u0131s\u0131 Ligi\u2019nde de dev salonlar, osalonlar\u0131 t\u0131ka basa dolduran on binlerce seyirci, o seyircinin\u00f6n\u00fcnde oynanan nice destans\u0131 ma\u00e7 ve anlat\u0131lmaya de\u011fer pek\u00e7ok g\u00fczide hat\u0131ra var.Ama ACC, rekabetin en \u00fcst d\u00fczeydeya\u015fand\u0131\u011f\u0131, herkesin kendini gen\u00e7 oyuncularla s\u00fcrekliba\u015far\u0131l\u0131 olmak zorunda hissetti\u011fi bir lig. 1997\u2019de bu lig, MikeKrzyzewski, Dean Smith, Dave Odom, Jeff Jones, Gary Williams,Pat Kennedy, Bobby Cremins, Rick Barnes ve Herb Sendekgibi nice muhte\u015fem ko\u00e7la nice unutulmaz hikaye ya\u015fad\u0131.ACC Ligi\u2019nin, turnuvas\u0131n\u0131n ve de Mart \u00c7\u0131lg\u0131l\u0131\u011f\u0131\u2019n\u0131n her y\u00f6n\u00fcyle anlat\u0131ld\u0131\u011f\u0131 bu eserde, Duke, North Carolina, Wake Forest, Virginia, Maryland, Florida State, Georgia Tech, Clemson ve NC State ba\u015fta olmak \u00fczere pek \u00e7ok tak\u0131m\u0131n \u00f6yk\u00fcs\u00fcne, usta yazar John Feinstein\u2019\u0131n kaleminden \u015fahit olacaks\u0131n\u0131z. Basketbolda galibiyeti alanlar, sahadaki oyunculard\u0131r. Ama ba\u015far\u0131y\u0131 kazanmak, sahan\u0131n d\u0131\u015f\u0131ndaki say\u0131s\u0131z etkene ba\u011fl\u0131d\u0131r. Bu eser, okuyucuyu ba\u015far\u0131n\u0131n yolculu\u011funa \u00e7\u0131kart\u0131yor&#8230; <\/p>\n","protected":false},"excerpt":{"rendered":"<p>\u201cFeinstein\u2019\u0131n en iyi basketbol kitab\u0131.\u201dCincinnati Enquirer\u201cBasketbolseverler arad\u0131klar\u0131her \u015feyi bu kitapta bulabilirler.\u201dNew York TimesBu kitab\u0131n yaz\u0131ld\u0131\u011f\u0131 tarih olan 1998\u2019den, g\u00fcn\u00fcm\u00fcze, yani 2018\u2019ekadar, ACC\u2019deki rekabet d\u00fczeyi hi\u00e7 de\u011fi\u015fmedi.<span class=\"excerpt-hellip\"> [\u2026]<\/span><\/p>\n","protected":false},"featured_media":0,"template":"","meta":{"_monsterinsights_skip_tracking":false,"_monsterinsights_sitenote_active":false,"_monsterinsights_sitenote_note":"","_monsterinsights_sitenote_category":0},"product_brand":[],"product_cat":[15563,15564],"product_tag":[],"class_list":{"0":"post-711546","1":"product","2":"type-product","3":"status-publish","5":"product_cat-hobi","6":"product_cat-spor","7":"pa_cilt-ciltsiz","8":"pa_tur-kitap","9":"pa_yayinevi-profil-kitap","10":"pa_yazar-john-feinstein","12":"first","13":"instock","14":"sale","15":"shipping-taxable","16":"purchasable","17":"product-type-simple"},"_links":{"self":[{"href":"https:\/\/roveyayinevi.com.tr\/index.php\/wp-json\/wp\/v2\/product\/711546","targetHints":{"allow":["GET"]}}],"collection":[{"href":"https:\/\/roveyayinevi.com.tr\/index.php\/wp-json\/wp\/v2\/product"}],"about":[{"href":"https:\/\/roveyayinevi.com.tr\/index.php\/wp-json\/wp\/v2\/types\/product"}],"wp:attachment":[{"href":"https:\/\/roveyayinevi.com.tr\/index.php\/wp-json\/wp\/v2\/media?parent=711546"}],"wp:term":[{"taxonomy":"product_brand","embeddable":true,"href":"https:\/\/roveyayinevi.com.tr\/index.php\/wp-json\/wp\/v2\/product_brand?post=711546"},{"taxonomy":"product_cat","embeddable":true,"href":"https:\/\/roveyayinevi.com.tr\/index.php\/wp-json\/wp\/v2\/product_cat?post=711546"},{"taxonomy":"product_tag","embeddable":true,"href":"https:\/\/roveyayinevi.com.tr\/index.php\/wp-json\/wp\/v2\/product_tag?post=711546"}],"curies":[{"name":"wp","href":"https:\/\/api.w.org\/{rel}","templated":true}]}}