{"id":711541,"date":"2025-08-27T16:46:59","date_gmt":"2025-08-27T13:46:59","guid":{"rendered":"https:\/\/roveyayinevi.com.tr\/index.php\/urun\/ulysses-moore-golgeler-labirenti-sc\/"},"modified":"2025-10-02T04:19:13","modified_gmt":"2025-10-02T01:19:13","slug":"ulysses-moore-golgeler-labirenti-sc","status":"publish","type":"product","link":"https:\/\/roveyayinevi.com.tr\/index.php\/urun\/ulysses-moore-golgeler-labirenti-sc\/","title":{"rendered":"Ulysses Moore G\u00f6lgeler Labirenti Sc"},"content":{"rendered":"<p>Anita, Jason ve Rick, \u00d6len \u00dclke\u2019deki Zaman Kap\u00fds\u00fd\u2019n\u00fdn \u00f6te taraf\u00fdna ge\u00e7meye karar veriyorlar ve kendilerini yeralt\u00fdndakikaranl\u00fdk ve sald\u00fdrgan bir d\u00fcnyada buluyorlar. Onlar\u00fdd\u00fcnyan\u00fdn derinliklerine do\u00f0ru uzanan zorlu bir yolculuk bekliyor. \u00c7\u00fcnk\u00fc b\u00fct\u00fcn hayali yerlerin yarat\u00fdld\u00fd\u00f0\u00fd merkeze ula\u00femalar\u00fd gerek; Labirent\u2019e&#8230; <\/p>\n","protected":false},"excerpt":{"rendered":"<p>Anita, Jason ve Rick, \u00d6len \u00dclke\u2019deki Zaman Kap\u00fds\u00fd\u2019n\u00fdn \u00f6te taraf\u00fdna ge\u00e7meye karar veriyorlar ve kendilerini yeralt\u00fdndakikaranl\u00fdk ve sald\u00fdrgan bir d\u00fcnyada buluyorlar. Onlar\u00fdd\u00fcnyan\u00fdn derinliklerine do\u00f0ru uzanan zorlu<span class=\"excerpt-hellip\"> [\u2026]<\/span><\/p>\n","protected":false},"featured_media":0,"template":"","meta":{"_monsterinsights_skip_tracking":false,"_monsterinsights_sitenote_active":false,"_monsterinsights_sitenote_note":"","_monsterinsights_sitenote_category":0},"product_brand":[],"product_cat":[12275,12274],"product_tag":[],"class_list":{"0":"post-711541","1":"product","2":"type-product","3":"status-publish","5":"product_cat-6-12-yas-kitaplari","6":"product_cat-cocuk-ve-genclik-kitaplari","7":"pa_cilt-ciltsiz","8":"pa_tur-kitap","9":"pa_yayinevi-dogan-egmont-yayincilik","10":"pa_yazar-pierdomenico-baccalario","12":"first","13":"instock","14":"sale","15":"shipping-taxable","16":"purchasable","17":"product-type-simple"},"_links":{"self":[{"href":"https:\/\/roveyayinevi.com.tr\/index.php\/wp-json\/wp\/v2\/product\/711541","targetHints":{"allow":["GET"]}}],"collection":[{"href":"https:\/\/roveyayinevi.com.tr\/index.php\/wp-json\/wp\/v2\/product"}],"about":[{"href":"https:\/\/roveyayinevi.com.tr\/index.php\/wp-json\/wp\/v2\/types\/product"}],"wp:attachment":[{"href":"https:\/\/roveyayinevi.com.tr\/index.php\/wp-json\/wp\/v2\/media?parent=711541"}],"wp:term":[{"taxonomy":"product_brand","embeddable":true,"href":"https:\/\/roveyayinevi.com.tr\/index.php\/wp-json\/wp\/v2\/product_brand?post=711541"},{"taxonomy":"product_cat","embeddable":true,"href":"https:\/\/roveyayinevi.com.tr\/index.php\/wp-json\/wp\/v2\/product_cat?post=711541"},{"taxonomy":"product_tag","embeddable":true,"href":"https:\/\/roveyayinevi.com.tr\/index.php\/wp-json\/wp\/v2\/product_tag?post=711541"}],"curies":[{"name":"wp","href":"https:\/\/api.w.org\/{rel}","templated":true}]}}