{"id":711540,"date":"2025-08-27T16:46:58","date_gmt":"2025-08-27T13:46:58","guid":{"rendered":"https:\/\/roveyayinevi.com.tr\/index.php\/urun\/turkiyede-liberal-muhafazakar-siyaset-ve-turgut-ozal\/"},"modified":"2026-04-16T02:19:57","modified_gmt":"2026-04-15T23:19:57","slug":"turkiyede-liberal-muhafazakar-siyaset-ve-turgut-ozal","status":"publish","type":"product","link":"https:\/\/roveyayinevi.com.tr\/index.php\/urun\/turkiyede-liberal-muhafazakar-siyaset-ve-turgut-ozal\/","title":{"rendered":"T\u00fcrkiye\u2019de Liberal-Muhafazakar Siyaset ve Turgut \u00d6zal"},"content":{"rendered":"<p>Ba\u015fkanl\u0131k M\u00fcste\u015far\u0131 oldu\u011fu d\u00f6nemde al\u0131nan ve haz\u0131rlanmas\u0131nda b\u00fcy\u00fck pay sahibi oldu\u011fu 24 Ocak (1980) kararlar\u0131yla ba\u015flayan ve ba\u015fta kendi kurduklar\u0131 olmak \u00fczere sonraki h\u00fck\u00fcmetlerce de devam ettirilen ekonomide liberalizyon ve d\u0131\u015fa a\u00e7\u0131lma politikas\u0131, sosyo-k\u00fclt\u00fcrel yap\u0131da meydana getirdi\u011fi de\u011fi\u015fikliklerle orta ve uzun vadede b\u00fcy\u00fck bir d\u00f6n\u00fc\u015f\u00fcm\u00fcn \u00f6n\u00fcn\u00fc a\u00e7m\u0131\u015ft\u0131r. \u00d6zal\u2019\u0131n \u2019\u00e7a\u011f\u0131 yakalamak\u2019 ve \u2019transformasyon\u2019 s\u00f6zc\u00fckleriyle ifade etti\u011fi bu d\u00f6n\u00fc\u015f\u00fcm, sadece devleti ve devlet kurumlar\u0131n\u0131 de\u011fil, s\u0131radan insan\u0131 ve toplumu da ku\u015fatan \u2018sivil\u2019 karakteriyle modernle\u015fme tarihimizin di\u011fer \u00f6rneklerinden ay\u0131rmaktad\u0131r.Vefat\u0131n\u0131n yirmi be\u015finci y\u0131l\u0131nda yeni bask\u0131s\u0131 yap\u0131lan bu kitapta, ekonomide liberal, siyasette muhafazak\u00e2r bir ki\u015filik olarak tan\u0131mlanabilecek \u00d6zal\u2019\u0131n T\u00fcrkiye\u2019nin modernle\u015fme tarihindeki nevi \u015fahs\u0131na m\u00fcnhas\u0131r yeri, siyaset anlay\u0131\u015f\u0131 ve temel politikalar\u0131, d\u00f6nemin i\u00e7 ve d\u0131\u015f dinamikleri \u0131\u015f\u0131\u011f\u0131nda okuyucuya sunulmaktad\u0131r. <\/p>\n","protected":false},"excerpt":{"rendered":"<p>Ba\u015fkanl\u0131k M\u00fcste\u015far\u0131 oldu\u011fu d\u00f6nemde al\u0131nan ve haz\u0131rlanmas\u0131nda b\u00fcy\u00fck pay sahibi oldu\u011fu 24 Ocak (1980) kararlar\u0131yla ba\u015flayan ve ba\u015fta kendi kurduklar\u0131 olmak \u00fczere sonraki h\u00fck\u00fcmetlerce de devam<span class=\"excerpt-hellip\"> [\u2026]<\/span><\/p>\n","protected":false},"featured_media":0,"template":"","meta":{"_monsterinsights_skip_tracking":false,"_monsterinsights_sitenote_active":false,"_monsterinsights_sitenote_note":"","_monsterinsights_sitenote_category":0},"product_brand":[],"product_cat":[13590,12337],"product_tag":[],"class_list":{"0":"post-711540","1":"product","2":"type-product","3":"status-publish","5":"product_cat-arastirma-inceleme-politika-siyaset","6":"product_cat-politika-siyaset","7":"pa_cilt-ciltsiz","8":"pa_tur-kitap","9":"pa_yayinevi-liberte-yayinlari","10":"pa_yazar-m-zeki-duman","12":"first","13":"instock","14":"sale","15":"shipping-taxable","16":"purchasable","17":"product-type-simple"},"_links":{"self":[{"href":"https:\/\/roveyayinevi.com.tr\/index.php\/wp-json\/wp\/v2\/product\/711540","targetHints":{"allow":["GET"]}}],"collection":[{"href":"https:\/\/roveyayinevi.com.tr\/index.php\/wp-json\/wp\/v2\/product"}],"about":[{"href":"https:\/\/roveyayinevi.com.tr\/index.php\/wp-json\/wp\/v2\/types\/product"}],"wp:attachment":[{"href":"https:\/\/roveyayinevi.com.tr\/index.php\/wp-json\/wp\/v2\/media?parent=711540"}],"wp:term":[{"taxonomy":"product_brand","embeddable":true,"href":"https:\/\/roveyayinevi.com.tr\/index.php\/wp-json\/wp\/v2\/product_brand?post=711540"},{"taxonomy":"product_cat","embeddable":true,"href":"https:\/\/roveyayinevi.com.tr\/index.php\/wp-json\/wp\/v2\/product_cat?post=711540"},{"taxonomy":"product_tag","embeddable":true,"href":"https:\/\/roveyayinevi.com.tr\/index.php\/wp-json\/wp\/v2\/product_tag?post=711540"}],"curies":[{"name":"wp","href":"https:\/\/api.w.org\/{rel}","templated":true}]}}