{"id":711537,"date":"2025-08-27T16:46:56","date_gmt":"2025-08-27T13:46:56","guid":{"rendered":"https:\/\/roveyayinevi.com.tr\/index.php\/urun\/yardimsever-cara\/"},"modified":"2025-11-06T04:30:25","modified_gmt":"2025-11-06T01:30:25","slug":"yardimsever-cara","status":"publish","type":"product","link":"https:\/\/roveyayinevi.com.tr\/index.php\/urun\/yardimsever-cara\/","title":{"rendered":"Yard\u0131msever Cara"},"content":{"rendered":"<p>Yard\u0131msever Cara   The New York Times \u00c7ok Satan Kitaplar Listesi\u2019nde uzun s\u00fcre yer alan harika bir kitap.   Olimpiyat ve D\u00fcnya Buz Pateni \u015eampiyonu Kristi Yamaguchi yeni kitab\u0131nda k\u00fc\u00e7\u00fcklere sesleniyor: \u201c\u0130yilik yaparsak iyilik buluruz. Sen de bir ba\u015fkas\u0131na iyilik yap!\u201d<\/p>\n","protected":false},"excerpt":{"rendered":"<p>Yard\u0131msever Cara The New York Times \u00c7ok Satan Kitaplar Listesi\u2019nde uzun s\u00fcre yer alan harika bir kitap. Olimpiyat ve D\u00fcnya Buz Pateni \u015eampiyonu Kristi Yamaguchi yeni<span class=\"excerpt-hellip\"> [\u2026]<\/span><\/p>\n","protected":false},"featured_media":0,"template":"","meta":{"_monsterinsights_skip_tracking":false,"_monsterinsights_sitenote_active":false,"_monsterinsights_sitenote_note":"","_monsterinsights_sitenote_category":0},"product_brand":[],"product_cat":[12913,12274],"product_tag":[],"class_list":{"0":"post-711537","1":"product","2":"type-product","3":"status-publish","5":"product_cat-3-6-yas-kitaplari","6":"product_cat-cocuk-ve-genclik-kitaplari","7":"pa_cilt-ciltsiz","8":"pa_tur-kitap","9":"pa_yayinevi-1001-cicek-kitaplar","10":"pa_yazar-kristi-yamaguchi","12":"first","13":"instock","14":"sale","15":"shipping-taxable","16":"purchasable","17":"product-type-simple"},"_links":{"self":[{"href":"https:\/\/roveyayinevi.com.tr\/index.php\/wp-json\/wp\/v2\/product\/711537","targetHints":{"allow":["GET"]}}],"collection":[{"href":"https:\/\/roveyayinevi.com.tr\/index.php\/wp-json\/wp\/v2\/product"}],"about":[{"href":"https:\/\/roveyayinevi.com.tr\/index.php\/wp-json\/wp\/v2\/types\/product"}],"wp:attachment":[{"href":"https:\/\/roveyayinevi.com.tr\/index.php\/wp-json\/wp\/v2\/media?parent=711537"}],"wp:term":[{"taxonomy":"product_brand","embeddable":true,"href":"https:\/\/roveyayinevi.com.tr\/index.php\/wp-json\/wp\/v2\/product_brand?post=711537"},{"taxonomy":"product_cat","embeddable":true,"href":"https:\/\/roveyayinevi.com.tr\/index.php\/wp-json\/wp\/v2\/product_cat?post=711537"},{"taxonomy":"product_tag","embeddable":true,"href":"https:\/\/roveyayinevi.com.tr\/index.php\/wp-json\/wp\/v2\/product_tag?post=711537"}],"curies":[{"name":"wp","href":"https:\/\/api.w.org\/{rel}","templated":true}]}}