{"id":711536,"date":"2025-08-27T16:46:56","date_gmt":"2025-08-27T13:46:56","guid":{"rendered":"https:\/\/roveyayinevi.com.tr\/index.php\/urun\/satranc-10-dakikada-oyna\/"},"modified":"2026-04-16T02:19:57","modified_gmt":"2026-04-15T23:19:57","slug":"satranc-10-dakikada-oyna","status":"publish","type":"product","link":"https:\/\/roveyayinevi.com.tr\/index.php\/urun\/satranc-10-dakikada-oyna\/","title":{"rendered":"Satran\u00e7 10 Dakikada Oyna"},"content":{"rendered":"<p>Satran\u00e7 10 Dakikada Oyna   Usta bir satran\u00e7 oyuncusu olmak belki de ya\u015fam boyu s\u00fcren bir gayret gerektiriyor\u2026 Ama oyunu oynamaya ba\u015flamak i\u00e7in bu kadar \u00e7abalaman\u0131za hi\u00e7 gerek yok! Brian Byfield\u2019in geli\u015ftirdi\u011fi yenilik\u00e7i y\u00f6ntem do\u011frultusunda haz\u0131rlanan Satran\u00e7 \u2013 10 Dakikada Oyna, sadece 10 dakika i\u00e7erisinde satran\u00e7 oynamaya ba\u015flaman\u0131z\u0131 sa\u011flayacak.     Ta\u015flar\u0131n\u0131z\u0131n hareketleriyle ilgili mant\u0131kl\u0131 tavsiyeler, zek\u00e2 dolu strateji ve taktikler, en s\u0131k kar\u015f\u0131la\u015f\u0131lan zorluklarla ilgili uyar\u0131lar, tedbirsiz oyuncular\u0131 faka bast\u0131rmak i\u00e7in haz\u0131rlanan tuzaklar hakk\u0131ndaki \u00f6neriler sayesinde, rakiplerinizin nas\u0131l da k\u0131sa bir zaman i\u00e7erisinde size sayg\u0131 duymaya ba\u015flad\u0131klar\u0131n\u0131 g\u00f6r\u00fcnce \u015fa\u015f\u0131rmadan edemeyeceksiniz.   Satran\u00e7 \u2013 10 Dakikada Oyna, satran\u00e7 yolculu\u011funuzda bir numaral\u0131 yard\u0131mc\u0131n\u0131z olacak! <\/p>\n","protected":false},"excerpt":{"rendered":"<p>Satran\u00e7 10 Dakikada Oyna Usta bir satran\u00e7 oyuncusu olmak belki de ya\u015fam boyu s\u00fcren bir gayret gerektiriyor\u2026 Ama oyunu oynamaya ba\u015flamak i\u00e7in bu kadar \u00e7abalaman\u0131za hi\u00e7<span class=\"excerpt-hellip\"> [\u2026]<\/span><\/p>\n","protected":false},"featured_media":0,"template":"","meta":{"_monsterinsights_skip_tracking":false,"_monsterinsights_sitenote_active":false,"_monsterinsights_sitenote_note":"","_monsterinsights_sitenote_category":0},"product_brand":[],"product_cat":[12274,17859],"product_tag":[],"class_list":{"0":"post-711536","1":"product","2":"type-product","3":"status-publish","5":"product_cat-cocuk-ve-genclik-kitaplari","6":"product_cat-oyun-kitaplari","7":"pa_cilt-ciltsiz","8":"pa_tur-kitap","9":"pa_yayinevi-1001-cicek-kitaplar","10":"pa_yazar-brian-byfield","12":"first","13":"instock","14":"sale","15":"shipping-taxable","16":"purchasable","17":"product-type-simple"},"_links":{"self":[{"href":"https:\/\/roveyayinevi.com.tr\/index.php\/wp-json\/wp\/v2\/product\/711536","targetHints":{"allow":["GET"]}}],"collection":[{"href":"https:\/\/roveyayinevi.com.tr\/index.php\/wp-json\/wp\/v2\/product"}],"about":[{"href":"https:\/\/roveyayinevi.com.tr\/index.php\/wp-json\/wp\/v2\/types\/product"}],"wp:attachment":[{"href":"https:\/\/roveyayinevi.com.tr\/index.php\/wp-json\/wp\/v2\/media?parent=711536"}],"wp:term":[{"taxonomy":"product_brand","embeddable":true,"href":"https:\/\/roveyayinevi.com.tr\/index.php\/wp-json\/wp\/v2\/product_brand?post=711536"},{"taxonomy":"product_cat","embeddable":true,"href":"https:\/\/roveyayinevi.com.tr\/index.php\/wp-json\/wp\/v2\/product_cat?post=711536"},{"taxonomy":"product_tag","embeddable":true,"href":"https:\/\/roveyayinevi.com.tr\/index.php\/wp-json\/wp\/v2\/product_tag?post=711536"}],"curies":[{"name":"wp","href":"https:\/\/api.w.org\/{rel}","templated":true}]}}