{"id":711530,"date":"2025-08-27T16:46:52","date_gmt":"2025-08-27T13:46:52","guid":{"rendered":"https:\/\/roveyayinevi.com.tr\/index.php\/urun\/kusursuzu-kim-kacirdi\/"},"modified":"2026-04-12T02:23:29","modified_gmt":"2026-04-11T23:23:29","slug":"kusursuzu-kim-kacirdi","status":"publish","type":"product","link":"https:\/\/roveyayinevi.com.tr\/index.php\/urun\/kusursuzu-kim-kacirdi\/","title":{"rendered":"Kusursuz&#8217;u Kim Ka\u00e7\u0131rd\u0131?"},"content":{"rendered":"<p>G\u00f6z\u00fcn\u00fcz\u00fc Kusursuz\u2019dan ay\u0131rmay\u0131n\u2026\u00c7\u00fcnk\u00fc siz fark\u0131na varmadan, bir anda kaybolabilir!Bir\u00e7ok \u015firket kusursuzluktan s\u00f6z eder fakat kusursuzlu\u011fun as\u0131l anlam\u0131 nedir? Hangi tutum ve davran\u0131\u015flar, d\u00fc\u015f\u00fcnceler ve eylemler kusursuzlu\u011fu getirir?Harry Paul, John Britt ve Ed Jent, y\u0131llar s\u00fcren \u00e7al\u0131\u015fmalar\u0131na ve deneyimlerine dayanarak kusursuzlu\u011fun be\u015f temel \u00f6zelli\u011fine odaklan\u0131yorlar. Bir \u015firket hik\u00e2yesi \u00fczerine kurulu bu e\u011flenceli ve ayd\u0131nlat\u0131c\u0131 kitapta, be\u015f temel \u00f6zelli\u011fin her birinde nas\u0131l \u201cen iyiyi yapabilece\u011finizi\u201d ve nas\u0131l \u201cen iyi olabilece\u011finizi\u201d s\u00f6ylemekle kalm\u0131yor, hem i\u015f hayat\u0131nda hem de \u00f6zel ya\u015fam\u0131n\u0131zda kusursuzlu\u011fu yakalaman\u0131za yard\u0131mc\u0131 olacak ipu\u00e7lar\u0131 sunuyorlar.\u201cHarry Paul\u2019un BALIK! isimli kitab\u0131nda anlat\u0131lan felsefeye inanan biri olarak, bu kitab\u0131n da hem y\u00f6neticiler hem de \u00e7al\u0131\u015fanlar \u00fczerinde \u00e7ok etkili olaca\u011f\u0131ndan eminim.\u201d-John D. Smith \/ Konaklama ve E\u011flence Sekt\u00f6r\u00fcnde B\u00f6lge M\u00fcd\u00fcr\u00fc ve Genel M\u00fcd\u00fcr <\/p>\n","protected":false},"excerpt":{"rendered":"<p>G\u00f6z\u00fcn\u00fcz\u00fc Kusursuz\u2019dan ay\u0131rmay\u0131n\u2026\u00c7\u00fcnk\u00fc siz fark\u0131na varmadan, bir anda kaybolabilir!Bir\u00e7ok \u015firket kusursuzluktan s\u00f6z eder fakat kusursuzlu\u011fun as\u0131l anlam\u0131 nedir? Hangi tutum ve davran\u0131\u015flar, d\u00fc\u015f\u00fcnceler ve eylemler kusursuzlu\u011fu<span class=\"excerpt-hellip\"> [\u2026]<\/span><\/p>\n","protected":false},"featured_media":0,"template":"","meta":{"_monsterinsights_skip_tracking":false,"_monsterinsights_sitenote_active":false,"_monsterinsights_sitenote_note":"","_monsterinsights_sitenote_category":0},"product_brand":[],"product_cat":[12364,12376],"product_tag":[],"class_list":{"0":"post-711530","1":"product","2":"type-product","3":"status-publish","5":"product_cat-genel-konular","6":"product_cat-kisisel-gelisim","7":"pa_cilt-ciltli","8":"pa_tur-kitap","9":"pa_yayinevi-epsilon-yayinlari","10":"pa_yazar-harry-paul-john-britt-ed-jent","12":"first","13":"instock","14":"sale","15":"shipping-taxable","16":"purchasable","17":"product-type-simple"},"_links":{"self":[{"href":"https:\/\/roveyayinevi.com.tr\/index.php\/wp-json\/wp\/v2\/product\/711530","targetHints":{"allow":["GET"]}}],"collection":[{"href":"https:\/\/roveyayinevi.com.tr\/index.php\/wp-json\/wp\/v2\/product"}],"about":[{"href":"https:\/\/roveyayinevi.com.tr\/index.php\/wp-json\/wp\/v2\/types\/product"}],"wp:attachment":[{"href":"https:\/\/roveyayinevi.com.tr\/index.php\/wp-json\/wp\/v2\/media?parent=711530"}],"wp:term":[{"taxonomy":"product_brand","embeddable":true,"href":"https:\/\/roveyayinevi.com.tr\/index.php\/wp-json\/wp\/v2\/product_brand?post=711530"},{"taxonomy":"product_cat","embeddable":true,"href":"https:\/\/roveyayinevi.com.tr\/index.php\/wp-json\/wp\/v2\/product_cat?post=711530"},{"taxonomy":"product_tag","embeddable":true,"href":"https:\/\/roveyayinevi.com.tr\/index.php\/wp-json\/wp\/v2\/product_tag?post=711530"}],"curies":[{"name":"wp","href":"https:\/\/api.w.org\/{rel}","templated":true}]}}