{"id":711528,"date":"2025-08-27T16:46:51","date_gmt":"2025-08-27T13:46:51","guid":{"rendered":"https:\/\/roveyayinevi.com.tr\/index.php\/urun\/fark-yaratan-egitim\/"},"modified":"2026-04-16T02:19:56","modified_gmt":"2026-04-15T23:19:56","slug":"fark-yaratan-egitim","status":"publish","type":"product","link":"https:\/\/roveyayinevi.com.tr\/index.php\/urun\/fark-yaratan-egitim\/","title":{"rendered":"Fark Yaratan E\u011fitim"},"content":{"rendered":"<p>Kitap, \u00fclkemizin \u00e7e\u015fitli yerlerinde \u00f6\u011fretmen ya da y\u00f6netici olarak e\u011fitim\/\u00f6\u011frenmes\u00fcrecinde yer alan 21 ba\u015far\u0131l\u0131 e\u011fitimcinin \u2018fark yaratan uygulamalar\u0131\u2019ndanolu\u015fmaktad\u0131r. Her bir b\u00f6l\u00fcm \u00f6\u011frencilerimize katk\u0131 sa\u011flama ad\u0131na ger\u00e7ekle\u015ftirilenpl\u00e2nlama ve uygulama a\u015famalar\u0131n\u0131 i\u00e7ermektedir. \u0130stedik ki bu fark yaratanuygulamalar bir kitap haline gelsin ve bu yenilikler\/emekler s\u0131n\u0131f\u0131m\u0131z\u0131n,okulumuzun d\u0131\u015f\u0131na ta\u015farak yay\u0131ls\u0131n. Bu bak\u0131mdan fark yaratan uygulamalar b\u00fct\u00fcne\u011fitim payda\u015flar\u0131na yol g\u00f6sterici niteliktedir.Amac\u0131m\u0131z bu kitap arac\u0131l\u0131\u011f\u0131yla y\u00f6netici, \u00f6\u011fretmen, veli ve e\u011fitim fak\u00fcltesi\u00f6\u011frencilerine ula\u015farak olumlu \u00f6rnekleri \u00e7o\u011faltmak, birbirimizden \u00f6\u011frenmeyisa\u011flamak, e\u011fitim ad\u0131na umutlar\u0131 ye\u015fertmek ve bu yolla gelece\u011fe g\u00fcvenlebakabilmektir.Edit\u00f6rler olarak b\u00f6l\u00fcmleri inceledik\u00e7e kitaptan en \u00e7ok da kendimiz \u00f6\u011frendi\u011fimizihissettik. Kendimize \u201cBu kitab\u0131 neden daha \u00f6nceki y\u0131llarda haz\u0131rlamay\u0131d\u00fc\u015f\u00fcnemedik?\u201d diye sorduk. \u015eimdiden kitab\u0131n ula\u015ft\u0131\u011f\u0131 her yerdeki olumlu etkilerinig\u00f6r\u00fcr gibiyiz.Biliyoruz ki e\u011fitimle ilgili inan\u00e7lar de\u011fi\u015fmeden uygulamalar de\u011fi\u015fmez. \u0130ste\u011fimizara\u015ft\u0131ran \u00f6\u011frenci, ara\u015ft\u0131ran y\u00f6netici ve \u00f6\u011fretmeni, sonu\u00e7 olarak da ara\u015ft\u0131ran okulu\u00f6ncelikle zihinlerde in\u015fa etmektir. <\/p>\n","protected":false},"excerpt":{"rendered":"<p>Kitap, \u00fclkemizin \u00e7e\u015fitli yerlerinde \u00f6\u011fretmen ya da y\u00f6netici olarak e\u011fitim\/\u00f6\u011frenmes\u00fcrecinde yer alan 21 ba\u015far\u0131l\u0131 e\u011fitimcinin \u2018fark yaratan uygulamalar\u0131\u2019ndanolu\u015fmaktad\u0131r. Her bir b\u00f6l\u00fcm \u00f6\u011frencilerimize katk\u0131 sa\u011flama ad\u0131na ger\u00e7ekle\u015ftirilenpl\u00e2nlama<span class=\"excerpt-hellip\"> [\u2026]<\/span><\/p>\n","protected":false},"featured_media":0,"template":"","meta":{"_monsterinsights_skip_tracking":false,"_monsterinsights_sitenote_active":false,"_monsterinsights_sitenote_note":"","_monsterinsights_sitenote_category":0},"product_brand":[],"product_cat":[15351,15350],"product_tag":[],"class_list":{"0":"post-711528","1":"product","2":"type-product","3":"status-publish","5":"product_cat-ders-kitaplari","6":"product_cat-hukuk","7":"pa_cilt-ciltsiz","8":"pa_tur-kitap","9":"pa_yayinevi-ani-yayincilik","10":"pa_yazar-kollektif","12":"first","13":"instock","14":"sale","15":"shipping-taxable","16":"purchasable","17":"product-type-simple"},"_links":{"self":[{"href":"https:\/\/roveyayinevi.com.tr\/index.php\/wp-json\/wp\/v2\/product\/711528","targetHints":{"allow":["GET"]}}],"collection":[{"href":"https:\/\/roveyayinevi.com.tr\/index.php\/wp-json\/wp\/v2\/product"}],"about":[{"href":"https:\/\/roveyayinevi.com.tr\/index.php\/wp-json\/wp\/v2\/types\/product"}],"wp:attachment":[{"href":"https:\/\/roveyayinevi.com.tr\/index.php\/wp-json\/wp\/v2\/media?parent=711528"}],"wp:term":[{"taxonomy":"product_brand","embeddable":true,"href":"https:\/\/roveyayinevi.com.tr\/index.php\/wp-json\/wp\/v2\/product_brand?post=711528"},{"taxonomy":"product_cat","embeddable":true,"href":"https:\/\/roveyayinevi.com.tr\/index.php\/wp-json\/wp\/v2\/product_cat?post=711528"},{"taxonomy":"product_tag","embeddable":true,"href":"https:\/\/roveyayinevi.com.tr\/index.php\/wp-json\/wp\/v2\/product_tag?post=711528"}],"curies":[{"name":"wp","href":"https:\/\/api.w.org\/{rel}","templated":true}]}}