{"id":711527,"date":"2025-08-27T16:46:51","date_gmt":"2025-08-27T13:46:51","guid":{"rendered":"https:\/\/roveyayinevi.com.tr\/index.php\/urun\/sosyoloji-tarihi-4-hegel-proudhon-marx-durkheim-weber-ve-veblenin-sosyal-teorileri\/"},"modified":"2025-09-25T04:34:44","modified_gmt":"2025-09-25T01:34:44","slug":"sosyoloji-tarihi-4-hegel-proudhon-marx-durkheim-weber-ve-veblenin-sosyal-teorileri","status":"publish","type":"product","link":"https:\/\/roveyayinevi.com.tr\/index.php\/urun\/sosyoloji-tarihi-4-hegel-proudhon-marx-durkheim-weber-ve-veblenin-sosyal-teorileri\/","title":{"rendered":"Sosyoloji Tarihi 4 &#8211; Hegel, Proudhon, Marx, Durkheim, Weber Ve Veblen&#8217;in Sosyal Teorileri"},"content":{"rendered":"<p>Bu eserde, sosyolojinin kurucu babalar\u0131, sosyolojik d\u00fc\u015f\u00fcncenin ustalar\u0131 ve \u00e7a\u011fda\u015fsosyolojinin habercileri olan Hegel, Proudhon, Marx, Durkheim, Weber ve Veblen,sosyoloji tarihi \u00e7er\u00e7evesinde kapsaml\u0131 bir inceleme sonucunda T\u00fcrkiye\u2019de ilk kezbir araya geliyor. Bu kitapta, sosyolojinin atalar\u0131 ve mimarlar\u0131 konumundaki Hegel,Proudhon, Marx, Durkheim, Weber ve Veblen\u2019nin entelekt\u00fcel portleri,metodoojileri, sosyal teorileri ve sosyolojik d\u00fc\u015f\u00fcnceye katk\u0131lar\u0131 ayr\u0131nt\u0131l\u0131 bir bi\u00e7imdeele al\u0131nm\u0131\u015ft\u0131r. Bu yap\u0131tta, Hegel, Proudhon, Marx, Durkheim, Weber ve Veblen\u2019ninSosyoloji anlay\u0131\u015flar\u0131, d\u00fcnyay\u0131 de\u011fi\u015ftiren ve modern d\u00fcnyaya y\u00f6n veren k\u00fcltyap\u0131tlar\u0131 referans al\u0131nd\u0131\u011f\u0131nda klasik ve \u00e7a\u011fda\u015f sosyolojinin metodolojik ve teorikg\u00f6vdesinin, \u00e7a\u011f\u0131m\u0131z\u0131n ruhunun ve baz\u0131 temel sorunlar\u0131n\u0131n daha do\u011fruanla\u015f\u0131labilece\u011fi iddia edilmi\u015ftir. <\/p>\n","protected":false},"excerpt":{"rendered":"<p>Bu eserde, sosyolojinin kurucu babalar\u0131, sosyolojik d\u00fc\u015f\u00fcncenin ustalar\u0131 ve \u00e7a\u011fda\u015fsosyolojinin habercileri olan Hegel, Proudhon, Marx, Durkheim, Weber ve Veblen,sosyoloji tarihi \u00e7er\u00e7evesinde kapsaml\u0131 bir inceleme sonucunda T\u00fcrkiye\u2019de<span class=\"excerpt-hellip\"> [\u2026]<\/span><\/p>\n","protected":false},"featured_media":0,"template":"","meta":{"_monsterinsights_skip_tracking":false,"_monsterinsights_sitenote_active":false,"_monsterinsights_sitenote_note":"","_monsterinsights_sitenote_category":0},"product_brand":[],"product_cat":[12351,12324],"product_tag":[],"class_list":{"0":"post-711527","1":"product","2":"type-product","3":"status-publish","5":"product_cat-siyaset-sosyolojisi","6":"product_cat-sosyoloji","7":"pa_cilt-ciltsiz","8":"pa_tur-kitap","9":"pa_yayinevi-ani-yayincilik","10":"pa_yazar-sezgin-kizilcelik","12":"first","13":"instock","14":"sale","15":"shipping-taxable","16":"purchasable","17":"product-type-simple"},"_links":{"self":[{"href":"https:\/\/roveyayinevi.com.tr\/index.php\/wp-json\/wp\/v2\/product\/711527","targetHints":{"allow":["GET"]}}],"collection":[{"href":"https:\/\/roveyayinevi.com.tr\/index.php\/wp-json\/wp\/v2\/product"}],"about":[{"href":"https:\/\/roveyayinevi.com.tr\/index.php\/wp-json\/wp\/v2\/types\/product"}],"wp:attachment":[{"href":"https:\/\/roveyayinevi.com.tr\/index.php\/wp-json\/wp\/v2\/media?parent=711527"}],"wp:term":[{"taxonomy":"product_brand","embeddable":true,"href":"https:\/\/roveyayinevi.com.tr\/index.php\/wp-json\/wp\/v2\/product_brand?post=711527"},{"taxonomy":"product_cat","embeddable":true,"href":"https:\/\/roveyayinevi.com.tr\/index.php\/wp-json\/wp\/v2\/product_cat?post=711527"},{"taxonomy":"product_tag","embeddable":true,"href":"https:\/\/roveyayinevi.com.tr\/index.php\/wp-json\/wp\/v2\/product_tag?post=711527"}],"curies":[{"name":"wp","href":"https:\/\/api.w.org\/{rel}","templated":true}]}}