{"id":711525,"date":"2025-08-27T16:46:50","date_gmt":"2025-08-27T13:46:50","guid":{"rendered":"https:\/\/roveyayinevi.com.tr\/index.php\/urun\/bitki-zekasi-bitki-zekasinin-sasirtici-tarihi-ve-bilimi\/"},"modified":"2026-04-16T02:19:56","modified_gmt":"2026-04-15T23:19:56","slug":"bitki-zekasi-bitki-zekasinin-sasirtici-tarihi-ve-bilimi","status":"publish","type":"product","link":"https:\/\/roveyayinevi.com.tr\/index.php\/urun\/bitki-zekasi-bitki-zekasinin-sasirtici-tarihi-ve-bilimi\/","title":{"rendered":"Bitki Zekas\u0131 &#8211; Bitki Zekas\u0131n\u0131n \u015ea\u015f\u0131rt\u0131c\u0131 Tarihi ve Bilimi"},"content":{"rendered":"<p>Bitkilerin gayet zeki oldu\u011fu ve ileti\u015fim kurabildi\u011fi bir gezegen hayal edin. Bu hayali gezegende bitkiler kendi aralar\u0131nda bilgi al\u0131\u015fveri\u015fi yapabiliyor. K\u00f6klerinden en tepesindeki yapra\u011fa kadar her t\u00fcrl\u00fc bilgiyi aktarabiliyor. \u00c7evresinde kendi t\u00fcr\u00fcnden olanlarla di\u011ferlerini ay\u0131rabiliyor. Tuzak kurarak avlanabiliyor. \u0130klim ge\u00e7i\u015flerine, kurakl\u0131\u011fa ya da a\u015f\u0131r\u0131 ya\u011fmurlara kar\u015f\u0131 tedbir alabiliyor. Daha da ileri gidip, di\u011fer bitkilerle ve baz\u0131 hayvanlarla a\u011f kurabiliyorlar. Kendilerini korumak ve ot\u00e7ullardan sak\u0131nmak i\u00e7in, ba\u015fka canl\u0131lardan yard\u0131m alabiliyorlar. \u00dcremek i\u00e7in i\u015fbirli\u011fi geli\u015ftirebiliyorlar. Bu sessiz, pasif ve savunmas\u0131z g\u00f6z\u00fcken bitkilerin en k\u00fc\u00e7\u00fck k\u00f6k solucan\u0131ndan insanlara kadar, etraflar\u0131ndaki herkesi y\u00f6nlendirerek ve onlarla ileti\u015fime ge\u00e7erek ya\u015famlar\u0131n\u0131 organize etti\u011fi bir gezegen hayal edebiliyor musunuz? Bo\u015funa u\u011fra\u015fmay\u0131n, bu gezegen zaten var: D\u00fcnya\u2019ya ho\u015f geldiniz. Bu kitapta yaz\u0131lanlar\u0131 bize \u00e7ok \u00f6nce \u00f6\u011fretilmi\u015f bilgilerle anlamam\u0131z  imkans\u0131z. Yeni bir perspektif ve zarif bir bak\u0131\u015f a\u00e7\u0131s\u0131yla bilindik bitkilere y\u00f6nelik b\u00fct\u00fcn yarg\u0131lar\u0131n\u0131z temelden sars\u0131labilir. D\u00fcnyan\u0131n her yan\u0131nda ses getirmeye aday bu yepyeni kitap, \u015fimdiden pek \u00e7ok dergiye kapak oldu ve insanl\u0131k bir kez daha do\u011fru bildiklerini kenara itmek zorunda kalacak gibi. \u201cBirka\u00e7 saatli\u011fine al\u0131\u015f\u0131k oldu\u011funuz insan merkezcili\u011finizi bir kenara b\u0131rak\u0131n. Daha zengin ve daha muhte\u015fem di\u011fer d\u00fcnyaya ad\u0131m at\u0131n. Pi\u015fman olmayacaks\u0131n\u0131z ve bu yeni d\u00fcnyadan asla eskisi gibi \u00e7\u0131kamayacaks\u0131n\u0131z.\u201d Michael Pollan <\/p>\n","protected":false},"excerpt":{"rendered":"<p>Bitkilerin gayet zeki oldu\u011fu ve ileti\u015fim kurabildi\u011fi bir gezegen hayal edin. Bu hayali gezegende bitkiler kendi aralar\u0131nda bilgi al\u0131\u015fveri\u015fi yapabiliyor. K\u00f6klerinden en tepesindeki yapra\u011fa kadar her<span class=\"excerpt-hellip\"> [\u2026]<\/span><\/p>\n","protected":false},"featured_media":0,"template":"","meta":{"_monsterinsights_skip_tracking":false,"_monsterinsights_sitenote_active":false,"_monsterinsights_sitenote_note":"","_monsterinsights_sitenote_category":0},"product_brand":[],"product_cat":[23323,12364],"product_tag":[],"class_list":{"0":"post-711525","1":"product","2":"type-product","3":"status-publish","5":"product_cat-ekoloji","6":"product_cat-genel-konular","7":"pa_cilt-ciltsiz","8":"pa_tur-kitap","9":"pa_yayinevi-yeni-insan-yayinlari","10":"pa_yazar-stefano-mancuso-alessandra-viola","12":"first","13":"instock","14":"sale","15":"shipping-taxable","16":"purchasable","17":"product-type-simple"},"_links":{"self":[{"href":"https:\/\/roveyayinevi.com.tr\/index.php\/wp-json\/wp\/v2\/product\/711525","targetHints":{"allow":["GET"]}}],"collection":[{"href":"https:\/\/roveyayinevi.com.tr\/index.php\/wp-json\/wp\/v2\/product"}],"about":[{"href":"https:\/\/roveyayinevi.com.tr\/index.php\/wp-json\/wp\/v2\/types\/product"}],"wp:attachment":[{"href":"https:\/\/roveyayinevi.com.tr\/index.php\/wp-json\/wp\/v2\/media?parent=711525"}],"wp:term":[{"taxonomy":"product_brand","embeddable":true,"href":"https:\/\/roveyayinevi.com.tr\/index.php\/wp-json\/wp\/v2\/product_brand?post=711525"},{"taxonomy":"product_cat","embeddable":true,"href":"https:\/\/roveyayinevi.com.tr\/index.php\/wp-json\/wp\/v2\/product_cat?post=711525"},{"taxonomy":"product_tag","embeddable":true,"href":"https:\/\/roveyayinevi.com.tr\/index.php\/wp-json\/wp\/v2\/product_tag?post=711525"}],"curies":[{"name":"wp","href":"https:\/\/api.w.org\/{rel}","templated":true}]}}