{"id":711522,"date":"2025-08-27T16:46:48","date_gmt":"2025-08-27T13:46:48","guid":{"rendered":"https:\/\/roveyayinevi.com.tr\/index.php\/urun\/dedemin-aycicegi-tarlasi\/"},"modified":"2026-04-16T02:19:56","modified_gmt":"2026-04-15T23:19:56","slug":"dedemin-aycicegi-tarlasi","status":"publish","type":"product","link":"https:\/\/roveyayinevi.com.tr\/index.php\/urun\/dedemin-aycicegi-tarlasi\/","title":{"rendered":"Dedemin Ay\u00e7i\u00e7e\u011fi Tarlas\u0131"},"content":{"rendered":"<p>Toprak\u2019\u0131n anne ve babas\u0131 son zamanlarda s\u0131k s\u0131k tart\u0131\u015fmaktad\u0131r. Bu durumun onu \u00fczd\u00fc\u011f\u00fcn\u00fc fark eden ailesi, yaz tatili i\u00e7in Toprak\u2019\u0131 dedesinin yan\u0131na g\u00f6nderir. Toprak, kasabaya geldi\u011fi andan itibaren, ay\u00e7i\u00e7ekleri ve tan\u0131mad\u0131\u011f\u0131 bir \u00e7ocukla ilgili garip r\u00fcyalar g\u00f6rmeye ba\u015flar. Bu da yetmezmi\u015f gibi dedesinin evinde buldu\u011fu esrarengiz bir foto\u011fraf sayesinde, babaannesinin herkesten saklad\u0131\u011f\u0131 b\u00fcy\u00fck bir aile s\u0131rr\u0131 oldu\u011funu ke\u015ffeder. Bu gizemli s\u0131rr\u0131 \u00e7\u00f6zebilmek i\u00e7in kasabada tan\u0131\u015ft\u0131\u011f\u0131 yeni arkada\u015flar\u0131 da ona yard\u0131m ederler. Toprak o yaz hem yeni duygularla tan\u0131\u015facak hem de ailesini birbirine kenetleyecek olan s\u0131rr\u0131 a\u00e7\u0131\u011fa \u00e7\u0131karacakt\u0131r. Ay\u00e7i\u00e7ek tarlalar\u0131n\u0131n aras\u0131nda ge\u00e7en s\u0131cac\u0131k, sevgi dolu bir roman&#8230;<\/p>\n","protected":false},"excerpt":{"rendered":"<p>Toprak\u2019\u0131n anne ve babas\u0131 son zamanlarda s\u0131k s\u0131k tart\u0131\u015fmaktad\u0131r. Bu durumun onu \u00fczd\u00fc\u011f\u00fcn\u00fc fark eden ailesi, yaz tatili i\u00e7in Toprak\u2019\u0131 dedesinin yan\u0131na g\u00f6nderir. Toprak, kasabaya geldi\u011fi<span class=\"excerpt-hellip\"> [\u2026]<\/span><\/p>\n","protected":false},"featured_media":0,"template":"","meta":{"_monsterinsights_skip_tracking":false,"_monsterinsights_sitenote_active":false,"_monsterinsights_sitenote_note":"","_monsterinsights_sitenote_category":0},"product_brand":[],"product_cat":[12275,12274],"product_tag":[],"class_list":{"0":"post-711522","1":"product","2":"type-product","3":"status-publish","5":"product_cat-6-12-yas-kitaplari","6":"product_cat-cocuk-ve-genclik-kitaplari","7":"pa_cilt-ciltsiz","8":"pa_tur-kitap","9":"pa_yayinevi-altin-kitaplar-ozel-urun","10":"pa_yazar-gamze-pat","12":"first","13":"instock","14":"sale","15":"shipping-taxable","16":"purchasable","17":"product-type-simple"},"_links":{"self":[{"href":"https:\/\/roveyayinevi.com.tr\/index.php\/wp-json\/wp\/v2\/product\/711522","targetHints":{"allow":["GET"]}}],"collection":[{"href":"https:\/\/roveyayinevi.com.tr\/index.php\/wp-json\/wp\/v2\/product"}],"about":[{"href":"https:\/\/roveyayinevi.com.tr\/index.php\/wp-json\/wp\/v2\/types\/product"}],"wp:attachment":[{"href":"https:\/\/roveyayinevi.com.tr\/index.php\/wp-json\/wp\/v2\/media?parent=711522"}],"wp:term":[{"taxonomy":"product_brand","embeddable":true,"href":"https:\/\/roveyayinevi.com.tr\/index.php\/wp-json\/wp\/v2\/product_brand?post=711522"},{"taxonomy":"product_cat","embeddable":true,"href":"https:\/\/roveyayinevi.com.tr\/index.php\/wp-json\/wp\/v2\/product_cat?post=711522"},{"taxonomy":"product_tag","embeddable":true,"href":"https:\/\/roveyayinevi.com.tr\/index.php\/wp-json\/wp\/v2\/product_tag?post=711522"}],"curies":[{"name":"wp","href":"https:\/\/api.w.org\/{rel}","templated":true}]}}