{"id":711521,"date":"2025-08-27T16:46:48","date_gmt":"2025-08-27T13:46:48","guid":{"rendered":"https:\/\/roveyayinevi.com.tr\/index.php\/urun\/robotum-zeytin\/"},"modified":"2026-04-16T02:19:56","modified_gmt":"2026-04-15T23:19:56","slug":"robotum-zeytin","status":"publish","type":"product","link":"https:\/\/roveyayinevi.com.tr\/index.php\/urun\/robotum-zeytin\/","title":{"rendered":"Robotum Zeytin"},"content":{"rendered":"<p>U\u011fur, karde\u015fi Ay\u015fe ile yeni bir oyun ke\u015ffeder. Bu, \u201cbom bom\u201d oyunudur. Ke\u015ffettikleri bu oyunun ard\u0131ndan ya\u015famlar\u0131nda pek \u00e7ok \u015fey de\u011fi\u015fir. En garibi, U\u011fur, Zeytin isimli bir robotla tan\u0131\u015f\u0131r. Zeytin zamanla U\u011fur\u2019un en yak\u0131n dostu olur ve onun ya\u015fam\u0131ndaki her \u015feye tan\u0131kl\u0131k eder. Birlikte oyunlar oynar, pek \u00e7ok maceraya kat\u0131l\u0131rlar\u2026 \u00d6nce, bir \u015fehirden ba\u015fka bir \u015fehre g\u00f6\u00e7 etmek zorunda kal\u0131rlar. Birlikte hayali bir d\u00fcnyada, Minerva adl\u0131 bir tanr\u0131\u00e7ayla tan\u0131\u015f\u0131rlar. Minerva\u2019n\u0131n ise onlar i\u00e7in b\u00fcy\u00fck s\u00fcrprizleri vard\u0131r. Acaba U\u011fur\u2019un bu hayali d\u00fcnyay\u0131 ger\u00e7eklerden ay\u0131rt etmesi m\u00fcmk\u00fcn olacak m\u0131d\u0131r? <\/p>\n","protected":false},"excerpt":{"rendered":"<p>U\u011fur, karde\u015fi Ay\u015fe ile yeni bir oyun ke\u015ffeder. Bu, \u201cbom bom\u201d oyunudur. Ke\u015ffettikleri bu oyunun ard\u0131ndan ya\u015famlar\u0131nda pek \u00e7ok \u015fey de\u011fi\u015fir. En garibi, U\u011fur, Zeytin isimli<span class=\"excerpt-hellip\"> [\u2026]<\/span><\/p>\n","protected":false},"featured_media":0,"template":"","meta":{"_monsterinsights_skip_tracking":false,"_monsterinsights_sitenote_active":false,"_monsterinsights_sitenote_note":"","_monsterinsights_sitenote_category":0},"product_brand":[],"product_cat":[12275,12274],"product_tag":[],"class_list":{"0":"post-711521","1":"product","2":"type-product","3":"status-publish","5":"product_cat-6-12-yas-kitaplari","6":"product_cat-cocuk-ve-genclik-kitaplari","7":"pa_cilt-ciltsiz","8":"pa_tur-kitap","9":"pa_yayinevi-altin-kitaplar-ozel-urun","10":"pa_yazar-buket-cetin","12":"first","13":"instock","14":"sale","15":"shipping-taxable","16":"purchasable","17":"product-type-simple"},"_links":{"self":[{"href":"https:\/\/roveyayinevi.com.tr\/index.php\/wp-json\/wp\/v2\/product\/711521","targetHints":{"allow":["GET"]}}],"collection":[{"href":"https:\/\/roveyayinevi.com.tr\/index.php\/wp-json\/wp\/v2\/product"}],"about":[{"href":"https:\/\/roveyayinevi.com.tr\/index.php\/wp-json\/wp\/v2\/types\/product"}],"wp:attachment":[{"href":"https:\/\/roveyayinevi.com.tr\/index.php\/wp-json\/wp\/v2\/media?parent=711521"}],"wp:term":[{"taxonomy":"product_brand","embeddable":true,"href":"https:\/\/roveyayinevi.com.tr\/index.php\/wp-json\/wp\/v2\/product_brand?post=711521"},{"taxonomy":"product_cat","embeddable":true,"href":"https:\/\/roveyayinevi.com.tr\/index.php\/wp-json\/wp\/v2\/product_cat?post=711521"},{"taxonomy":"product_tag","embeddable":true,"href":"https:\/\/roveyayinevi.com.tr\/index.php\/wp-json\/wp\/v2\/product_tag?post=711521"}],"curies":[{"name":"wp","href":"https:\/\/api.w.org\/{rel}","templated":true}]}}