{"id":711519,"date":"2025-08-27T16:46:46","date_gmt":"2025-08-27T13:46:46","guid":{"rendered":"https:\/\/roveyayinevi.com.tr\/index.php\/urun\/mavibent\/"},"modified":"2026-04-16T02:19:56","modified_gmt":"2026-04-15T23:19:56","slug":"mavibent","status":"publish","type":"product","link":"https:\/\/roveyayinevi.com.tr\/index.php\/urun\/mavibent\/","title":{"rendered":"Mavibent"},"content":{"rendered":"<p>\u201cElbette, diye d\u00fc\u015f\u00fcn\u00fcyorum, par\u0131ldayan k\u00f6rfeze efk\u00e2rla bakarak.Ezelden beri biliyordum. D\u00fcnyan\u0131n kalbi mavi.\u201dBireysel \u0131st\u0131rab\u0131n, a\u015fk\u0131n ve ufkun mavi s\u0131n\u0131rlar\u0131nda gezinen bir i\u00e7sel k\u00e2\u015fif Maggie Nelson. Bukitab\u0131yla \u015fiirsel, felsefi, c\u00fcretk\u00e2r anlat\u0131n\u0131n kilometre ta\u015flar\u0131ndan birini ruhumuzun mavi odalar\u0131nab\u0131rak\u0131yor.Mavibent Johann Wolfgang von Goethe, Yves Klein, Leonard Cohen, Joni Mitchell ve BillieHoliday gibi pek \u00e7ok mavi ruha da misafir olarak melankoli, inan\u00e7, alkol, hasretlik ve arzununaras\u0131nda yol al\u0131yor. Nelson mavi renge ya\u015fam boyu tak\u0131nt\u0131s\u0131n\u0131n izinde hem bireysel hem deevrensel ac\u0131lar\u0131n, matemin ve h\u00fczn\u00fcn haritas\u0131n\u0131 \u00e7\u0131kar\u0131yor, orada gizli estetik g\u00fczelli\u011fe ad\u0131m ad\u0131m,bent bent ula\u015f\u0131yor.\u201cBir renge \u00e2\u015f\u0131k oldum i\u015fte, bahsi ge\u00e7en renk mavi; b\u00fcy\u00fclenmi\u015fim, \u00f6nce kap\u0131lmaya sonra dakurtulmaya \u00e7al\u0131\u015ft\u0131\u011f\u0131m bir b\u00fcy\u00fcye tutulmu\u015fum gibi.\u201d <\/p>\n","protected":false},"excerpt":{"rendered":"<p>\u201cElbette, diye d\u00fc\u015f\u00fcn\u00fcyorum, par\u0131ldayan k\u00f6rfeze efk\u00e2rla bakarak.Ezelden beri biliyordum. D\u00fcnyan\u0131n kalbi mavi.\u201dBireysel \u0131st\u0131rab\u0131n, a\u015fk\u0131n ve ufkun mavi s\u0131n\u0131rlar\u0131nda gezinen bir i\u00e7sel k\u00e2\u015fif Maggie Nelson. Bukitab\u0131yla \u015fiirsel,<span class=\"excerpt-hellip\"> [\u2026]<\/span><\/p>\n","protected":false},"featured_media":0,"template":"","meta":{"_monsterinsights_skip_tracking":false,"_monsterinsights_sitenote_active":false,"_monsterinsights_sitenote_note":"","_monsterinsights_sitenote_category":0},"product_brand":[],"product_cat":[18545,12291],"product_tag":[],"class_list":{"0":"post-711519","1":"product","2":"type-product","3":"status-publish","5":"product_cat-anlati","6":"product_cat-edebiyat","7":"pa_cilt-ciltsiz","8":"pa_tur-kitap","9":"pa_yayinevi-kolektif-kitap","10":"pa_yazar-maggie-nelson","12":"first","13":"instock","14":"sale","15":"shipping-taxable","16":"purchasable","17":"product-type-simple"},"_links":{"self":[{"href":"https:\/\/roveyayinevi.com.tr\/index.php\/wp-json\/wp\/v2\/product\/711519","targetHints":{"allow":["GET"]}}],"collection":[{"href":"https:\/\/roveyayinevi.com.tr\/index.php\/wp-json\/wp\/v2\/product"}],"about":[{"href":"https:\/\/roveyayinevi.com.tr\/index.php\/wp-json\/wp\/v2\/types\/product"}],"wp:attachment":[{"href":"https:\/\/roveyayinevi.com.tr\/index.php\/wp-json\/wp\/v2\/media?parent=711519"}],"wp:term":[{"taxonomy":"product_brand","embeddable":true,"href":"https:\/\/roveyayinevi.com.tr\/index.php\/wp-json\/wp\/v2\/product_brand?post=711519"},{"taxonomy":"product_cat","embeddable":true,"href":"https:\/\/roveyayinevi.com.tr\/index.php\/wp-json\/wp\/v2\/product_cat?post=711519"},{"taxonomy":"product_tag","embeddable":true,"href":"https:\/\/roveyayinevi.com.tr\/index.php\/wp-json\/wp\/v2\/product_tag?post=711519"}],"curies":[{"name":"wp","href":"https:\/\/api.w.org\/{rel}","templated":true}]}}