{"id":711518,"date":"2025-08-27T16:46:46","date_gmt":"2025-08-27T13:46:46","guid":{"rendered":"https:\/\/roveyayinevi.com.tr\/index.php\/urun\/acemiler-icin-tarot-rehberi-boyama-kitabi\/"},"modified":"2026-04-16T02:19:56","modified_gmt":"2026-04-15T23:19:56","slug":"acemiler-icin-tarot-rehberi-boyama-kitabi","status":"publish","type":"product","link":"https:\/\/roveyayinevi.com.tr\/index.php\/urun\/acemiler-icin-tarot-rehberi-boyama-kitabi\/","title":{"rendered":"Acemiler \u0130\u00e7in Tarot Rehberi &#8211; Boyama Kitab\u0131"},"content":{"rendered":"<p>Tarot ile en \u00fcst d\u00fczeyde ba\u011f kurman\u0131n en iyi yolu, \u015fekilleri bizzat boyamakt\u0131r!Bu eksiksiz tarot destesi de, \u00f6zellikle bunu yapman\u0131z\u0131 sa\u011flamak i\u00e7in yarat\u0131ld\u0131. Her bir kart\u0131n \u00fczerindeyer alan \u015fekillerin tan\u0131mlar\u0131n\u0131 ve boyama egzersizlerini okuyun, ard\u0131ndan sezgilerinizin her bir tasla\u011f\u0131renklendirirken size rehberlik etmesine izin verin. Kitapta, \u00e7al\u0131\u015f\u0131rkenki izlenimlerinizi yazman\u0131z\u0131sa\u011flayacak bo\u015f alanlar bulunuyor, b\u00f6ylelikle d\u00fc\u015f\u00fcncelerinizi daha sonra tekrardan ziyaret edebilirsiniz.\u015eimdi, bir yandan tarot alg\u0131n\u0131z\u0131 daha da zenginle\u015ftirirken, di\u011fer yandan da boyama s\u00fcrecinin t\u00fcm \u015fifal\u0131faydalar\u0131n\u0131n tad\u0131n\u0131 \u00e7\u0131kartabilirsiniz.Her bir \u015fekli bir arkada\u015f gibi hissedin\u00b7 Tarot alg\u0131n\u0131z\u0131 zenginle\u015ftirin \u2013 veya sadece \u015fekilleri boyaman\u0131n tad\u0131n\u0131 \u00e7\u0131kart\u0131n! <\/p>\n","protected":false},"excerpt":{"rendered":"<p>Tarot ile en \u00fcst d\u00fczeyde ba\u011f kurman\u0131n en iyi yolu, \u015fekilleri bizzat boyamakt\u0131r!Bu eksiksiz tarot destesi de, \u00f6zellikle bunu yapman\u0131z\u0131 sa\u011flamak i\u00e7in yarat\u0131ld\u0131. Her bir kart\u0131n<span class=\"excerpt-hellip\"> [\u2026]<\/span><\/p>\n","protected":false},"featured_media":0,"template":"","meta":{"_monsterinsights_skip_tracking":false,"_monsterinsights_sitenote_active":false,"_monsterinsights_sitenote_note":"","_monsterinsights_sitenote_category":0},"product_brand":[],"product_cat":[18082,15563],"product_tag":[],"class_list":{"0":"post-711518","1":"product","2":"type-product","3":"status-publish","5":"product_cat-astroloji-fal-ruya","6":"product_cat-hobi","7":"pa_cilt-ciltli","8":"pa_tur-kitap","9":"pa_yayinevi-profil-kitap","10":"pa_yazar-juliet-sharman-burke","12":"first","13":"instock","14":"sale","15":"shipping-taxable","16":"purchasable","17":"product-type-simple"},"_links":{"self":[{"href":"https:\/\/roveyayinevi.com.tr\/index.php\/wp-json\/wp\/v2\/product\/711518","targetHints":{"allow":["GET"]}}],"collection":[{"href":"https:\/\/roveyayinevi.com.tr\/index.php\/wp-json\/wp\/v2\/product"}],"about":[{"href":"https:\/\/roveyayinevi.com.tr\/index.php\/wp-json\/wp\/v2\/types\/product"}],"wp:attachment":[{"href":"https:\/\/roveyayinevi.com.tr\/index.php\/wp-json\/wp\/v2\/media?parent=711518"}],"wp:term":[{"taxonomy":"product_brand","embeddable":true,"href":"https:\/\/roveyayinevi.com.tr\/index.php\/wp-json\/wp\/v2\/product_brand?post=711518"},{"taxonomy":"product_cat","embeddable":true,"href":"https:\/\/roveyayinevi.com.tr\/index.php\/wp-json\/wp\/v2\/product_cat?post=711518"},{"taxonomy":"product_tag","embeddable":true,"href":"https:\/\/roveyayinevi.com.tr\/index.php\/wp-json\/wp\/v2\/product_tag?post=711518"}],"curies":[{"name":"wp","href":"https:\/\/api.w.org\/{rel}","templated":true}]}}