{"id":711517,"date":"2025-08-27T16:46:45","date_gmt":"2025-08-27T13:46:45","guid":{"rendered":"https:\/\/roveyayinevi.com.tr\/index.php\/urun\/resimli-ilk-kitaplarim-ilk-sayilar-kitabim\/"},"modified":"2026-04-16T02:19:56","modified_gmt":"2026-04-15T23:19:56","slug":"resimli-ilk-kitaplarim-ilk-sayilar-kitabim","status":"publish","type":"product","link":"https:\/\/roveyayinevi.com.tr\/index.php\/urun\/resimli-ilk-kitaplarim-ilk-sayilar-kitabim\/","title":{"rendered":"Resimli \u0130lk Kitaplar\u0131m &#8211; \u0130lk Say\u0131lar Kitab\u0131m"},"content":{"rendered":"<p>\u0130lk Say\u0131lar Kitab\u0131m   Say\u0131lar\u0131 tan\u0131mak i\u00e7in ilk ad\u0131m\u2026   \u0130ki sayfaya yay\u0131lm\u0131\u015f capcanl\u0131 resimler i\u00e7inde bulup say\u0131lacak ne \u00e7ok \u015fey var! Bu renkli ve e\u011flenceli kitap, \u00e7ocuklar\u0131n say\u0131lar\u0131 tan\u0131y\u0131p \u00f6\u011frenmeleri ve say\u0131 sayma becerilerini geli\u015ftirmeleri i\u00e7in tasarland\u0131. <\/p>\n","protected":false},"excerpt":{"rendered":"<p>\u0130lk Say\u0131lar Kitab\u0131m Say\u0131lar\u0131 tan\u0131mak i\u00e7in ilk ad\u0131m\u2026 \u0130ki sayfaya yay\u0131lm\u0131\u015f capcanl\u0131 resimler i\u00e7inde bulup say\u0131lacak ne \u00e7ok \u015fey var! Bu renkli ve e\u011flenceli kitap, \u00e7ocuklar\u0131n<span class=\"excerpt-hellip\"> [\u2026]<\/span><\/p>\n","protected":false},"featured_media":0,"template":"","meta":{"_monsterinsights_skip_tracking":false,"_monsterinsights_sitenote_active":false,"_monsterinsights_sitenote_note":"","_monsterinsights_sitenote_category":0},"product_brand":[],"product_cat":[12913,12274],"product_tag":[],"class_list":{"0":"post-711517","1":"product","2":"type-product","3":"status-publish","5":"product_cat-3-6-yas-kitaplari","6":"product_cat-cocuk-ve-genclik-kitaplari","7":"pa_cilt-ciltsiz","8":"pa_tur-kitap","9":"pa_yayinevi-1001-cicek-kitaplar","10":"pa_yazar-francesca-allen","12":"first","13":"instock","14":"sale","15":"shipping-taxable","16":"purchasable","17":"product-type-simple"},"_links":{"self":[{"href":"https:\/\/roveyayinevi.com.tr\/index.php\/wp-json\/wp\/v2\/product\/711517","targetHints":{"allow":["GET"]}}],"collection":[{"href":"https:\/\/roveyayinevi.com.tr\/index.php\/wp-json\/wp\/v2\/product"}],"about":[{"href":"https:\/\/roveyayinevi.com.tr\/index.php\/wp-json\/wp\/v2\/types\/product"}],"wp:attachment":[{"href":"https:\/\/roveyayinevi.com.tr\/index.php\/wp-json\/wp\/v2\/media?parent=711517"}],"wp:term":[{"taxonomy":"product_brand","embeddable":true,"href":"https:\/\/roveyayinevi.com.tr\/index.php\/wp-json\/wp\/v2\/product_brand?post=711517"},{"taxonomy":"product_cat","embeddable":true,"href":"https:\/\/roveyayinevi.com.tr\/index.php\/wp-json\/wp\/v2\/product_cat?post=711517"},{"taxonomy":"product_tag","embeddable":true,"href":"https:\/\/roveyayinevi.com.tr\/index.php\/wp-json\/wp\/v2\/product_tag?post=711517"}],"curies":[{"name":"wp","href":"https:\/\/api.w.org\/{rel}","templated":true}]}}