{"id":711512,"date":"2025-08-27T16:46:42","date_gmt":"2025-08-27T13:46:42","guid":{"rendered":"https:\/\/roveyayinevi.com.tr\/index.php\/urun\/roverandom-ozel-ciltli-baski\/"},"modified":"2026-04-16T02:19:56","modified_gmt":"2026-04-15T23:19:56","slug":"roverandom-ozel-ciltli-baski","status":"publish","type":"product","link":"https:\/\/roveyayinevi.com.tr\/index.php\/urun\/roverandom-ozel-ciltli-baski\/","title":{"rendered":"Roverandom (\u00d6zel Ciltli Bask\u0131)"},"content":{"rendered":"<p>J.R.R. Tolkien\u2019in yazd\u0131\u011f\u0131 ilk \u00e7ocuk hik\u00e2yesi.1925 y\u0131l\u0131nda, d\u00f6rt ya\u015f\u0131ndaki Michael Tolkien kumsalda g\u00f6zdesi olan oyuncak k\u00f6\u011fe\u011fini kaybetti. O\u011flunu teselli etmek i\u00e7in J.R.R. Tolkien, b\u00fcy\u00fcyle oyunca\u011fa d\u00f6n\u00fc\u015ft\u00fcr\u00fclen Rover isminde bir k\u00f6pe\u011fi ve onu eski haline d\u00f6nd\u00fcrebilecek b\u00fcy\u00fcc\u00fcy\u00fc aray\u0131\u015f\u0131na dair bir hik\u00e2ye uydurdu.Rover ya da daha sonra tan\u0131nd\u0131\u011f\u0131 gibi \u201cRoverandom\u201d, maceralar\u0131 s\u0131ras\u0131nda bir kum b\u00fcy\u00fcc\u00fcs\u00fc, korkun\u00e7 bir ejderha, denizdeki kral ve Aydaki Adam\u2019la kar\u015f\u0131la\u015f\u0131r. Zekice \u00f6r\u00fclm\u00fc\u015f\u0327 ve kelime oyunlar\u0131yla bezeli Roverandom\u2019un, ba\u015fta Hobbit\u2019le ayn\u0131 sene, 1937\u2019nin Ocak ay\u0131nda bas\u0131lmas\u0131 planlansa da yay\u0131nc\u0131lar bir devam kitab\u0131 istedi\u011finden eser yay\u0131mlanamam\u0131\u015ft\u0131r. Tolkien bunun yerine Y\u00fcz\u00fcklerin Efendisi\u2019niyazmaya ba\u015flam\u0131\u015ft\u0131r. Roverandom ise nihayet 1998 y\u0131l\u0131nda yay\u0131mlanm\u0131\u015ft\u0131r.\u201cY\u00fcz\u00fcklerin Efendisi hayranlar\u0131 \u0130skandinav mitolojisinden esintilerden ve Tolkien\u2019in harikulade mek\u00e2n anlay\u0131\u015f\u0131ndan b\u00fcy\u00fck keyif alacaklard\u0131r.\u201d \u2013The TimesEdit\u00f6rl\u00fc\u011f\u00fc Christina Scull ve Wayne G. Hammond taraf\u0131ndan yap\u0131lan bu edisyonda, hik\u00e2yenin Tolkien\u2019in di\u011fer eserleri olan Hobbit\u2019le,Silmarillion\u2019la ve Noel Baba\u2019dan Mektuplar\u2019la olan ili\u015fkisini detayland\u0131ran bir \u00f6ns\u00f6z bulunuyor. Bunlar\u0131n yan\u0131 s\u0131ra Tolkien\u2019in elinden \u00e7\u0131kmaill\u00fcstrasyonlar da metinlere e\u015flik ediyor. <\/p>\n","protected":false},"excerpt":{"rendered":"<p>J.R.R. Tolkien\u2019in yazd\u0131\u011f\u0131 ilk \u00e7ocuk hik\u00e2yesi.1925 y\u0131l\u0131nda, d\u00f6rt ya\u015f\u0131ndaki Michael Tolkien kumsalda g\u00f6zdesi olan oyuncak k\u00f6\u011fe\u011fini kaybetti. O\u011flunu teselli etmek i\u00e7in J.R.R. Tolkien, b\u00fcy\u00fcyle oyunca\u011fa d\u00f6n\u00fc\u015ft\u00fcr\u00fclen<span class=\"excerpt-hellip\"> [\u2026]<\/span><\/p>\n","protected":false},"featured_media":0,"template":"","meta":{"_monsterinsights_skip_tracking":false,"_monsterinsights_sitenote_active":false,"_monsterinsights_sitenote_note":"","_monsterinsights_sitenote_category":0},"product_brand":[],"product_cat":[12291,14777],"product_tag":[],"class_list":{"0":"post-711512","1":"product","2":"type-product","3":"status-publish","5":"product_cat-edebiyat","6":"product_cat-fantastik","7":"pa_cilt-ciltli","8":"pa_tur-kitap","9":"pa_yayinevi-ithaki-yayinlari","10":"pa_yazar-j-r-r-tolkien","12":"first","13":"instock","14":"sale","15":"shipping-taxable","16":"purchasable","17":"product-type-simple"},"_links":{"self":[{"href":"https:\/\/roveyayinevi.com.tr\/index.php\/wp-json\/wp\/v2\/product\/711512","targetHints":{"allow":["GET"]}}],"collection":[{"href":"https:\/\/roveyayinevi.com.tr\/index.php\/wp-json\/wp\/v2\/product"}],"about":[{"href":"https:\/\/roveyayinevi.com.tr\/index.php\/wp-json\/wp\/v2\/types\/product"}],"wp:attachment":[{"href":"https:\/\/roveyayinevi.com.tr\/index.php\/wp-json\/wp\/v2\/media?parent=711512"}],"wp:term":[{"taxonomy":"product_brand","embeddable":true,"href":"https:\/\/roveyayinevi.com.tr\/index.php\/wp-json\/wp\/v2\/product_brand?post=711512"},{"taxonomy":"product_cat","embeddable":true,"href":"https:\/\/roveyayinevi.com.tr\/index.php\/wp-json\/wp\/v2\/product_cat?post=711512"},{"taxonomy":"product_tag","embeddable":true,"href":"https:\/\/roveyayinevi.com.tr\/index.php\/wp-json\/wp\/v2\/product_tag?post=711512"}],"curies":[{"name":"wp","href":"https:\/\/api.w.org\/{rel}","templated":true}]}}